{"id":1525,"date":"2022-08-10T18:06:28","date_gmt":"2022-08-10T18:06:28","guid":{"rendered":"https:\/\/supreme-appliances.com\/?post_type=product&#038;p=1525"},"modified":"2023-10-27T12:31:33","modified_gmt":"2023-10-27T12:31:33","slug":"lg-single-unit-front-load-lg-washtower-with-center-control-4-5-cu-ft-washer-and-7-4-cu-ft-electric-dryer","status":"publish","type":"product","link":"https:\/\/supreme-appliances.com\/es\/shop\/lg\/lg-single-unit-front-load-lg-washtower-with-center-control-4-5-cu-ft-washer-and-7-4-cu-ft-electric-dryer\/","title":{"rendered":"Lavadora LG WashTower\u2122 de carga frontal de una unidad con Center Control\u2122 de 4,5 pies c\u00fab. y secadora el\u00e9ctrica de 7,4 pies c\u00fab."},"content":{"rendered":"","protected":false},"excerpt":{"rendered":"<p><strong>Modelo:<\/strong> WKEX200HBA<\/p>\n<p><strong>Caracter\u00edsticas principales:<\/strong><\/p>\n<p>Lavadora de gran capacidad de 4,5 pies c\u00fab. y secadora de 7,4 pies c\u00fab. Secadora<br \/>\nDise\u00f1o WashTower\u2122 de una sola unidad<br \/>\nInteligencia incorporada - AI Fabric Sensors\/Smart Learner\/Smart Pairing\u2122.<br \/>\nLavado y secado avanzados - Ciclo de lavado TurboWash\u2122 360\u00b0\/Allergiene\u2122\/ TurboSteam\u2122.<br \/>\nTecnolog\u00eda ThinQ\u00ae \/ Atenci\u00f3n al cliente proactiva<br \/>\nPuertas de cristal templado<\/p>","protected":false},"featured_media":1526,"comment_status":"closed","ping_status":"closed","template":"","meta":{"site-sidebar-layout":"default","site-content-layout":"default","ast-site-content-layout":"default","site-content-style":"default","site-sidebar-style":"default","ast-global-header-display":"","ast-banner-title-visibility":"","ast-main-header-display":"","ast-hfb-above-header-display":"","ast-hfb-below-header-display":"","ast-hfb-mobile-header-display":"","site-post-title":"","ast-breadcrumbs-content":"","ast-featured-img":"","footer-sml-layout":"","ast-disable-related-posts":"","theme-transparent-header-meta":"default","adv-header-id-meta":"","stick-header-meta":"","header-above-stick-meta":"","header-main-stick-meta":"","header-below-stick-meta":"","astra-migrate-meta-layouts":"set","ast-page-background-enabled":"default","ast-page-background-meta":{"desktop":{"background-color":"var(--ast-global-color-4)","background-image":"","background-repeat":"repeat","background-position":"center center","background-size":"auto","background-attachment":"scroll","background-type":"","background-media":"","overlay-type":"","overlay-color":"","overlay-opacity":"","overlay-gradient":""},"tablet":{"background-color":"","background-image":"","background-repeat":"repeat","background-position":"center center","background-size":"auto","background-attachment":"scroll","background-type":"","background-media":"","overlay-type":"","overlay-color":"","overlay-opacity":"","overlay-gradient":""},"mobile":{"background-color":"","background-image":"","background-repeat":"repeat","background-position":"center center","background-size":"auto","background-attachment":"scroll","background-type":"","background-media":"","overlay-type":"","overlay-color":"","overlay-opacity":"","overlay-gradient":""}},"ast-content-background-meta":{"desktop":{"background-color":"var(--ast-global-color-5)","background-image":"","background-repeat":"repeat","background-position":"center center","background-size":"auto","background-attachment":"scroll","background-type":"","background-media":"","overlay-type":"","overlay-color":"","overlay-opacity":"","overlay-gradient":""},"tablet":{"background-color":"var(--ast-global-color-5)","background-image":"","background-repeat":"repeat","background-position":"center center","background-size":"auto","background-attachment":"scroll","background-type":"","background-media":"","overlay-type":"","overlay-color":"","overlay-opacity":"","overlay-gradient":""},"mobile":{"background-color":"var(--ast-global-color-5)","background-image":"","background-repeat":"repeat","background-position":"center center","background-size":"auto","background-attachment":"scroll","background-type":"","background-media":"","overlay-type":"","overlay-color":"","overlay-opacity":"","overlay-gradient":""}},"_joinchat":[]},"product_brand":[],"product_cat":[36,40],"product_tag":[],"class_list":{"0":"post-1525","1":"product","2":"type-product","3":"status-publish","4":"has-post-thumbnail","6":"product_cat-lg","7":"product_cat-wash-towers","8":"desktop-align-left","9":"tablet-align-left","10":"mobile-align-left","12":"first","13":"instock","14":"shipping-taxable","15":"product-type-simple"},"yoast_head":"<!-- This site is optimized with the Yoast SEO plugin v27.2 - https:\/\/yoast.com\/product\/yoast-seo-wordpress\/ -->\n<title>LG Single Unit Front Load LG WashTower&#x2122; with Center Control&#x2122; 4.5 cu. ft. Washer and 7.4 cu. ft. Electric Dryer - Supreme Appliances<\/title>\n<meta name=\"robots\" content=\"index, follow, max-snippet:-1, max-image-preview:large, max-video-preview:-1\" \/>\n<link rel=\"canonical\" href=\"https:\/\/supreme-appliances.com\/es\/shop\/lg\/lg-single-unit-front-load-lg-washtower-with-center-control-4-5-cu-ft-washer-and-7-4-cu-ft-electric-dryer\/\" \/>\n<meta property=\"og:locale\" content=\"es_ES\" \/>\n<meta property=\"og:type\" content=\"article\" \/>\n<meta property=\"og:title\" content=\"LG Single Unit Front Load LG WashTower&#x2122; with Center Control&#x2122; 4.5 cu. ft. Washer and 7.4 cu. ft. Electric Dryer - Supreme Appliances\" \/>\n<meta property=\"og:description\" content=\"Model: WKEX200HBA  Key Features:  Ultra Large Capacity 4.5 cu.ft. Washer and 7.4 cu.ft. Dryer Single Unit WashTower&#x2122; Design Built-In Intelligence - AI Fabric Sensors\/Smart Learner\/Smart Pairing&#x2122; Advanced Washing &amp; Drying - TurboWash&#x2122; 360\u00b0\/Allergiene&#x2122; wash cycle\/ TurboSteam&#x2122; ThinQ\u00ae Technology \/ Proactive Customer Care Tempered Glass Doors\" \/>\n<meta property=\"og:url\" content=\"https:\/\/supreme-appliances.com\/es\/shop\/lg\/lg-single-unit-front-load-lg-washtower-with-center-control-4-5-cu-ft-washer-and-7-4-cu-ft-electric-dryer\/\" \/>\n<meta property=\"og:site_name\" content=\"Supreme Appliances\" \/>\n<meta property=\"article:publisher\" content=\"https:\/\/www.facebook.com\/supremeappliancesllc\/\" \/>\n<meta property=\"article:modified_time\" content=\"2023-10-27T12:31:33+00:00\" \/>\n<meta property=\"og:image\" content=\"https:\/\/supreme-appliances.com\/wp-content\/uploads\/2022\/08\/frbuuiplhngm-transformed.png\" \/>\n\t<meta property=\"og:image:width\" content=\"280\" \/>\n\t<meta property=\"og:image:height\" content=\"280\" \/>\n\t<meta property=\"og:image:type\" content=\"image\/png\" \/>\n<meta name=\"twitter:card\" content=\"summary_large_image\" \/>\n<script type=\"application\/ld+json\" class=\"yoast-schema-graph\">{\"@context\":\"https:\/\/schema.org\",\"@graph\":[{\"@type\":\"WebPage\",\"@id\":\"https:\/\/supreme-appliances.com\/shop\/lg\/lg-single-unit-front-load-lg-washtower-with-center-control-4-5-cu-ft-washer-and-7-4-cu-ft-electric-dryer\/\",\"url\":\"https:\/\/supreme-appliances.com\/shop\/lg\/lg-single-unit-front-load-lg-washtower-with-center-control-4-5-cu-ft-washer-and-7-4-cu-ft-electric-dryer\/\",\"name\":\"LG Single Unit Front Load LG WashTower&#x2122; with Center Control&#x2122; 4.5 cu. ft. Washer and 7.4 cu. ft. Electric Dryer - Supreme Appliances\",\"isPartOf\":{\"@id\":\"https:\/\/supreme-appliances.com\/#website\"},\"primaryImageOfPage\":{\"@id\":\"https:\/\/supreme-appliances.com\/shop\/lg\/lg-single-unit-front-load-lg-washtower-with-center-control-4-5-cu-ft-washer-and-7-4-cu-ft-electric-dryer\/#primaryimage\"},\"image\":{\"@id\":\"https:\/\/supreme-appliances.com\/shop\/lg\/lg-single-unit-front-load-lg-washtower-with-center-control-4-5-cu-ft-washer-and-7-4-cu-ft-electric-dryer\/#primaryimage\"},\"thumbnailUrl\":\"https:\/\/supreme-appliances.com\/wp-content\/uploads\/2022\/08\/frbuuiplhngm-transformed.png\",\"datePublished\":\"2022-08-10T18:06:28+00:00\",\"dateModified\":\"2023-10-27T12:31:33+00:00\",\"breadcrumb\":{\"@id\":\"https:\/\/supreme-appliances.com\/shop\/lg\/lg-single-unit-front-load-lg-washtower-with-center-control-4-5-cu-ft-washer-and-7-4-cu-ft-electric-dryer\/#breadcrumb\"},\"inLanguage\":\"es\",\"potentialAction\":[{\"@type\":\"ReadAction\",\"target\":[\"https:\/\/supreme-appliances.com\/shop\/lg\/lg-single-unit-front-load-lg-washtower-with-center-control-4-5-cu-ft-washer-and-7-4-cu-ft-electric-dryer\/\"]}]},{\"@type\":\"ImageObject\",\"inLanguage\":\"es\",\"@id\":\"https:\/\/supreme-appliances.com\/shop\/lg\/lg-single-unit-front-load-lg-washtower-with-center-control-4-5-cu-ft-washer-and-7-4-cu-ft-electric-dryer\/#primaryimage\",\"url\":\"https:\/\/supreme-appliances.com\/wp-content\/uploads\/2022\/08\/frbuuiplhngm-transformed.png\",\"contentUrl\":\"https:\/\/supreme-appliances.com\/wp-content\/uploads\/2022\/08\/frbuuiplhngm-transformed.png\",\"width\":280,\"height\":280,\"caption\":\"Single Unit Front Load LG WashTower\u2122 with Center Control\u2122 4.5 cu. ft. Washer and 7.4 cu. ft. Electric Dryer\"},{\"@type\":\"BreadcrumbList\",\"@id\":\"https:\/\/supreme-appliances.com\/shop\/lg\/lg-single-unit-front-load-lg-washtower-with-center-control-4-5-cu-ft-washer-and-7-4-cu-ft-electric-dryer\/#breadcrumb\",\"itemListElement\":[{\"@type\":\"ListItem\",\"position\":1,\"name\":\"Home\",\"item\":\"https:\/\/supreme-appliances.com\/\"},{\"@type\":\"ListItem\",\"position\":2,\"name\":\"Shop\",\"item\":\"https:\/\/supreme-appliances.com\/shop\/\"},{\"@type\":\"ListItem\",\"position\":3,\"name\":\"LG Single Unit Front Load LG WashTower&#x2122; with Center Control&#x2122; 4.5 cu. ft. Washer and 7.4 cu. ft. Electric Dryer\"}]},{\"@type\":\"WebSite\",\"@id\":\"https:\/\/supreme-appliances.com\/#website\",\"url\":\"https:\/\/supreme-appliances.com\/\",\"name\":\"supreme-appliances.com\",\"description\":\"Supreme Appliances\",\"publisher\":{\"@id\":\"https:\/\/supreme-appliances.com\/#organization\"},\"potentialAction\":[{\"@type\":\"SearchAction\",\"target\":{\"@type\":\"EntryPoint\",\"urlTemplate\":\"https:\/\/supreme-appliances.com\/?s={search_term_string}\"},\"query-input\":{\"@type\":\"PropertyValueSpecification\",\"valueRequired\":true,\"valueName\":\"search_term_string\"}}],\"inLanguage\":\"es\"},{\"@type\":\"Organization\",\"@id\":\"https:\/\/supreme-appliances.com\/#organization\",\"name\":\"Supreme Appliances\",\"url\":\"https:\/\/supreme-appliances.com\/\",\"logo\":{\"@type\":\"ImageObject\",\"inLanguage\":\"es\",\"@id\":\"https:\/\/supreme-appliances.com\/#\/schema\/logo\/image\/\",\"url\":\"https:\/\/supreme-appliances.com\/wp-content\/uploads\/2022\/08\/product.png\",\"contentUrl\":\"https:\/\/supreme-appliances.com\/wp-content\/uploads\/2022\/08\/product.png\",\"width\":577,\"height\":433,\"caption\":\"Supreme Appliances\"},\"image\":{\"@id\":\"https:\/\/supreme-appliances.com\/#\/schema\/logo\/image\/\"},\"sameAs\":[\"https:\/\/www.facebook.com\/supremeappliancesllc\/\"]}]}<\/script>\n<!-- \/ Yoast SEO plugin. -->","yoast_head_json":{"title":"LG Single Unit Front Load LG WashTower&#x2122; with Center Control&#x2122; 4.5 cu. ft. Washer and 7.4 cu. ft. Electric Dryer - Supreme Appliances","robots":{"index":"index","follow":"follow","max-snippet":"max-snippet:-1","max-image-preview":"max-image-preview:large","max-video-preview":"max-video-preview:-1"},"canonical":"https:\/\/supreme-appliances.com\/es\/shop\/lg\/lg-single-unit-front-load-lg-washtower-with-center-control-4-5-cu-ft-washer-and-7-4-cu-ft-electric-dryer\/","og_locale":"es_ES","og_type":"article","og_title":"LG Single Unit Front Load LG WashTower&#x2122; with Center Control&#x2122; 4.5 cu. ft. Washer and 7.4 cu. ft. Electric Dryer - Supreme Appliances","og_description":"Model: WKEX200HBA  Key Features:  Ultra Large Capacity 4.5 cu.ft. Washer and 7.4 cu.ft. Dryer Single Unit WashTower&#x2122; Design Built-In Intelligence - AI Fabric Sensors\/Smart Learner\/Smart Pairing&#x2122; Advanced Washing &amp; Drying - TurboWash&#x2122; 360\u00b0\/Allergiene&#x2122; wash cycle\/ TurboSteam&#x2122; ThinQ\u00ae Technology \/ Proactive Customer Care Tempered Glass Doors","og_url":"https:\/\/supreme-appliances.com\/es\/shop\/lg\/lg-single-unit-front-load-lg-washtower-with-center-control-4-5-cu-ft-washer-and-7-4-cu-ft-electric-dryer\/","og_site_name":"Supreme Appliances","article_publisher":"https:\/\/www.facebook.com\/supremeappliancesllc\/","article_modified_time":"2023-10-27T12:31:33+00:00","og_image":[{"width":280,"height":280,"url":"https:\/\/supreme-appliances.com\/wp-content\/uploads\/2022\/08\/frbuuiplhngm-transformed.png","type":"image\/png"}],"twitter_card":"summary_large_image","schema":{"@context":"https:\/\/schema.org","@graph":[{"@type":"WebPage","@id":"https:\/\/supreme-appliances.com\/shop\/lg\/lg-single-unit-front-load-lg-washtower-with-center-control-4-5-cu-ft-washer-and-7-4-cu-ft-electric-dryer\/","url":"https:\/\/supreme-appliances.com\/shop\/lg\/lg-single-unit-front-load-lg-washtower-with-center-control-4-5-cu-ft-washer-and-7-4-cu-ft-electric-dryer\/","name":"LG Single Unit Front Load LG WashTower&#x2122; with Center Control&#x2122; 4.5 cu. ft. Washer and 7.4 cu. ft. Electric Dryer - Supreme Appliances","isPartOf":{"@id":"https:\/\/supreme-appliances.com\/#website"},"primaryImageOfPage":{"@id":"https:\/\/supreme-appliances.com\/shop\/lg\/lg-single-unit-front-load-lg-washtower-with-center-control-4-5-cu-ft-washer-and-7-4-cu-ft-electric-dryer\/#primaryimage"},"image":{"@id":"https:\/\/supreme-appliances.com\/shop\/lg\/lg-single-unit-front-load-lg-washtower-with-center-control-4-5-cu-ft-washer-and-7-4-cu-ft-electric-dryer\/#primaryimage"},"thumbnailUrl":"https:\/\/supreme-appliances.com\/wp-content\/uploads\/2022\/08\/frbuuiplhngm-transformed.png","datePublished":"2022-08-10T18:06:28+00:00","dateModified":"2023-10-27T12:31:33+00:00","breadcrumb":{"@id":"https:\/\/supreme-appliances.com\/shop\/lg\/lg-single-unit-front-load-lg-washtower-with-center-control-4-5-cu-ft-washer-and-7-4-cu-ft-electric-dryer\/#breadcrumb"},"inLanguage":"es","potentialAction":[{"@type":"ReadAction","target":["https:\/\/supreme-appliances.com\/shop\/lg\/lg-single-unit-front-load-lg-washtower-with-center-control-4-5-cu-ft-washer-and-7-4-cu-ft-electric-dryer\/"]}]},{"@type":"ImageObject","inLanguage":"es","@id":"https:\/\/supreme-appliances.com\/shop\/lg\/lg-single-unit-front-load-lg-washtower-with-center-control-4-5-cu-ft-washer-and-7-4-cu-ft-electric-dryer\/#primaryimage","url":"https:\/\/supreme-appliances.com\/wp-content\/uploads\/2022\/08\/frbuuiplhngm-transformed.png","contentUrl":"https:\/\/supreme-appliances.com\/wp-content\/uploads\/2022\/08\/frbuuiplhngm-transformed.png","width":280,"height":280,"caption":"Single Unit Front Load LG WashTower\u2122 with Center Control\u2122 4.5 cu. ft. Washer and 7.4 cu. ft. Electric Dryer"},{"@type":"BreadcrumbList","@id":"https:\/\/supreme-appliances.com\/shop\/lg\/lg-single-unit-front-load-lg-washtower-with-center-control-4-5-cu-ft-washer-and-7-4-cu-ft-electric-dryer\/#breadcrumb","itemListElement":[{"@type":"ListItem","position":1,"name":"Home","item":"https:\/\/supreme-appliances.com\/"},{"@type":"ListItem","position":2,"name":"Shop","item":"https:\/\/supreme-appliances.com\/shop\/"},{"@type":"ListItem","position":3,"name":"LG Single Unit Front Load LG WashTower&#x2122; with Center Control&#x2122; 4.5 cu. ft. Washer and 7.4 cu. ft. Electric Dryer"}]},{"@type":"WebSite","@id":"https:\/\/supreme-appliances.com\/#website","url":"https:\/\/supreme-appliances.com\/","name":"supreme-appliances.es","description":"Electrodom\u00e9sticos Supreme","publisher":{"@id":"https:\/\/supreme-appliances.com\/#organization"},"potentialAction":[{"@type":"SearchAction","target":{"@type":"EntryPoint","urlTemplate":"https:\/\/supreme-appliances.com\/?s={search_term_string}"},"query-input":{"@type":"PropertyValueSpecification","valueRequired":true,"valueName":"search_term_string"}}],"inLanguage":"es"},{"@type":"Organization","@id":"https:\/\/supreme-appliances.com\/#organization","name":"Electrodom\u00e9sticos Supreme","url":"https:\/\/supreme-appliances.com\/","logo":{"@type":"ImageObject","inLanguage":"es","@id":"https:\/\/supreme-appliances.com\/#\/schema\/logo\/image\/","url":"https:\/\/supreme-appliances.com\/wp-content\/uploads\/2022\/08\/product.png","contentUrl":"https:\/\/supreme-appliances.com\/wp-content\/uploads\/2022\/08\/product.png","width":577,"height":433,"caption":"Supreme Appliances"},"image":{"@id":"https:\/\/supreme-appliances.com\/#\/schema\/logo\/image\/"},"sameAs":["https:\/\/www.facebook.com\/supremeappliancesllc\/"]}]}},"_links":{"self":[{"href":"https:\/\/supreme-appliances.com\/es\/wp-json\/wp\/v2\/product\/1525","targetHints":{"allow":["GET"]}}],"collection":[{"href":"https:\/\/supreme-appliances.com\/es\/wp-json\/wp\/v2\/product"}],"about":[{"href":"https:\/\/supreme-appliances.com\/es\/wp-json\/wp\/v2\/types\/product"}],"replies":[{"embeddable":true,"href":"https:\/\/supreme-appliances.com\/es\/wp-json\/wp\/v2\/comments?post=1525"}],"version-history":[{"count":1,"href":"https:\/\/supreme-appliances.com\/es\/wp-json\/wp\/v2\/product\/1525\/revisions"}],"predecessor-version":[{"id":5070,"href":"https:\/\/supreme-appliances.com\/es\/wp-json\/wp\/v2\/product\/1525\/revisions\/5070"}],"wp:featuredmedia":[{"embeddable":true,"href":"https:\/\/supreme-appliances.com\/es\/wp-json\/wp\/v2\/media\/1526"}],"wp:attachment":[{"href":"https:\/\/supreme-appliances.com\/es\/wp-json\/wp\/v2\/media?parent=1525"}],"wp:term":[{"taxonomy":"product_brand","embeddable":true,"href":"https:\/\/supreme-appliances.com\/es\/wp-json\/wp\/v2\/product_brand?post=1525"},{"taxonomy":"product_cat","embeddable":true,"href":"https:\/\/supreme-appliances.com\/es\/wp-json\/wp\/v2\/product_cat?post=1525"},{"taxonomy":"product_tag","embeddable":true,"href":"https:\/\/supreme-appliances.com\/es\/wp-json\/wp\/v2\/product_tag?post=1525"}],"curies":[{"name":"wp","href":"https:\/\/api.w.org\/{rel}","templated":true}]}}