{"id":1580,"date":"2022-08-12T17:12:30","date_gmt":"2022-08-12T17:12:30","guid":{"rendered":"https:\/\/supreme-appliances.com\/?post_type=product&#038;p=1580"},"modified":"2023-10-27T12:13:41","modified_gmt":"2023-10-27T12:13:41","slug":"samsung-6-3-cu-ft-smart-freestanding-electric-range-with-rapid-boil-self-clean-in-stainless-steel","status":"publish","type":"product","link":"https:\/\/supreme-appliances.com\/es\/shop\/samsung\/samsung-6-3-cu-ft-smart-freestanding-electric-range-with-rapid-boil-self-clean-in-stainless-steel\/","title":{"rendered":"Cocina el\u00e9ctrica independiente inteligente Samsung de 6,3 pies c\u00fabicos con Rapid Boil\u2122 y autolimpieza en acero inoxidable"},"content":{"rendered":"","protected":false},"excerpt":{"rendered":"<p>Modelo: NE63A6311SS<\/p>\n<p>Caracter\u00edsticas principales:<\/p>\n<p>Mejore el aspecto de su cocina con la nueva cocina el\u00e9ctrica independiente Smart. Nuestro dise\u00f1o en acero inoxidable envuelve con elegancia los laterales de la placa y el panel de control. La tecnolog\u00eda mejorada hace que cocinar sea sencillo y divertido.<\/p>","protected":false},"featured_media":1581,"comment_status":"closed","ping_status":"closed","template":"","meta":{"site-sidebar-layout":"default","site-content-layout":"default","ast-site-content-layout":"default","site-content-style":"default","site-sidebar-style":"default","ast-global-header-display":"","ast-banner-title-visibility":"","ast-main-header-display":"","ast-hfb-above-header-display":"","ast-hfb-below-header-display":"","ast-hfb-mobile-header-display":"","site-post-title":"","ast-breadcrumbs-content":"","ast-featured-img":"","footer-sml-layout":"","ast-disable-related-posts":"","theme-transparent-header-meta":"default","adv-header-id-meta":"","stick-header-meta":"","header-above-stick-meta":"","header-main-stick-meta":"","header-below-stick-meta":"","astra-migrate-meta-layouts":"set","ast-page-background-enabled":"default","ast-page-background-meta":{"desktop":{"background-color":"var(--ast-global-color-4)","background-image":"","background-repeat":"repeat","background-position":"center center","background-size":"auto","background-attachment":"scroll","background-type":"","background-media":"","overlay-type":"","overlay-color":"","overlay-opacity":"","overlay-gradient":""},"tablet":{"background-color":"","background-image":"","background-repeat":"repeat","background-position":"center center","background-size":"auto","background-attachment":"scroll","background-type":"","background-media":"","overlay-type":"","overlay-color":"","overlay-opacity":"","overlay-gradient":""},"mobile":{"background-color":"","background-image":"","background-repeat":"repeat","background-position":"center center","background-size":"auto","background-attachment":"scroll","background-type":"","background-media":"","overlay-type":"","overlay-color":"","overlay-opacity":"","overlay-gradient":""}},"ast-content-background-meta":{"desktop":{"background-color":"var(--ast-global-color-5)","background-image":"","background-repeat":"repeat","background-position":"center center","background-size":"auto","background-attachment":"scroll","background-type":"","background-media":"","overlay-type":"","overlay-color":"","overlay-opacity":"","overlay-gradient":""},"tablet":{"background-color":"var(--ast-global-color-5)","background-image":"","background-repeat":"repeat","background-position":"center center","background-size":"auto","background-attachment":"scroll","background-type":"","background-media":"","overlay-type":"","overlay-color":"","overlay-opacity":"","overlay-gradient":""},"mobile":{"background-color":"var(--ast-global-color-5)","background-image":"","background-repeat":"repeat","background-position":"center center","background-size":"auto","background-attachment":"scroll","background-type":"","background-media":"","overlay-type":"","overlay-color":"","overlay-opacity":"","overlay-gradient":""}},"_joinchat":[]},"product_brand":[],"product_cat":[45,21],"product_tag":[46,41],"class_list":{"0":"post-1580","1":"product","2":"type-product","3":"status-publish","4":"has-post-thumbnail","6":"product_cat-electric-range","7":"product_cat-samsung","8":"product_tag-electric-range","9":"product_tag-samsung","10":"desktop-align-left","11":"tablet-align-left","12":"mobile-align-left","14":"first","15":"instock","16":"shipping-taxable","17":"product-type-simple"},"yoast_head":"<!-- This site is optimized with the Yoast SEO plugin v27.2 - https:\/\/yoast.com\/product\/yoast-seo-wordpress\/ -->\n<title>Samsung 6.3 cu. ft. Smart Freestanding Electric Range with Rapid Boil&#x2122; &amp; Self Clean in Stainless Steel - Supreme Appliances<\/title>\n<meta name=\"robots\" content=\"index, follow, max-snippet:-1, max-image-preview:large, max-video-preview:-1\" \/>\n<link rel=\"canonical\" href=\"https:\/\/supreme-appliances.com\/es\/shop\/samsung\/samsung-6-3-cu-ft-smart-freestanding-electric-range-with-rapid-boil-self-clean-in-stainless-steel\/\" \/>\n<meta property=\"og:locale\" content=\"es_ES\" \/>\n<meta property=\"og:type\" content=\"article\" \/>\n<meta property=\"og:title\" content=\"Samsung 6.3 cu. ft. Smart Freestanding Electric Range with Rapid Boil&#x2122; &amp; Self Clean in Stainless Steel - Supreme Appliances\" \/>\n<meta property=\"og:description\" content=\"Model: NE63A6311SS  Key Features:  Elevate the look of your kitchen with the new Smart Freestanding Electric Range. Our Stainless Steel design elegantly wraps around cooktop sides and up through the slim control panel. Upgraded technology makes cooking simple and fun.\" \/>\n<meta property=\"og:url\" content=\"https:\/\/supreme-appliances.com\/es\/shop\/samsung\/samsung-6-3-cu-ft-smart-freestanding-electric-range-with-rapid-boil-self-clean-in-stainless-steel\/\" \/>\n<meta property=\"og:site_name\" content=\"Supreme Appliances\" \/>\n<meta property=\"article:publisher\" content=\"https:\/\/www.facebook.com\/supremeappliancesllc\/\" \/>\n<meta property=\"article:modified_time\" content=\"2023-10-27T12:13:41+00:00\" \/>\n<meta property=\"og:image\" content=\"https:\/\/supreme-appliances.com\/wp-content\/uploads\/2022\/08\/frcyrysanlhq-transformed.png\" \/>\n\t<meta property=\"og:image:width\" content=\"280\" \/>\n\t<meta property=\"og:image:height\" content=\"280\" \/>\n\t<meta property=\"og:image:type\" content=\"image\/png\" \/>\n<meta name=\"twitter:card\" content=\"summary_large_image\" \/>\n<script type=\"application\/ld+json\" class=\"yoast-schema-graph\">{\"@context\":\"https:\/\/schema.org\",\"@graph\":[{\"@type\":\"WebPage\",\"@id\":\"https:\/\/supreme-appliances.com\/shop\/samsung\/samsung-6-3-cu-ft-smart-freestanding-electric-range-with-rapid-boil-self-clean-in-stainless-steel\/\",\"url\":\"https:\/\/supreme-appliances.com\/shop\/samsung\/samsung-6-3-cu-ft-smart-freestanding-electric-range-with-rapid-boil-self-clean-in-stainless-steel\/\",\"name\":\"Samsung 6.3 cu. ft. Smart Freestanding Electric Range with Rapid Boil&#x2122; & Self Clean in Stainless Steel - Supreme Appliances\",\"isPartOf\":{\"@id\":\"https:\/\/supreme-appliances.com\/#website\"},\"primaryImageOfPage\":{\"@id\":\"https:\/\/supreme-appliances.com\/shop\/samsung\/samsung-6-3-cu-ft-smart-freestanding-electric-range-with-rapid-boil-self-clean-in-stainless-steel\/#primaryimage\"},\"image\":{\"@id\":\"https:\/\/supreme-appliances.com\/shop\/samsung\/samsung-6-3-cu-ft-smart-freestanding-electric-range-with-rapid-boil-self-clean-in-stainless-steel\/#primaryimage\"},\"thumbnailUrl\":\"https:\/\/supreme-appliances.com\/wp-content\/uploads\/2022\/08\/frcyrysanlhq-transformed.png\",\"datePublished\":\"2022-08-12T17:12:30+00:00\",\"dateModified\":\"2023-10-27T12:13:41+00:00\",\"breadcrumb\":{\"@id\":\"https:\/\/supreme-appliances.com\/shop\/samsung\/samsung-6-3-cu-ft-smart-freestanding-electric-range-with-rapid-boil-self-clean-in-stainless-steel\/#breadcrumb\"},\"inLanguage\":\"es\",\"potentialAction\":[{\"@type\":\"ReadAction\",\"target\":[\"https:\/\/supreme-appliances.com\/shop\/samsung\/samsung-6-3-cu-ft-smart-freestanding-electric-range-with-rapid-boil-self-clean-in-stainless-steel\/\"]}]},{\"@type\":\"ImageObject\",\"inLanguage\":\"es\",\"@id\":\"https:\/\/supreme-appliances.com\/shop\/samsung\/samsung-6-3-cu-ft-smart-freestanding-electric-range-with-rapid-boil-self-clean-in-stainless-steel\/#primaryimage\",\"url\":\"https:\/\/supreme-appliances.com\/wp-content\/uploads\/2022\/08\/frcyrysanlhq-transformed.png\",\"contentUrl\":\"https:\/\/supreme-appliances.com\/wp-content\/uploads\/2022\/08\/frcyrysanlhq-transformed.png\",\"width\":280,\"height\":280,\"caption\":\"6.3 cu. ft. Smart Freestanding Electric Range with Rapid Boil\u2122 & Self Clean in Stainless Steel\"},{\"@type\":\"BreadcrumbList\",\"@id\":\"https:\/\/supreme-appliances.com\/shop\/samsung\/samsung-6-3-cu-ft-smart-freestanding-electric-range-with-rapid-boil-self-clean-in-stainless-steel\/#breadcrumb\",\"itemListElement\":[{\"@type\":\"ListItem\",\"position\":1,\"name\":\"Home\",\"item\":\"https:\/\/supreme-appliances.com\/\"},{\"@type\":\"ListItem\",\"position\":2,\"name\":\"Shop\",\"item\":\"https:\/\/supreme-appliances.com\/shop\/\"},{\"@type\":\"ListItem\",\"position\":3,\"name\":\"Samsung 6.3 cu. ft. Smart Freestanding Electric Range with Rapid Boil&#x2122; &#038; Self Clean in Stainless Steel\"}]},{\"@type\":\"WebSite\",\"@id\":\"https:\/\/supreme-appliances.com\/#website\",\"url\":\"https:\/\/supreme-appliances.com\/\",\"name\":\"supreme-appliances.com\",\"description\":\"Supreme Appliances\",\"publisher\":{\"@id\":\"https:\/\/supreme-appliances.com\/#organization\"},\"potentialAction\":[{\"@type\":\"SearchAction\",\"target\":{\"@type\":\"EntryPoint\",\"urlTemplate\":\"https:\/\/supreme-appliances.com\/?s={search_term_string}\"},\"query-input\":{\"@type\":\"PropertyValueSpecification\",\"valueRequired\":true,\"valueName\":\"search_term_string\"}}],\"inLanguage\":\"es\"},{\"@type\":\"Organization\",\"@id\":\"https:\/\/supreme-appliances.com\/#organization\",\"name\":\"Supreme Appliances\",\"url\":\"https:\/\/supreme-appliances.com\/\",\"logo\":{\"@type\":\"ImageObject\",\"inLanguage\":\"es\",\"@id\":\"https:\/\/supreme-appliances.com\/#\/schema\/logo\/image\/\",\"url\":\"https:\/\/supreme-appliances.com\/wp-content\/uploads\/2022\/08\/product.png\",\"contentUrl\":\"https:\/\/supreme-appliances.com\/wp-content\/uploads\/2022\/08\/product.png\",\"width\":577,\"height\":433,\"caption\":\"Supreme Appliances\"},\"image\":{\"@id\":\"https:\/\/supreme-appliances.com\/#\/schema\/logo\/image\/\"},\"sameAs\":[\"https:\/\/www.facebook.com\/supremeappliancesllc\/\"]}]}<\/script>\n<!-- \/ Yoast SEO plugin. -->","yoast_head_json":{"title":"Samsung 6.3 cu. ft. Smart Freestanding Electric Range with Rapid Boil&#x2122; & Self Clean in Stainless Steel - Supreme Appliances","robots":{"index":"index","follow":"follow","max-snippet":"max-snippet:-1","max-image-preview":"max-image-preview:large","max-video-preview":"max-video-preview:-1"},"canonical":"https:\/\/supreme-appliances.com\/es\/shop\/samsung\/samsung-6-3-cu-ft-smart-freestanding-electric-range-with-rapid-boil-self-clean-in-stainless-steel\/","og_locale":"es_ES","og_type":"article","og_title":"Samsung 6.3 cu. ft. Smart Freestanding Electric Range with Rapid Boil&#x2122; & Self Clean in Stainless Steel - Supreme Appliances","og_description":"Model: NE63A6311SS  Key Features:  Elevate the look of your kitchen with the new Smart Freestanding Electric Range. Our Stainless Steel design elegantly wraps around cooktop sides and up through the slim control panel. Upgraded technology makes cooking simple and fun.","og_url":"https:\/\/supreme-appliances.com\/es\/shop\/samsung\/samsung-6-3-cu-ft-smart-freestanding-electric-range-with-rapid-boil-self-clean-in-stainless-steel\/","og_site_name":"Supreme Appliances","article_publisher":"https:\/\/www.facebook.com\/supremeappliancesllc\/","article_modified_time":"2023-10-27T12:13:41+00:00","og_image":[{"width":280,"height":280,"url":"https:\/\/supreme-appliances.com\/wp-content\/uploads\/2022\/08\/frcyrysanlhq-transformed.png","type":"image\/png"}],"twitter_card":"summary_large_image","schema":{"@context":"https:\/\/schema.org","@graph":[{"@type":"WebPage","@id":"https:\/\/supreme-appliances.com\/shop\/samsung\/samsung-6-3-cu-ft-smart-freestanding-electric-range-with-rapid-boil-self-clean-in-stainless-steel\/","url":"https:\/\/supreme-appliances.com\/shop\/samsung\/samsung-6-3-cu-ft-smart-freestanding-electric-range-with-rapid-boil-self-clean-in-stainless-steel\/","name":"Samsung 6.3 cu. ft. Smart Freestanding Electric Range with Rapid Boil&#x2122; & Self Clean in Stainless Steel - Supreme Appliances","isPartOf":{"@id":"https:\/\/supreme-appliances.com\/#website"},"primaryImageOfPage":{"@id":"https:\/\/supreme-appliances.com\/shop\/samsung\/samsung-6-3-cu-ft-smart-freestanding-electric-range-with-rapid-boil-self-clean-in-stainless-steel\/#primaryimage"},"image":{"@id":"https:\/\/supreme-appliances.com\/shop\/samsung\/samsung-6-3-cu-ft-smart-freestanding-electric-range-with-rapid-boil-self-clean-in-stainless-steel\/#primaryimage"},"thumbnailUrl":"https:\/\/supreme-appliances.com\/wp-content\/uploads\/2022\/08\/frcyrysanlhq-transformed.png","datePublished":"2022-08-12T17:12:30+00:00","dateModified":"2023-10-27T12:13:41+00:00","breadcrumb":{"@id":"https:\/\/supreme-appliances.com\/shop\/samsung\/samsung-6-3-cu-ft-smart-freestanding-electric-range-with-rapid-boil-self-clean-in-stainless-steel\/#breadcrumb"},"inLanguage":"es","potentialAction":[{"@type":"ReadAction","target":["https:\/\/supreme-appliances.com\/shop\/samsung\/samsung-6-3-cu-ft-smart-freestanding-electric-range-with-rapid-boil-self-clean-in-stainless-steel\/"]}]},{"@type":"ImageObject","inLanguage":"es","@id":"https:\/\/supreme-appliances.com\/shop\/samsung\/samsung-6-3-cu-ft-smart-freestanding-electric-range-with-rapid-boil-self-clean-in-stainless-steel\/#primaryimage","url":"https:\/\/supreme-appliances.com\/wp-content\/uploads\/2022\/08\/frcyrysanlhq-transformed.png","contentUrl":"https:\/\/supreme-appliances.com\/wp-content\/uploads\/2022\/08\/frcyrysanlhq-transformed.png","width":280,"height":280,"caption":"6.3 cu. ft. Smart Freestanding Electric Range with Rapid Boil\u2122 & Self Clean in Stainless Steel"},{"@type":"BreadcrumbList","@id":"https:\/\/supreme-appliances.com\/shop\/samsung\/samsung-6-3-cu-ft-smart-freestanding-electric-range-with-rapid-boil-self-clean-in-stainless-steel\/#breadcrumb","itemListElement":[{"@type":"ListItem","position":1,"name":"Home","item":"https:\/\/supreme-appliances.com\/"},{"@type":"ListItem","position":2,"name":"Shop","item":"https:\/\/supreme-appliances.com\/shop\/"},{"@type":"ListItem","position":3,"name":"Samsung 6.3 cu. ft. Smart Freestanding Electric Range with Rapid Boil&#x2122; &#038; Self Clean in Stainless Steel"}]},{"@type":"WebSite","@id":"https:\/\/supreme-appliances.com\/#website","url":"https:\/\/supreme-appliances.com\/","name":"supreme-appliances.es","description":"Electrodom\u00e9sticos Supreme","publisher":{"@id":"https:\/\/supreme-appliances.com\/#organization"},"potentialAction":[{"@type":"SearchAction","target":{"@type":"EntryPoint","urlTemplate":"https:\/\/supreme-appliances.com\/?s={search_term_string}"},"query-input":{"@type":"PropertyValueSpecification","valueRequired":true,"valueName":"search_term_string"}}],"inLanguage":"es"},{"@type":"Organization","@id":"https:\/\/supreme-appliances.com\/#organization","name":"Electrodom\u00e9sticos Supreme","url":"https:\/\/supreme-appliances.com\/","logo":{"@type":"ImageObject","inLanguage":"es","@id":"https:\/\/supreme-appliances.com\/#\/schema\/logo\/image\/","url":"https:\/\/supreme-appliances.com\/wp-content\/uploads\/2022\/08\/product.png","contentUrl":"https:\/\/supreme-appliances.com\/wp-content\/uploads\/2022\/08\/product.png","width":577,"height":433,"caption":"Supreme Appliances"},"image":{"@id":"https:\/\/supreme-appliances.com\/#\/schema\/logo\/image\/"},"sameAs":["https:\/\/www.facebook.com\/supremeappliancesllc\/"]}]}},"_links":{"self":[{"href":"https:\/\/supreme-appliances.com\/es\/wp-json\/wp\/v2\/product\/1580","targetHints":{"allow":["GET"]}}],"collection":[{"href":"https:\/\/supreme-appliances.com\/es\/wp-json\/wp\/v2\/product"}],"about":[{"href":"https:\/\/supreme-appliances.com\/es\/wp-json\/wp\/v2\/types\/product"}],"replies":[{"embeddable":true,"href":"https:\/\/supreme-appliances.com\/es\/wp-json\/wp\/v2\/comments?post=1580"}],"version-history":[{"count":1,"href":"https:\/\/supreme-appliances.com\/es\/wp-json\/wp\/v2\/product\/1580\/revisions"}],"predecessor-version":[{"id":5047,"href":"https:\/\/supreme-appliances.com\/es\/wp-json\/wp\/v2\/product\/1580\/revisions\/5047"}],"wp:featuredmedia":[{"embeddable":true,"href":"https:\/\/supreme-appliances.com\/es\/wp-json\/wp\/v2\/media\/1581"}],"wp:attachment":[{"href":"https:\/\/supreme-appliances.com\/es\/wp-json\/wp\/v2\/media?parent=1580"}],"wp:term":[{"taxonomy":"product_brand","embeddable":true,"href":"https:\/\/supreme-appliances.com\/es\/wp-json\/wp\/v2\/product_brand?post=1580"},{"taxonomy":"product_cat","embeddable":true,"href":"https:\/\/supreme-appliances.com\/es\/wp-json\/wp\/v2\/product_cat?post=1580"},{"taxonomy":"product_tag","embeddable":true,"href":"https:\/\/supreme-appliances.com\/es\/wp-json\/wp\/v2\/product_tag?post=1580"}],"curies":[{"name":"wp","href":"https:\/\/api.w.org\/{rel}","templated":true}]}}