{"id":1592,"date":"2022-08-12T17:29:19","date_gmt":"2022-08-12T17:29:19","guid":{"rendered":"https:\/\/supreme-appliances.com\/?post_type=product&#038;p=1592"},"modified":"2023-10-27T12:09:41","modified_gmt":"2023-10-27T12:09:41","slug":"samsung-7-5-cu-ft-front-load-electric-dryer-with-sensor-dry-in-platinum","status":"publish","type":"product","link":"https:\/\/supreme-appliances.com\/es\/shop\/samsung\/samsung-7-5-cu-ft-front-load-electric-dryer-with-sensor-dry-in-platinum\/","title":{"rendered":"Samsung Secadora el\u00e9ctrica de carga frontal de 7.5 pies c\u00fabicos con secado por sensor en Platinum"},"content":{"rendered":"","protected":false},"excerpt":{"rendered":"<p><strong>Modelo:<\/strong> DVE45T6000P<\/p>\n<p><strong>Caracter\u00edsticas principales:<\/strong><\/p>\n<p>Nuestras nuevas secadoras tienen caracter\u00edsticas avanzadas como Sensor Dry, que optimiza el tiempo del ciclo y la temperatura para secar completamente sin da\u00f1ar su ropa. Adem\u00e1s, con su capacidad de 7,5 pies c\u00fabicos y sus 10 ciclos de secado preestablecidos, puedes hacer menos cargas en menos tiempo y satisfacer casi todas las necesidades de secado.<\/p>","protected":false},"featured_media":1593,"comment_status":"closed","ping_status":"closed","template":"","meta":{"site-sidebar-layout":"default","site-content-layout":"default","ast-site-content-layout":"default","site-content-style":"default","site-sidebar-style":"default","ast-global-header-display":"","ast-banner-title-visibility":"","ast-main-header-display":"","ast-hfb-above-header-display":"","ast-hfb-below-header-display":"","ast-hfb-mobile-header-display":"","site-post-title":"","ast-breadcrumbs-content":"","ast-featured-img":"","footer-sml-layout":"","ast-disable-related-posts":"","theme-transparent-header-meta":"default","adv-header-id-meta":"","stick-header-meta":"","header-above-stick-meta":"","header-main-stick-meta":"","header-below-stick-meta":"","astra-migrate-meta-layouts":"set","ast-page-background-enabled":"default","ast-page-background-meta":{"desktop":{"background-color":"var(--ast-global-color-4)","background-image":"","background-repeat":"repeat","background-position":"center center","background-size":"auto","background-attachment":"scroll","background-type":"","background-media":"","overlay-type":"","overlay-color":"","overlay-opacity":"","overlay-gradient":""},"tablet":{"background-color":"","background-image":"","background-repeat":"repeat","background-position":"center center","background-size":"auto","background-attachment":"scroll","background-type":"","background-media":"","overlay-type":"","overlay-color":"","overlay-opacity":"","overlay-gradient":""},"mobile":{"background-color":"","background-image":"","background-repeat":"repeat","background-position":"center center","background-size":"auto","background-attachment":"scroll","background-type":"","background-media":"","overlay-type":"","overlay-color":"","overlay-opacity":"","overlay-gradient":""}},"ast-content-background-meta":{"desktop":{"background-color":"var(--ast-global-color-5)","background-image":"","background-repeat":"repeat","background-position":"center center","background-size":"auto","background-attachment":"scroll","background-type":"","background-media":"","overlay-type":"","overlay-color":"","overlay-opacity":"","overlay-gradient":""},"tablet":{"background-color":"var(--ast-global-color-5)","background-image":"","background-repeat":"repeat","background-position":"center center","background-size":"auto","background-attachment":"scroll","background-type":"","background-media":"","overlay-type":"","overlay-color":"","overlay-opacity":"","overlay-gradient":""},"mobile":{"background-color":"var(--ast-global-color-5)","background-image":"","background-repeat":"repeat","background-position":"center center","background-size":"auto","background-attachment":"scroll","background-type":"","background-media":"","overlay-type":"","overlay-color":"","overlay-opacity":"","overlay-gradient":""}},"_joinchat":[]},"product_brand":[],"product_cat":[28,21],"product_tag":[24,41],"class_list":{"0":"post-1592","1":"product","2":"type-product","3":"status-publish","4":"has-post-thumbnail","6":"product_cat-electric-dryer","7":"product_cat-samsung","8":"product_tag-electric-dryer","9":"product_tag-samsung","10":"desktop-align-left","11":"tablet-align-left","12":"mobile-align-left","14":"first","15":"instock","16":"shipping-taxable","17":"product-type-simple"},"yoast_head":"<!-- This site is optimized with the Yoast SEO plugin v27.2 - https:\/\/yoast.com\/product\/yoast-seo-wordpress\/ -->\n<title>Samsung 7.5 cu. ft. Front Load Electric Dryer with Sensor Dry in Platinum - Supreme Appliances<\/title>\n<meta name=\"robots\" content=\"index, follow, max-snippet:-1, max-image-preview:large, max-video-preview:-1\" \/>\n<link rel=\"canonical\" href=\"https:\/\/supreme-appliances.com\/es\/shop\/samsung\/samsung-7-5-cu-ft-front-load-electric-dryer-with-sensor-dry-in-platinum\/\" \/>\n<meta property=\"og:locale\" content=\"es_ES\" \/>\n<meta property=\"og:type\" content=\"article\" \/>\n<meta property=\"og:title\" content=\"Samsung 7.5 cu. ft. Front Load Electric Dryer with Sensor Dry in Platinum - Supreme Appliances\" \/>\n<meta property=\"og:description\" content=\"Model: DVE45T6000P  Key Features:  Our new dryers have advanced features like Sensor Dry, which optimizes cycle time and temperature to thoroughly dry without damaging your clothes. Also, with 7.5 cu. ft. capacity and 10 preset drying cycles, you can do fewer loads in less time and fulfill almost every drying need.\" \/>\n<meta property=\"og:url\" content=\"https:\/\/supreme-appliances.com\/es\/shop\/samsung\/samsung-7-5-cu-ft-front-load-electric-dryer-with-sensor-dry-in-platinum\/\" \/>\n<meta property=\"og:site_name\" content=\"Supreme Appliances\" \/>\n<meta property=\"article:publisher\" content=\"https:\/\/www.facebook.com\/supremeappliancesllc\/\" \/>\n<meta property=\"article:modified_time\" content=\"2023-10-27T12:09:41+00:00\" \/>\n<meta property=\"og:image\" content=\"https:\/\/supreme-appliances.com\/wp-content\/uploads\/2022\/08\/frnjyblihvkp-transformed.png\" \/>\n\t<meta property=\"og:image:width\" content=\"280\" \/>\n\t<meta property=\"og:image:height\" content=\"280\" \/>\n\t<meta property=\"og:image:type\" content=\"image\/png\" \/>\n<meta name=\"twitter:card\" content=\"summary_large_image\" \/>\n<script type=\"application\/ld+json\" class=\"yoast-schema-graph\">{\"@context\":\"https:\/\/schema.org\",\"@graph\":[{\"@type\":\"WebPage\",\"@id\":\"https:\/\/supreme-appliances.com\/shop\/samsung\/samsung-7-5-cu-ft-front-load-electric-dryer-with-sensor-dry-in-platinum\/\",\"url\":\"https:\/\/supreme-appliances.com\/shop\/samsung\/samsung-7-5-cu-ft-front-load-electric-dryer-with-sensor-dry-in-platinum\/\",\"name\":\"Samsung 7.5 cu. ft. Front Load Electric Dryer with Sensor Dry in Platinum - Supreme Appliances\",\"isPartOf\":{\"@id\":\"https:\/\/supreme-appliances.com\/#website\"},\"primaryImageOfPage\":{\"@id\":\"https:\/\/supreme-appliances.com\/shop\/samsung\/samsung-7-5-cu-ft-front-load-electric-dryer-with-sensor-dry-in-platinum\/#primaryimage\"},\"image\":{\"@id\":\"https:\/\/supreme-appliances.com\/shop\/samsung\/samsung-7-5-cu-ft-front-load-electric-dryer-with-sensor-dry-in-platinum\/#primaryimage\"},\"thumbnailUrl\":\"https:\/\/supreme-appliances.com\/wp-content\/uploads\/2022\/08\/frnjyblihvkp-transformed.png\",\"datePublished\":\"2022-08-12T17:29:19+00:00\",\"dateModified\":\"2023-10-27T12:09:41+00:00\",\"breadcrumb\":{\"@id\":\"https:\/\/supreme-appliances.com\/shop\/samsung\/samsung-7-5-cu-ft-front-load-electric-dryer-with-sensor-dry-in-platinum\/#breadcrumb\"},\"inLanguage\":\"es\",\"potentialAction\":[{\"@type\":\"ReadAction\",\"target\":[\"https:\/\/supreme-appliances.com\/shop\/samsung\/samsung-7-5-cu-ft-front-load-electric-dryer-with-sensor-dry-in-platinum\/\"]}]},{\"@type\":\"ImageObject\",\"inLanguage\":\"es\",\"@id\":\"https:\/\/supreme-appliances.com\/shop\/samsung\/samsung-7-5-cu-ft-front-load-electric-dryer-with-sensor-dry-in-platinum\/#primaryimage\",\"url\":\"https:\/\/supreme-appliances.com\/wp-content\/uploads\/2022\/08\/frnjyblihvkp-transformed.png\",\"contentUrl\":\"https:\/\/supreme-appliances.com\/wp-content\/uploads\/2022\/08\/frnjyblihvkp-transformed.png\",\"width\":280,\"height\":280,\"caption\":\"7.5 cu. ft. Front Load Electric Dryer with Sensor Dry in Platinum\"},{\"@type\":\"BreadcrumbList\",\"@id\":\"https:\/\/supreme-appliances.com\/shop\/samsung\/samsung-7-5-cu-ft-front-load-electric-dryer-with-sensor-dry-in-platinum\/#breadcrumb\",\"itemListElement\":[{\"@type\":\"ListItem\",\"position\":1,\"name\":\"Home\",\"item\":\"https:\/\/supreme-appliances.com\/\"},{\"@type\":\"ListItem\",\"position\":2,\"name\":\"Shop\",\"item\":\"https:\/\/supreme-appliances.com\/shop\/\"},{\"@type\":\"ListItem\",\"position\":3,\"name\":\"Samsung 7.5 cu. ft. Front Load Electric Dryer with Sensor Dry in Platinum\"}]},{\"@type\":\"WebSite\",\"@id\":\"https:\/\/supreme-appliances.com\/#website\",\"url\":\"https:\/\/supreme-appliances.com\/\",\"name\":\"supreme-appliances.com\",\"description\":\"Supreme Appliances\",\"publisher\":{\"@id\":\"https:\/\/supreme-appliances.com\/#organization\"},\"potentialAction\":[{\"@type\":\"SearchAction\",\"target\":{\"@type\":\"EntryPoint\",\"urlTemplate\":\"https:\/\/supreme-appliances.com\/?s={search_term_string}\"},\"query-input\":{\"@type\":\"PropertyValueSpecification\",\"valueRequired\":true,\"valueName\":\"search_term_string\"}}],\"inLanguage\":\"es\"},{\"@type\":\"Organization\",\"@id\":\"https:\/\/supreme-appliances.com\/#organization\",\"name\":\"Supreme Appliances\",\"url\":\"https:\/\/supreme-appliances.com\/\",\"logo\":{\"@type\":\"ImageObject\",\"inLanguage\":\"es\",\"@id\":\"https:\/\/supreme-appliances.com\/#\/schema\/logo\/image\/\",\"url\":\"https:\/\/supreme-appliances.com\/wp-content\/uploads\/2022\/08\/product.png\",\"contentUrl\":\"https:\/\/supreme-appliances.com\/wp-content\/uploads\/2022\/08\/product.png\",\"width\":577,\"height\":433,\"caption\":\"Supreme Appliances\"},\"image\":{\"@id\":\"https:\/\/supreme-appliances.com\/#\/schema\/logo\/image\/\"},\"sameAs\":[\"https:\/\/www.facebook.com\/supremeappliancesllc\/\"]}]}<\/script>\n<!-- \/ Yoast SEO plugin. -->","yoast_head_json":{"title":"Samsung Secadora el\u00e9ctrica de carga frontal de 7.5 pies c\u00fabicos con sensor de secado en platino - Supreme Appliances","robots":{"index":"index","follow":"follow","max-snippet":"max-snippet:-1","max-image-preview":"max-image-preview:large","max-video-preview":"max-video-preview:-1"},"canonical":"https:\/\/supreme-appliances.com\/es\/shop\/samsung\/samsung-7-5-cu-ft-front-load-electric-dryer-with-sensor-dry-in-platinum\/","og_locale":"es_ES","og_type":"article","og_title":"Samsung 7.5 cu. ft. Front Load Electric Dryer with Sensor Dry in Platinum - Supreme Appliances","og_description":"Model: DVE45T6000P  Key Features:  Our new dryers have advanced features like Sensor Dry, which optimizes cycle time and temperature to thoroughly dry without damaging your clothes. Also, with 7.5 cu. ft. capacity and 10 preset drying cycles, you can do fewer loads in less time and fulfill almost every drying need.","og_url":"https:\/\/supreme-appliances.com\/es\/shop\/samsung\/samsung-7-5-cu-ft-front-load-electric-dryer-with-sensor-dry-in-platinum\/","og_site_name":"Supreme Appliances","article_publisher":"https:\/\/www.facebook.com\/supremeappliancesllc\/","article_modified_time":"2023-10-27T12:09:41+00:00","og_image":[{"width":280,"height":280,"url":"https:\/\/supreme-appliances.com\/wp-content\/uploads\/2022\/08\/frnjyblihvkp-transformed.png","type":"image\/png"}],"twitter_card":"summary_large_image","schema":{"@context":"https:\/\/schema.org","@graph":[{"@type":"WebPage","@id":"https:\/\/supreme-appliances.com\/shop\/samsung\/samsung-7-5-cu-ft-front-load-electric-dryer-with-sensor-dry-in-platinum\/","url":"https:\/\/supreme-appliances.com\/shop\/samsung\/samsung-7-5-cu-ft-front-load-electric-dryer-with-sensor-dry-in-platinum\/","name":"Samsung Secadora el\u00e9ctrica de carga frontal de 7.5 pies c\u00fabicos con sensor de secado en platino - Supreme Appliances","isPartOf":{"@id":"https:\/\/supreme-appliances.com\/#website"},"primaryImageOfPage":{"@id":"https:\/\/supreme-appliances.com\/shop\/samsung\/samsung-7-5-cu-ft-front-load-electric-dryer-with-sensor-dry-in-platinum\/#primaryimage"},"image":{"@id":"https:\/\/supreme-appliances.com\/shop\/samsung\/samsung-7-5-cu-ft-front-load-electric-dryer-with-sensor-dry-in-platinum\/#primaryimage"},"thumbnailUrl":"https:\/\/supreme-appliances.com\/wp-content\/uploads\/2022\/08\/frnjyblihvkp-transformed.png","datePublished":"2022-08-12T17:29:19+00:00","dateModified":"2023-10-27T12:09:41+00:00","breadcrumb":{"@id":"https:\/\/supreme-appliances.com\/shop\/samsung\/samsung-7-5-cu-ft-front-load-electric-dryer-with-sensor-dry-in-platinum\/#breadcrumb"},"inLanguage":"es","potentialAction":[{"@type":"ReadAction","target":["https:\/\/supreme-appliances.com\/shop\/samsung\/samsung-7-5-cu-ft-front-load-electric-dryer-with-sensor-dry-in-platinum\/"]}]},{"@type":"ImageObject","inLanguage":"es","@id":"https:\/\/supreme-appliances.com\/shop\/samsung\/samsung-7-5-cu-ft-front-load-electric-dryer-with-sensor-dry-in-platinum\/#primaryimage","url":"https:\/\/supreme-appliances.com\/wp-content\/uploads\/2022\/08\/frnjyblihvkp-transformed.png","contentUrl":"https:\/\/supreme-appliances.com\/wp-content\/uploads\/2022\/08\/frnjyblihvkp-transformed.png","width":280,"height":280,"caption":"7.5 cu. ft. Front Load Electric Dryer with Sensor Dry in Platinum"},{"@type":"BreadcrumbList","@id":"https:\/\/supreme-appliances.com\/shop\/samsung\/samsung-7-5-cu-ft-front-load-electric-dryer-with-sensor-dry-in-platinum\/#breadcrumb","itemListElement":[{"@type":"ListItem","position":1,"name":"Home","item":"https:\/\/supreme-appliances.com\/"},{"@type":"ListItem","position":2,"name":"Shop","item":"https:\/\/supreme-appliances.com\/shop\/"},{"@type":"ListItem","position":3,"name":"Samsung 7.5 cu. ft. Front Load Electric Dryer with Sensor Dry in Platinum"}]},{"@type":"WebSite","@id":"https:\/\/supreme-appliances.com\/#website","url":"https:\/\/supreme-appliances.com\/","name":"supreme-appliances.es","description":"Electrodom\u00e9sticos Supreme","publisher":{"@id":"https:\/\/supreme-appliances.com\/#organization"},"potentialAction":[{"@type":"SearchAction","target":{"@type":"EntryPoint","urlTemplate":"https:\/\/supreme-appliances.com\/?s={search_term_string}"},"query-input":{"@type":"PropertyValueSpecification","valueRequired":true,"valueName":"search_term_string"}}],"inLanguage":"es"},{"@type":"Organization","@id":"https:\/\/supreme-appliances.com\/#organization","name":"Electrodom\u00e9sticos Supreme","url":"https:\/\/supreme-appliances.com\/","logo":{"@type":"ImageObject","inLanguage":"es","@id":"https:\/\/supreme-appliances.com\/#\/schema\/logo\/image\/","url":"https:\/\/supreme-appliances.com\/wp-content\/uploads\/2022\/08\/product.png","contentUrl":"https:\/\/supreme-appliances.com\/wp-content\/uploads\/2022\/08\/product.png","width":577,"height":433,"caption":"Supreme Appliances"},"image":{"@id":"https:\/\/supreme-appliances.com\/#\/schema\/logo\/image\/"},"sameAs":["https:\/\/www.facebook.com\/supremeappliancesllc\/"]}]}},"_links":{"self":[{"href":"https:\/\/supreme-appliances.com\/es\/wp-json\/wp\/v2\/product\/1592","targetHints":{"allow":["GET"]}}],"collection":[{"href":"https:\/\/supreme-appliances.com\/es\/wp-json\/wp\/v2\/product"}],"about":[{"href":"https:\/\/supreme-appliances.com\/es\/wp-json\/wp\/v2\/types\/product"}],"replies":[{"embeddable":true,"href":"https:\/\/supreme-appliances.com\/es\/wp-json\/wp\/v2\/comments?post=1592"}],"version-history":[{"count":1,"href":"https:\/\/supreme-appliances.com\/es\/wp-json\/wp\/v2\/product\/1592\/revisions"}],"predecessor-version":[{"id":5041,"href":"https:\/\/supreme-appliances.com\/es\/wp-json\/wp\/v2\/product\/1592\/revisions\/5041"}],"wp:featuredmedia":[{"embeddable":true,"href":"https:\/\/supreme-appliances.com\/es\/wp-json\/wp\/v2\/media\/1593"}],"wp:attachment":[{"href":"https:\/\/supreme-appliances.com\/es\/wp-json\/wp\/v2\/media?parent=1592"}],"wp:term":[{"taxonomy":"product_brand","embeddable":true,"href":"https:\/\/supreme-appliances.com\/es\/wp-json\/wp\/v2\/product_brand?post=1592"},{"taxonomy":"product_cat","embeddable":true,"href":"https:\/\/supreme-appliances.com\/es\/wp-json\/wp\/v2\/product_cat?post=1592"},{"taxonomy":"product_tag","embeddable":true,"href":"https:\/\/supreme-appliances.com\/es\/wp-json\/wp\/v2\/product_tag?post=1592"}],"curies":[{"name":"wp","href":"https:\/\/api.w.org\/{rel}","templated":true}]}}