{"id":268,"date":"2022-07-28T17:35:32","date_gmt":"2022-07-28T17:35:32","guid":{"rendered":"https:\/\/supreme-appliances.com\/?post_type=product&#038;p=268"},"modified":"2023-10-27T15:22:11","modified_gmt":"2023-10-27T15:22:11","slug":"used-refurbished-kenmore-3-2-cu-ft-top-load-washer-with-conventional-analog-direct-drive-system","status":"publish","type":"product","link":"https:\/\/supreme-appliances.com\/es\/shop\/samsung\/used-refurbished-kenmore-3-2-cu-ft-top-load-washer-with-conventional-analog-direct-drive-system\/","title":{"rendered":"Lavadora de carga frontal Samsung de 4.5 pies c\u00fabicos con tecnolog\u00eda de reducci\u00f3n de vibraci\u00f3n+ en negro cepillado"},"content":{"rendered":"","protected":false},"excerpt":{"rendered":"<p><strong>Modelo:<\/strong> WF45T6000AV<\/p>\n<p><strong>Caracter\u00edsticas principales:<\/strong><\/p>\n<p>La lavadora de carga frontal ofrece la tecnolog\u00eda Vibration Reduction Technology+ y Self Clean+ para eliminar 99% de bacterias del tambor.<\/p>","protected":false},"featured_media":320,"comment_status":"closed","ping_status":"closed","template":"","meta":{"site-sidebar-layout":"default","site-content-layout":"default","ast-site-content-layout":"default","site-content-style":"default","site-sidebar-style":"default","ast-global-header-display":"","ast-banner-title-visibility":"","ast-main-header-display":"","ast-hfb-above-header-display":"","ast-hfb-below-header-display":"","ast-hfb-mobile-header-display":"","site-post-title":"","ast-breadcrumbs-content":"","ast-featured-img":"","footer-sml-layout":"disabled","ast-disable-related-posts":"","theme-transparent-header-meta":"default","adv-header-id-meta":"","stick-header-meta":"","header-above-stick-meta":"","header-main-stick-meta":"","header-below-stick-meta":"","astra-migrate-meta-layouts":"set","ast-page-background-enabled":"default","ast-page-background-meta":{"desktop":{"background-color":"var(--ast-global-color-4)","background-image":"","background-repeat":"repeat","background-position":"center center","background-size":"auto","background-attachment":"scroll","background-type":"","background-media":"","overlay-type":"","overlay-color":"","overlay-opacity":"","overlay-gradient":""},"tablet":{"background-color":"","background-image":"","background-repeat":"repeat","background-position":"center center","background-size":"auto","background-attachment":"scroll","background-type":"","background-media":"","overlay-type":"","overlay-color":"","overlay-opacity":"","overlay-gradient":""},"mobile":{"background-color":"","background-image":"","background-repeat":"repeat","background-position":"center center","background-size":"auto","background-attachment":"scroll","background-type":"","background-media":"","overlay-type":"","overlay-color":"","overlay-opacity":"","overlay-gradient":""}},"ast-content-background-meta":{"desktop":{"background-color":"var(--ast-global-color-5)","background-image":"","background-repeat":"repeat","background-position":"center center","background-size":"auto","background-attachment":"scroll","background-type":"","background-media":"","overlay-type":"","overlay-color":"","overlay-opacity":"","overlay-gradient":""},"tablet":{"background-color":"var(--ast-global-color-5)","background-image":"","background-repeat":"repeat","background-position":"center center","background-size":"auto","background-attachment":"scroll","background-type":"","background-media":"","overlay-type":"","overlay-color":"","overlay-opacity":"","overlay-gradient":""},"mobile":{"background-color":"var(--ast-global-color-5)","background-image":"","background-repeat":"repeat","background-position":"center center","background-size":"auto","background-attachment":"scroll","background-type":"","background-media":"","overlay-type":"","overlay-color":"","overlay-opacity":"","overlay-gradient":""}},"_joinchat":[]},"product_brand":[],"product_cat":[21,29],"product_tag":[41,22],"class_list":{"0":"post-268","1":"product","2":"type-product","3":"status-publish","4":"has-post-thumbnail","6":"product_cat-samsung","7":"product_cat-washer","8":"product_tag-samsung","9":"product_tag-washer","10":"desktop-align-left","11":"tablet-align-left","12":"mobile-align-left","14":"first","15":"instock","16":"shipping-taxable","17":"product-type-simple"},"yoast_head":"<!-- This site is optimized with the Yoast SEO plugin v27.2 - https:\/\/yoast.com\/product\/yoast-seo-wordpress\/ -->\n<title>Samsung 4.5 cu. ft. Front Load Washer with Vibration Reduction Technology+ in Brushed Black - Supreme Appliances<\/title>\n<meta name=\"robots\" content=\"index, follow, max-snippet:-1, max-image-preview:large, max-video-preview:-1\" \/>\n<link rel=\"canonical\" href=\"https:\/\/supreme-appliances.com\/es\/shop\/samsung\/used-refurbished-kenmore-3-2-cu-ft-top-load-washer-with-conventional-analog-direct-drive-system\/\" \/>\n<meta property=\"og:locale\" content=\"es_ES\" \/>\n<meta property=\"og:type\" content=\"article\" \/>\n<meta property=\"og:title\" content=\"Samsung 4.5 cu. ft. Front Load Washer with Vibration Reduction Technology+ in Brushed Black - Supreme Appliances\" \/>\n<meta property=\"og:description\" content=\"Model: WF45T6000AV  Key Features:  Front Load washer offers Vibration Reduction Technology+ and Self Clean+ to eliminate 99% of bacteria from the drum.\" \/>\n<meta property=\"og:url\" content=\"https:\/\/supreme-appliances.com\/es\/shop\/samsung\/used-refurbished-kenmore-3-2-cu-ft-top-load-washer-with-conventional-analog-direct-drive-system\/\" \/>\n<meta property=\"og:site_name\" content=\"Supreme Appliances\" \/>\n<meta property=\"article:publisher\" content=\"https:\/\/www.facebook.com\/supremeappliancesllc\/\" \/>\n<meta property=\"article:modified_time\" content=\"2023-10-27T15:22:11+00:00\" \/>\n<meta property=\"og:image\" content=\"https:\/\/supreme-appliances.com\/wp-content\/uploads\/2022\/07\/D-01.webp\" \/>\n\t<meta property=\"og:image:width\" content=\"1100\" \/>\n\t<meta property=\"og:image:height\" content=\"730\" \/>\n\t<meta property=\"og:image:type\" content=\"image\/webp\" \/>\n<meta name=\"twitter:card\" content=\"summary_large_image\" \/>\n<script type=\"application\/ld+json\" class=\"yoast-schema-graph\">{\"@context\":\"https:\/\/schema.org\",\"@graph\":[{\"@type\":\"WebPage\",\"@id\":\"https:\/\/supreme-appliances.com\/shop\/samsung\/used-refurbished-kenmore-3-2-cu-ft-top-load-washer-with-conventional-analog-direct-drive-system\/\",\"url\":\"https:\/\/supreme-appliances.com\/shop\/samsung\/used-refurbished-kenmore-3-2-cu-ft-top-load-washer-with-conventional-analog-direct-drive-system\/\",\"name\":\"Samsung 4.5 cu. ft. Front Load Washer with Vibration Reduction Technology+ in Brushed Black - Supreme Appliances\",\"isPartOf\":{\"@id\":\"https:\/\/supreme-appliances.com\/#website\"},\"primaryImageOfPage\":{\"@id\":\"https:\/\/supreme-appliances.com\/shop\/samsung\/used-refurbished-kenmore-3-2-cu-ft-top-load-washer-with-conventional-analog-direct-drive-system\/#primaryimage\"},\"image\":{\"@id\":\"https:\/\/supreme-appliances.com\/shop\/samsung\/used-refurbished-kenmore-3-2-cu-ft-top-load-washer-with-conventional-analog-direct-drive-system\/#primaryimage\"},\"thumbnailUrl\":\"https:\/\/supreme-appliances.com\/wp-content\/uploads\/2022\/07\/D-01.webp\",\"datePublished\":\"2022-07-28T17:35:32+00:00\",\"dateModified\":\"2023-10-27T15:22:11+00:00\",\"breadcrumb\":{\"@id\":\"https:\/\/supreme-appliances.com\/shop\/samsung\/used-refurbished-kenmore-3-2-cu-ft-top-load-washer-with-conventional-analog-direct-drive-system\/#breadcrumb\"},\"inLanguage\":\"es\",\"potentialAction\":[{\"@type\":\"ReadAction\",\"target\":[\"https:\/\/supreme-appliances.com\/shop\/samsung\/used-refurbished-kenmore-3-2-cu-ft-top-load-washer-with-conventional-analog-direct-drive-system\/\"]}]},{\"@type\":\"ImageObject\",\"inLanguage\":\"es\",\"@id\":\"https:\/\/supreme-appliances.com\/shop\/samsung\/used-refurbished-kenmore-3-2-cu-ft-top-load-washer-with-conventional-analog-direct-drive-system\/#primaryimage\",\"url\":\"https:\/\/supreme-appliances.com\/wp-content\/uploads\/2022\/07\/D-01.webp\",\"contentUrl\":\"https:\/\/supreme-appliances.com\/wp-content\/uploads\/2022\/07\/D-01.webp\",\"width\":1100,\"height\":730},{\"@type\":\"BreadcrumbList\",\"@id\":\"https:\/\/supreme-appliances.com\/shop\/samsung\/used-refurbished-kenmore-3-2-cu-ft-top-load-washer-with-conventional-analog-direct-drive-system\/#breadcrumb\",\"itemListElement\":[{\"@type\":\"ListItem\",\"position\":1,\"name\":\"Home\",\"item\":\"https:\/\/supreme-appliances.com\/\"},{\"@type\":\"ListItem\",\"position\":2,\"name\":\"Shop\",\"item\":\"https:\/\/supreme-appliances.com\/shop\/\"},{\"@type\":\"ListItem\",\"position\":3,\"name\":\"Samsung 4.5 cu. ft. Front Load Washer with Vibration Reduction Technology+ in Brushed Black\"}]},{\"@type\":\"WebSite\",\"@id\":\"https:\/\/supreme-appliances.com\/#website\",\"url\":\"https:\/\/supreme-appliances.com\/\",\"name\":\"supreme-appliances.com\",\"description\":\"Supreme Appliances\",\"publisher\":{\"@id\":\"https:\/\/supreme-appliances.com\/#organization\"},\"potentialAction\":[{\"@type\":\"SearchAction\",\"target\":{\"@type\":\"EntryPoint\",\"urlTemplate\":\"https:\/\/supreme-appliances.com\/?s={search_term_string}\"},\"query-input\":{\"@type\":\"PropertyValueSpecification\",\"valueRequired\":true,\"valueName\":\"search_term_string\"}}],\"inLanguage\":\"es\"},{\"@type\":\"Organization\",\"@id\":\"https:\/\/supreme-appliances.com\/#organization\",\"name\":\"Supreme Appliances\",\"url\":\"https:\/\/supreme-appliances.com\/\",\"logo\":{\"@type\":\"ImageObject\",\"inLanguage\":\"es\",\"@id\":\"https:\/\/supreme-appliances.com\/#\/schema\/logo\/image\/\",\"url\":\"https:\/\/supreme-appliances.com\/wp-content\/uploads\/2022\/08\/product.png\",\"contentUrl\":\"https:\/\/supreme-appliances.com\/wp-content\/uploads\/2022\/08\/product.png\",\"width\":577,\"height\":433,\"caption\":\"Supreme Appliances\"},\"image\":{\"@id\":\"https:\/\/supreme-appliances.com\/#\/schema\/logo\/image\/\"},\"sameAs\":[\"https:\/\/www.facebook.com\/supremeappliancesllc\/\"]}]}<\/script>\n<!-- \/ Yoast SEO plugin. -->","yoast_head_json":{"title":"Samsung 4.5 cu. ft. Front Load Washer with Vibration Reduction Technology+ in Brushed Black - Supreme Appliances","robots":{"index":"index","follow":"follow","max-snippet":"max-snippet:-1","max-image-preview":"max-image-preview:large","max-video-preview":"max-video-preview:-1"},"canonical":"https:\/\/supreme-appliances.com\/es\/shop\/samsung\/used-refurbished-kenmore-3-2-cu-ft-top-load-washer-with-conventional-analog-direct-drive-system\/","og_locale":"es_ES","og_type":"article","og_title":"Samsung 4.5 cu. ft. Front Load Washer with Vibration Reduction Technology+ in Brushed Black - Supreme Appliances","og_description":"Model: WF45T6000AV  Key Features:  Front Load washer offers Vibration Reduction Technology+ and Self Clean+ to eliminate 99% of bacteria from the drum.","og_url":"https:\/\/supreme-appliances.com\/es\/shop\/samsung\/used-refurbished-kenmore-3-2-cu-ft-top-load-washer-with-conventional-analog-direct-drive-system\/","og_site_name":"Supreme Appliances","article_publisher":"https:\/\/www.facebook.com\/supremeappliancesllc\/","article_modified_time":"2023-10-27T15:22:11+00:00","og_image":[{"width":1100,"height":730,"url":"https:\/\/supreme-appliances.com\/wp-content\/uploads\/2022\/07\/D-01.webp","type":"image\/webp"}],"twitter_card":"summary_large_image","schema":{"@context":"https:\/\/schema.org","@graph":[{"@type":"WebPage","@id":"https:\/\/supreme-appliances.com\/shop\/samsung\/used-refurbished-kenmore-3-2-cu-ft-top-load-washer-with-conventional-analog-direct-drive-system\/","url":"https:\/\/supreme-appliances.com\/shop\/samsung\/used-refurbished-kenmore-3-2-cu-ft-top-load-washer-with-conventional-analog-direct-drive-system\/","name":"Samsung 4.5 cu. ft. Front Load Washer with Vibration Reduction Technology+ in Brushed Black - Supreme Appliances","isPartOf":{"@id":"https:\/\/supreme-appliances.com\/#website"},"primaryImageOfPage":{"@id":"https:\/\/supreme-appliances.com\/shop\/samsung\/used-refurbished-kenmore-3-2-cu-ft-top-load-washer-with-conventional-analog-direct-drive-system\/#primaryimage"},"image":{"@id":"https:\/\/supreme-appliances.com\/shop\/samsung\/used-refurbished-kenmore-3-2-cu-ft-top-load-washer-with-conventional-analog-direct-drive-system\/#primaryimage"},"thumbnailUrl":"https:\/\/supreme-appliances.com\/wp-content\/uploads\/2022\/07\/D-01.webp","datePublished":"2022-07-28T17:35:32+00:00","dateModified":"2023-10-27T15:22:11+00:00","breadcrumb":{"@id":"https:\/\/supreme-appliances.com\/shop\/samsung\/used-refurbished-kenmore-3-2-cu-ft-top-load-washer-with-conventional-analog-direct-drive-system\/#breadcrumb"},"inLanguage":"es","potentialAction":[{"@type":"ReadAction","target":["https:\/\/supreme-appliances.com\/shop\/samsung\/used-refurbished-kenmore-3-2-cu-ft-top-load-washer-with-conventional-analog-direct-drive-system\/"]}]},{"@type":"ImageObject","inLanguage":"es","@id":"https:\/\/supreme-appliances.com\/shop\/samsung\/used-refurbished-kenmore-3-2-cu-ft-top-load-washer-with-conventional-analog-direct-drive-system\/#primaryimage","url":"https:\/\/supreme-appliances.com\/wp-content\/uploads\/2022\/07\/D-01.webp","contentUrl":"https:\/\/supreme-appliances.com\/wp-content\/uploads\/2022\/07\/D-01.webp","width":1100,"height":730},{"@type":"BreadcrumbList","@id":"https:\/\/supreme-appliances.com\/shop\/samsung\/used-refurbished-kenmore-3-2-cu-ft-top-load-washer-with-conventional-analog-direct-drive-system\/#breadcrumb","itemListElement":[{"@type":"ListItem","position":1,"name":"Home","item":"https:\/\/supreme-appliances.com\/"},{"@type":"ListItem","position":2,"name":"Shop","item":"https:\/\/supreme-appliances.com\/shop\/"},{"@type":"ListItem","position":3,"name":"Samsung 4.5 cu. ft. Front Load Washer with Vibration Reduction Technology+ in Brushed Black"}]},{"@type":"WebSite","@id":"https:\/\/supreme-appliances.com\/#website","url":"https:\/\/supreme-appliances.com\/","name":"supreme-appliances.es","description":"Electrodom\u00e9sticos Supreme","publisher":{"@id":"https:\/\/supreme-appliances.com\/#organization"},"potentialAction":[{"@type":"SearchAction","target":{"@type":"EntryPoint","urlTemplate":"https:\/\/supreme-appliances.com\/?s={search_term_string}"},"query-input":{"@type":"PropertyValueSpecification","valueRequired":true,"valueName":"search_term_string"}}],"inLanguage":"es"},{"@type":"Organization","@id":"https:\/\/supreme-appliances.com\/#organization","name":"Electrodom\u00e9sticos Supreme","url":"https:\/\/supreme-appliances.com\/","logo":{"@type":"ImageObject","inLanguage":"es","@id":"https:\/\/supreme-appliances.com\/#\/schema\/logo\/image\/","url":"https:\/\/supreme-appliances.com\/wp-content\/uploads\/2022\/08\/product.png","contentUrl":"https:\/\/supreme-appliances.com\/wp-content\/uploads\/2022\/08\/product.png","width":577,"height":433,"caption":"Supreme Appliances"},"image":{"@id":"https:\/\/supreme-appliances.com\/#\/schema\/logo\/image\/"},"sameAs":["https:\/\/www.facebook.com\/supremeappliancesllc\/"]}]}},"_links":{"self":[{"href":"https:\/\/supreme-appliances.com\/es\/wp-json\/wp\/v2\/product\/268","targetHints":{"allow":["GET"]}}],"collection":[{"href":"https:\/\/supreme-appliances.com\/es\/wp-json\/wp\/v2\/product"}],"about":[{"href":"https:\/\/supreme-appliances.com\/es\/wp-json\/wp\/v2\/types\/product"}],"replies":[{"embeddable":true,"href":"https:\/\/supreme-appliances.com\/es\/wp-json\/wp\/v2\/comments?post=268"}],"version-history":[{"count":1,"href":"https:\/\/supreme-appliances.com\/es\/wp-json\/wp\/v2\/product\/268\/revisions"}],"predecessor-version":[{"id":5097,"href":"https:\/\/supreme-appliances.com\/es\/wp-json\/wp\/v2\/product\/268\/revisions\/5097"}],"wp:featuredmedia":[{"embeddable":true,"href":"https:\/\/supreme-appliances.com\/es\/wp-json\/wp\/v2\/media\/320"}],"wp:attachment":[{"href":"https:\/\/supreme-appliances.com\/es\/wp-json\/wp\/v2\/media?parent=268"}],"wp:term":[{"taxonomy":"product_brand","embeddable":true,"href":"https:\/\/supreme-appliances.com\/es\/wp-json\/wp\/v2\/product_brand?post=268"},{"taxonomy":"product_cat","embeddable":true,"href":"https:\/\/supreme-appliances.com\/es\/wp-json\/wp\/v2\/product_cat?post=268"},{"taxonomy":"product_tag","embeddable":true,"href":"https:\/\/supreme-appliances.com\/es\/wp-json\/wp\/v2\/product_tag?post=268"}],"curies":[{"name":"wp","href":"https:\/\/api.w.org\/{rel}","templated":true}]}}