{"id":4911,"date":"2023-10-26T11:18:50","date_gmt":"2023-10-26T11:18:50","guid":{"rendered":"https:\/\/supreme-appliances.com\/?post_type=product&#038;p=4911"},"modified":"2023-10-26T11:18:52","modified_gmt":"2023-10-26T11:18:52","slug":"bespoke-4-door-flex-refrigerator-29-cu-ft-with-family-hub-in-charcoal-glass-top-and-stainless-steel-bottom-panels","status":"publish","type":"product","link":"https:\/\/supreme-appliances.com\/es\/shop\/samsung\/bespoke-4-door-flex-refrigerator-29-cu-ft-with-family-hub-in-charcoal-glass-top-and-stainless-steel-bottom-panels\/","title":{"rendered":"Frigor\u00edfico Bespoke Flex\u2122 de 4 puertas (29 pies c\u00fabicos) con Family Hub\u2122+ en tapa de cristal Charcoal y paneles inferiores de acero inoxidable."},"content":{"rendered":"","protected":false},"excerpt":{"rendered":"<p>Modelo: RF29CB9900QK<\/p>\n<ul class=\"product-details__info-description\">\n<li class=\"product-details__info-description--line product-details__info-description--line1\">Family Hub\u2122 te permite ver el interior de tu frigor\u00edfico inteligente, gestionar los calendarios de tu familia, transmitir m\u00fasica, ver qui\u00e9n est\u00e1 en la puerta principal y mucho m\u00e1s, todo directamente desde tu frigor\u00edfico.<\/li>\n<li class=\"product-details__info-description--line product-details__info-description--line2\">Con una enorme pantalla de 32\u201d que es el doble de grande que la de los modelos anteriores, proporciona una experiencia de usuario mejorada y m\u00e1s rica para usted y su familia.<\/li>\n<li class=\"product-details__info-description--line product-details__info-description--line3\">El Beverage Center\u2122 cuenta con un dispensador de agua y una jarra de agua AutoFill.<\/li>\n<li class=\"product-details__info-description--line product-details__info-description--line4\">El fabricador de hielo Dual Auto produce dos tipos de hielo: en cubitos o en trocitos.<\/li>\n<\/ul>\n<div class=\"product-details__info-bundle-section\"><\/div>\n<div class=\"product-details__info-family\">\n<div>\n<div class=\"product-details__info-selector\" data-family-option=\"Depth\">\n<div class=\"selector-toggle selector-toggle-title selector-title\"><\/div>\n<\/div>\n<\/div>\n<\/div>","protected":false},"featured_media":4912,"comment_status":"open","ping_status":"closed","template":"","meta":{"site-sidebar-layout":"default","site-content-layout":"","ast-site-content-layout":"default","site-content-style":"default","site-sidebar-style":"default","ast-global-header-display":"","ast-banner-title-visibility":"","ast-main-header-display":"","ast-hfb-above-header-display":"","ast-hfb-below-header-display":"","ast-hfb-mobile-header-display":"","site-post-title":"","ast-breadcrumbs-content":"","ast-featured-img":"","footer-sml-layout":"","ast-disable-related-posts":"","theme-transparent-header-meta":"default","adv-header-id-meta":"","stick-header-meta":"","header-above-stick-meta":"","header-main-stick-meta":"","header-below-stick-meta":"","astra-migrate-meta-layouts":"set","ast-page-background-enabled":"default","ast-page-background-meta":{"desktop":{"background-color":"var(--ast-global-color-4)","background-image":"","background-repeat":"repeat","background-position":"center center","background-size":"auto","background-attachment":"scroll","background-type":"","background-media":"","overlay-type":"","overlay-color":"","overlay-opacity":"","overlay-gradient":""},"tablet":{"background-color":"","background-image":"","background-repeat":"repeat","background-position":"center center","background-size":"auto","background-attachment":"scroll","background-type":"","background-media":"","overlay-type":"","overlay-color":"","overlay-opacity":"","overlay-gradient":""},"mobile":{"background-color":"","background-image":"","background-repeat":"repeat","background-position":"center center","background-size":"auto","background-attachment":"scroll","background-type":"","background-media":"","overlay-type":"","overlay-color":"","overlay-opacity":"","overlay-gradient":""}},"ast-content-background-meta":{"desktop":{"background-color":"var(--ast-global-color-5)","background-image":"","background-repeat":"repeat","background-position":"center center","background-size":"auto","background-attachment":"scroll","background-type":"","background-media":"","overlay-type":"","overlay-color":"","overlay-opacity":"","overlay-gradient":""},"tablet":{"background-color":"var(--ast-global-color-5)","background-image":"","background-repeat":"repeat","background-position":"center center","background-size":"auto","background-attachment":"scroll","background-type":"","background-media":"","overlay-type":"","overlay-color":"","overlay-opacity":"","overlay-gradient":""},"mobile":{"background-color":"var(--ast-global-color-5)","background-image":"","background-repeat":"repeat","background-position":"center center","background-size":"auto","background-attachment":"scroll","background-type":"","background-media":"","overlay-type":"","overlay-color":"","overlay-opacity":"","overlay-gradient":""}},"_joinchat":[]},"product_brand":[],"product_cat":[25,21],"product_tag":[],"class_list":{"0":"post-4911","1":"product","2":"type-product","3":"status-publish","4":"has-post-thumbnail","6":"product_cat-refrigerators","7":"product_cat-samsung","8":"desktop-align-left","9":"tablet-align-left","10":"mobile-align-left","12":"first","13":"instock","14":"shipping-taxable","15":"product-type-simple"},"yoast_head":"<!-- This site is optimized with the Yoast SEO plugin v27.2 - https:\/\/yoast.com\/product\/yoast-seo-wordpress\/ -->\n<title>Bespoke 4-Door Flex&#x2122; Refrigerator (29 cu. ft.) with Family Hub&#x2122;+ in Charcoal Glass Top and Stainless Steel Bottom Panels - Supreme Appliances<\/title>\n<meta name=\"robots\" content=\"index, follow, max-snippet:-1, max-image-preview:large, max-video-preview:-1\" \/>\n<link rel=\"canonical\" href=\"https:\/\/supreme-appliances.com\/es\/shop\/samsung\/bespoke-4-door-flex-refrigerator-29-cu-ft-with-family-hub-in-charcoal-glass-top-and-stainless-steel-bottom-panels\/\" \/>\n<meta property=\"og:locale\" content=\"es_ES\" \/>\n<meta property=\"og:type\" content=\"article\" \/>\n<meta property=\"og:title\" content=\"Bespoke 4-Door Flex&#x2122; Refrigerator (29 cu. ft.) with Family Hub&#x2122;+ in Charcoal Glass Top and Stainless Steel Bottom Panels - Supreme Appliances\" \/>\n<meta property=\"og:description\" content=\"Model: RF29CB9900QK   Family Hub&#x2122; lets you see inside your smart refrigerator, manage your family\u2019s calendars, stream music, see who\u2019s at the front door, and much more, all right from your fridge.  With a huge 32\u201d screen that is 2x larger than previous models, it provides an enhanced and richer user experience for you and your family.  The Beverage Center&#x2122; features a water dispenser and AutoFill Water Pitcher.  Dual Auto Ice Maker makes two types of ice \u2013 cubed or Ice Bites.\" \/>\n<meta property=\"og:url\" content=\"https:\/\/supreme-appliances.com\/es\/shop\/samsung\/bespoke-4-door-flex-refrigerator-29-cu-ft-with-family-hub-in-charcoal-glass-top-and-stainless-steel-bottom-panels\/\" \/>\n<meta property=\"og:site_name\" content=\"Supreme Appliances\" \/>\n<meta property=\"article:publisher\" content=\"https:\/\/www.facebook.com\/supremeappliancesllc\/\" \/>\n<meta property=\"article:modified_time\" content=\"2023-10-26T11:18:52+00:00\" \/>\n<meta property=\"og:image\" content=\"https:\/\/supreme-appliances.com\/wp-content\/uploads\/2023\/10\/RF29CB9900QK_01_Clean_Charcoal_Glass_Stainless_Steel_SCOM.webp\" \/>\n\t<meta property=\"og:image:width\" content=\"800\" \/>\n\t<meta property=\"og:image:height\" content=\"600\" \/>\n\t<meta property=\"og:image:type\" content=\"image\/webp\" \/>\n<meta name=\"twitter:card\" content=\"summary_large_image\" \/>\n<script type=\"application\/ld+json\" class=\"yoast-schema-graph\">{\"@context\":\"https:\/\/schema.org\",\"@graph\":[{\"@type\":\"WebPage\",\"@id\":\"https:\/\/supreme-appliances.com\/shop\/samsung\/bespoke-4-door-flex-refrigerator-29-cu-ft-with-family-hub-in-charcoal-glass-top-and-stainless-steel-bottom-panels\/\",\"url\":\"https:\/\/supreme-appliances.com\/shop\/samsung\/bespoke-4-door-flex-refrigerator-29-cu-ft-with-family-hub-in-charcoal-glass-top-and-stainless-steel-bottom-panels\/\",\"name\":\"Bespoke 4-Door Flex&#x2122; Refrigerator (29 cu. ft.) with Family Hub&#x2122;+ in Charcoal Glass Top and Stainless Steel Bottom Panels - Supreme Appliances\",\"isPartOf\":{\"@id\":\"https:\/\/supreme-appliances.com\/#website\"},\"primaryImageOfPage\":{\"@id\":\"https:\/\/supreme-appliances.com\/shop\/samsung\/bespoke-4-door-flex-refrigerator-29-cu-ft-with-family-hub-in-charcoal-glass-top-and-stainless-steel-bottom-panels\/#primaryimage\"},\"image\":{\"@id\":\"https:\/\/supreme-appliances.com\/shop\/samsung\/bespoke-4-door-flex-refrigerator-29-cu-ft-with-family-hub-in-charcoal-glass-top-and-stainless-steel-bottom-panels\/#primaryimage\"},\"thumbnailUrl\":\"https:\/\/supreme-appliances.com\/wp-content\/uploads\/2023\/10\/RF29CB9900QK_01_Clean_Charcoal_Glass_Stainless_Steel_SCOM.webp\",\"datePublished\":\"2023-10-26T11:18:50+00:00\",\"dateModified\":\"2023-10-26T11:18:52+00:00\",\"breadcrumb\":{\"@id\":\"https:\/\/supreme-appliances.com\/shop\/samsung\/bespoke-4-door-flex-refrigerator-29-cu-ft-with-family-hub-in-charcoal-glass-top-and-stainless-steel-bottom-panels\/#breadcrumb\"},\"inLanguage\":\"es\",\"potentialAction\":[{\"@type\":\"ReadAction\",\"target\":[\"https:\/\/supreme-appliances.com\/shop\/samsung\/bespoke-4-door-flex-refrigerator-29-cu-ft-with-family-hub-in-charcoal-glass-top-and-stainless-steel-bottom-panels\/\"]}]},{\"@type\":\"ImageObject\",\"inLanguage\":\"es\",\"@id\":\"https:\/\/supreme-appliances.com\/shop\/samsung\/bespoke-4-door-flex-refrigerator-29-cu-ft-with-family-hub-in-charcoal-glass-top-and-stainless-steel-bottom-panels\/#primaryimage\",\"url\":\"https:\/\/supreme-appliances.com\/wp-content\/uploads\/2023\/10\/RF29CB9900QK_01_Clean_Charcoal_Glass_Stainless_Steel_SCOM.webp\",\"contentUrl\":\"https:\/\/supreme-appliances.com\/wp-content\/uploads\/2023\/10\/RF29CB9900QK_01_Clean_Charcoal_Glass_Stainless_Steel_SCOM.webp\",\"width\":800,\"height\":600},{\"@type\":\"BreadcrumbList\",\"@id\":\"https:\/\/supreme-appliances.com\/shop\/samsung\/bespoke-4-door-flex-refrigerator-29-cu-ft-with-family-hub-in-charcoal-glass-top-and-stainless-steel-bottom-panels\/#breadcrumb\",\"itemListElement\":[{\"@type\":\"ListItem\",\"position\":1,\"name\":\"Home\",\"item\":\"https:\/\/supreme-appliances.com\/\"},{\"@type\":\"ListItem\",\"position\":2,\"name\":\"Shop\",\"item\":\"https:\/\/supreme-appliances.com\/shop\/\"},{\"@type\":\"ListItem\",\"position\":3,\"name\":\"Bespoke 4-Door Flex&#x2122; Refrigerator (29 cu. ft.) with Family Hub&#x2122;+ in Charcoal Glass Top and Stainless Steel Bottom Panels\"}]},{\"@type\":\"WebSite\",\"@id\":\"https:\/\/supreme-appliances.com\/#website\",\"url\":\"https:\/\/supreme-appliances.com\/\",\"name\":\"supreme-appliances.com\",\"description\":\"Supreme Appliances\",\"publisher\":{\"@id\":\"https:\/\/supreme-appliances.com\/#organization\"},\"potentialAction\":[{\"@type\":\"SearchAction\",\"target\":{\"@type\":\"EntryPoint\",\"urlTemplate\":\"https:\/\/supreme-appliances.com\/?s={search_term_string}\"},\"query-input\":{\"@type\":\"PropertyValueSpecification\",\"valueRequired\":true,\"valueName\":\"search_term_string\"}}],\"inLanguage\":\"es\"},{\"@type\":\"Organization\",\"@id\":\"https:\/\/supreme-appliances.com\/#organization\",\"name\":\"Supreme Appliances\",\"url\":\"https:\/\/supreme-appliances.com\/\",\"logo\":{\"@type\":\"ImageObject\",\"inLanguage\":\"es\",\"@id\":\"https:\/\/supreme-appliances.com\/#\/schema\/logo\/image\/\",\"url\":\"https:\/\/supreme-appliances.com\/wp-content\/uploads\/2022\/08\/product.png\",\"contentUrl\":\"https:\/\/supreme-appliances.com\/wp-content\/uploads\/2022\/08\/product.png\",\"width\":577,\"height\":433,\"caption\":\"Supreme Appliances\"},\"image\":{\"@id\":\"https:\/\/supreme-appliances.com\/#\/schema\/logo\/image\/\"},\"sameAs\":[\"https:\/\/www.facebook.com\/supremeappliancesllc\/\"]}]}<\/script>\n<!-- \/ Yoast SEO plugin. -->","yoast_head_json":{"title":"Bespoke 4-Door Flex&#x2122; Refrigerator (29 cu. ft.) with Family Hub&#x2122;+ in Charcoal Glass Top and Stainless Steel Bottom Panels - Supreme Appliances","robots":{"index":"index","follow":"follow","max-snippet":"max-snippet:-1","max-image-preview":"max-image-preview:large","max-video-preview":"max-video-preview:-1"},"canonical":"https:\/\/supreme-appliances.com\/es\/shop\/samsung\/bespoke-4-door-flex-refrigerator-29-cu-ft-with-family-hub-in-charcoal-glass-top-and-stainless-steel-bottom-panels\/","og_locale":"es_ES","og_type":"article","og_title":"Bespoke 4-Door Flex&#x2122; Refrigerator (29 cu. ft.) with Family Hub&#x2122;+ in Charcoal Glass Top and Stainless Steel Bottom Panels - Supreme Appliances","og_description":"Model: RF29CB9900QK   Family Hub&#x2122; lets you see inside your smart refrigerator, manage your family\u2019s calendars, stream music, see who\u2019s at the front door, and much more, all right from your fridge.  With a huge 32\u201d screen that is 2x larger than previous models, it provides an enhanced and richer user experience for you and your family.  The Beverage Center&#x2122; features a water dispenser and AutoFill Water Pitcher.  Dual Auto Ice Maker makes two types of ice \u2013 cubed or Ice Bites.","og_url":"https:\/\/supreme-appliances.com\/es\/shop\/samsung\/bespoke-4-door-flex-refrigerator-29-cu-ft-with-family-hub-in-charcoal-glass-top-and-stainless-steel-bottom-panels\/","og_site_name":"Supreme Appliances","article_publisher":"https:\/\/www.facebook.com\/supremeappliancesllc\/","article_modified_time":"2023-10-26T11:18:52+00:00","og_image":[{"width":800,"height":600,"url":"https:\/\/supreme-appliances.com\/wp-content\/uploads\/2023\/10\/RF29CB9900QK_01_Clean_Charcoal_Glass_Stainless_Steel_SCOM.webp","type":"image\/webp"}],"twitter_card":"summary_large_image","schema":{"@context":"https:\/\/schema.org","@graph":[{"@type":"WebPage","@id":"https:\/\/supreme-appliances.com\/shop\/samsung\/bespoke-4-door-flex-refrigerator-29-cu-ft-with-family-hub-in-charcoal-glass-top-and-stainless-steel-bottom-panels\/","url":"https:\/\/supreme-appliances.com\/shop\/samsung\/bespoke-4-door-flex-refrigerator-29-cu-ft-with-family-hub-in-charcoal-glass-top-and-stainless-steel-bottom-panels\/","name":"Bespoke 4-Door Flex&#x2122; Refrigerator (29 cu. ft.) with Family Hub&#x2122;+ in Charcoal Glass Top and Stainless Steel Bottom Panels - Supreme Appliances","isPartOf":{"@id":"https:\/\/supreme-appliances.com\/#website"},"primaryImageOfPage":{"@id":"https:\/\/supreme-appliances.com\/shop\/samsung\/bespoke-4-door-flex-refrigerator-29-cu-ft-with-family-hub-in-charcoal-glass-top-and-stainless-steel-bottom-panels\/#primaryimage"},"image":{"@id":"https:\/\/supreme-appliances.com\/shop\/samsung\/bespoke-4-door-flex-refrigerator-29-cu-ft-with-family-hub-in-charcoal-glass-top-and-stainless-steel-bottom-panels\/#primaryimage"},"thumbnailUrl":"https:\/\/supreme-appliances.com\/wp-content\/uploads\/2023\/10\/RF29CB9900QK_01_Clean_Charcoal_Glass_Stainless_Steel_SCOM.webp","datePublished":"2023-10-26T11:18:50+00:00","dateModified":"2023-10-26T11:18:52+00:00","breadcrumb":{"@id":"https:\/\/supreme-appliances.com\/shop\/samsung\/bespoke-4-door-flex-refrigerator-29-cu-ft-with-family-hub-in-charcoal-glass-top-and-stainless-steel-bottom-panels\/#breadcrumb"},"inLanguage":"es","potentialAction":[{"@type":"ReadAction","target":["https:\/\/supreme-appliances.com\/shop\/samsung\/bespoke-4-door-flex-refrigerator-29-cu-ft-with-family-hub-in-charcoal-glass-top-and-stainless-steel-bottom-panels\/"]}]},{"@type":"ImageObject","inLanguage":"es","@id":"https:\/\/supreme-appliances.com\/shop\/samsung\/bespoke-4-door-flex-refrigerator-29-cu-ft-with-family-hub-in-charcoal-glass-top-and-stainless-steel-bottom-panels\/#primaryimage","url":"https:\/\/supreme-appliances.com\/wp-content\/uploads\/2023\/10\/RF29CB9900QK_01_Clean_Charcoal_Glass_Stainless_Steel_SCOM.webp","contentUrl":"https:\/\/supreme-appliances.com\/wp-content\/uploads\/2023\/10\/RF29CB9900QK_01_Clean_Charcoal_Glass_Stainless_Steel_SCOM.webp","width":800,"height":600},{"@type":"BreadcrumbList","@id":"https:\/\/supreme-appliances.com\/shop\/samsung\/bespoke-4-door-flex-refrigerator-29-cu-ft-with-family-hub-in-charcoal-glass-top-and-stainless-steel-bottom-panels\/#breadcrumb","itemListElement":[{"@type":"ListItem","position":1,"name":"Home","item":"https:\/\/supreme-appliances.com\/"},{"@type":"ListItem","position":2,"name":"Shop","item":"https:\/\/supreme-appliances.com\/shop\/"},{"@type":"ListItem","position":3,"name":"Bespoke 4-Door Flex&#x2122; Refrigerator (29 cu. ft.) with Family Hub&#x2122;+ in Charcoal Glass Top and Stainless Steel Bottom Panels"}]},{"@type":"WebSite","@id":"https:\/\/supreme-appliances.com\/#website","url":"https:\/\/supreme-appliances.com\/","name":"supreme-appliances.es","description":"Electrodom\u00e9sticos Supreme","publisher":{"@id":"https:\/\/supreme-appliances.com\/#organization"},"potentialAction":[{"@type":"SearchAction","target":{"@type":"EntryPoint","urlTemplate":"https:\/\/supreme-appliances.com\/?s={search_term_string}"},"query-input":{"@type":"PropertyValueSpecification","valueRequired":true,"valueName":"search_term_string"}}],"inLanguage":"es"},{"@type":"Organization","@id":"https:\/\/supreme-appliances.com\/#organization","name":"Electrodom\u00e9sticos Supreme","url":"https:\/\/supreme-appliances.com\/","logo":{"@type":"ImageObject","inLanguage":"es","@id":"https:\/\/supreme-appliances.com\/#\/schema\/logo\/image\/","url":"https:\/\/supreme-appliances.com\/wp-content\/uploads\/2022\/08\/product.png","contentUrl":"https:\/\/supreme-appliances.com\/wp-content\/uploads\/2022\/08\/product.png","width":577,"height":433,"caption":"Supreme Appliances"},"image":{"@id":"https:\/\/supreme-appliances.com\/#\/schema\/logo\/image\/"},"sameAs":["https:\/\/www.facebook.com\/supremeappliancesllc\/"]}]}},"_links":{"self":[{"href":"https:\/\/supreme-appliances.com\/es\/wp-json\/wp\/v2\/product\/4911","targetHints":{"allow":["GET"]}}],"collection":[{"href":"https:\/\/supreme-appliances.com\/es\/wp-json\/wp\/v2\/product"}],"about":[{"href":"https:\/\/supreme-appliances.com\/es\/wp-json\/wp\/v2\/types\/product"}],"replies":[{"embeddable":true,"href":"https:\/\/supreme-appliances.com\/es\/wp-json\/wp\/v2\/comments?post=4911"}],"version-history":[{"count":2,"href":"https:\/\/supreme-appliances.com\/es\/wp-json\/wp\/v2\/product\/4911\/revisions"}],"predecessor-version":[{"id":4914,"href":"https:\/\/supreme-appliances.com\/es\/wp-json\/wp\/v2\/product\/4911\/revisions\/4914"}],"wp:featuredmedia":[{"embeddable":true,"href":"https:\/\/supreme-appliances.com\/es\/wp-json\/wp\/v2\/media\/4912"}],"wp:attachment":[{"href":"https:\/\/supreme-appliances.com\/es\/wp-json\/wp\/v2\/media?parent=4911"}],"wp:term":[{"taxonomy":"product_brand","embeddable":true,"href":"https:\/\/supreme-appliances.com\/es\/wp-json\/wp\/v2\/product_brand?post=4911"},{"taxonomy":"product_cat","embeddable":true,"href":"https:\/\/supreme-appliances.com\/es\/wp-json\/wp\/v2\/product_cat?post=4911"},{"taxonomy":"product_tag","embeddable":true,"href":"https:\/\/supreme-appliances.com\/es\/wp-json\/wp\/v2\/product_tag?post=4911"}],"curies":[{"name":"wp","href":"https:\/\/api.w.org\/{rel}","templated":true}]}}