{"id":4931,"date":"2023-10-27T05:32:41","date_gmt":"2023-10-27T05:32:41","guid":{"rendered":"https:\/\/supreme-appliances.com\/?post_type=product&#038;p=4931"},"modified":"2023-10-27T05:32:41","modified_gmt":"2023-10-27T05:32:41","slug":"31-cu-ft-mega-capacity-4-door-french-door-refrigerator-with-dual-auto-ice-maker-in-stainless-steel","status":"publish","type":"product","link":"https:\/\/supreme-appliances.com\/es\/shop\/samsung\/31-cu-ft-mega-capacity-4-door-french-door-refrigerator-with-dual-auto-ice-maker-in-stainless-steel\/","title":{"rendered":"Frigor\u00edfico de puerta francesa de 4 puertas y gran capacidad de 31 pies c\u00fabicos con doble fabricador de hielo autom\u00e1tico en acero inoxidable"},"content":{"rendered":"","protected":false},"excerpt":{"rendered":"<p>Modelo: RF31CG7220SR<\/p>\n<ul class=\"product-details__info-description\">\n<li class=\"product-details__info-description--line product-details__info-description--line1\">El frigor\u00edfico de 4 puertas y puerta francesa de 31 pies c\u00fabicos con acabado en acero inoxidable es el frigor\u00edfico de 4 puertas con mayor capacidad de Estados Unidos\u00b9.<\/li>\n<li class=\"product-details__info-description--line product-details__info-description--line2\">Dual Auto Ice Maker hace dos tipos de hielo - en cubitos, o Ice Bites\u2122 que enfr\u00edan tu bebida m\u00e1s r\u00e1pido.\u00b2<\/li>\n<li class=\"product-details__info-description--line product-details__info-description--line3\">Un dise\u00f1o de frente plano con tiradores empotrados se integra perfectamente en su cocina.<\/li>\n<li class=\"product-details__info-description--line product-details__info-description--line4\">El dispensador de agua interno le permite acceder f\u00e1cilmente a agua fr\u00eda y filtrada.<\/li>\n<\/ul>","protected":false},"featured_media":4932,"comment_status":"open","ping_status":"closed","template":"","meta":{"site-sidebar-layout":"default","site-content-layout":"","ast-site-content-layout":"default","site-content-style":"default","site-sidebar-style":"default","ast-global-header-display":"","ast-banner-title-visibility":"","ast-main-header-display":"","ast-hfb-above-header-display":"","ast-hfb-below-header-display":"","ast-hfb-mobile-header-display":"","site-post-title":"","ast-breadcrumbs-content":"","ast-featured-img":"","footer-sml-layout":"","ast-disable-related-posts":"","theme-transparent-header-meta":"default","adv-header-id-meta":"","stick-header-meta":"","header-above-stick-meta":"","header-main-stick-meta":"","header-below-stick-meta":"","astra-migrate-meta-layouts":"set","ast-page-background-enabled":"default","ast-page-background-meta":{"desktop":{"background-color":"var(--ast-global-color-4)","background-image":"","background-repeat":"repeat","background-position":"center center","background-size":"auto","background-attachment":"scroll","background-type":"","background-media":"","overlay-type":"","overlay-color":"","overlay-opacity":"","overlay-gradient":""},"tablet":{"background-color":"","background-image":"","background-repeat":"repeat","background-position":"center center","background-size":"auto","background-attachment":"scroll","background-type":"","background-media":"","overlay-type":"","overlay-color":"","overlay-opacity":"","overlay-gradient":""},"mobile":{"background-color":"","background-image":"","background-repeat":"repeat","background-position":"center center","background-size":"auto","background-attachment":"scroll","background-type":"","background-media":"","overlay-type":"","overlay-color":"","overlay-opacity":"","overlay-gradient":""}},"ast-content-background-meta":{"desktop":{"background-color":"var(--ast-global-color-5)","background-image":"","background-repeat":"repeat","background-position":"center center","background-size":"auto","background-attachment":"scroll","background-type":"","background-media":"","overlay-type":"","overlay-color":"","overlay-opacity":"","overlay-gradient":""},"tablet":{"background-color":"var(--ast-global-color-5)","background-image":"","background-repeat":"repeat","background-position":"center center","background-size":"auto","background-attachment":"scroll","background-type":"","background-media":"","overlay-type":"","overlay-color":"","overlay-opacity":"","overlay-gradient":""},"mobile":{"background-color":"var(--ast-global-color-5)","background-image":"","background-repeat":"repeat","background-position":"center center","background-size":"auto","background-attachment":"scroll","background-type":"","background-media":"","overlay-type":"","overlay-color":"","overlay-opacity":"","overlay-gradient":""}},"_joinchat":[]},"product_brand":[],"product_cat":[25,21],"product_tag":[],"class_list":{"0":"post-4931","1":"product","2":"type-product","3":"status-publish","4":"has-post-thumbnail","6":"product_cat-refrigerators","7":"product_cat-samsung","8":"desktop-align-left","9":"tablet-align-left","10":"mobile-align-left","12":"first","13":"instock","14":"shipping-taxable","15":"product-type-simple"},"yoast_head":"<!-- This site is optimized with the Yoast SEO plugin v27.2 - https:\/\/yoast.com\/product\/yoast-seo-wordpress\/ -->\n<title>31 cu. ft. Mega Capacity 4-Door French Door Refrigerator with Dual Auto Ice Maker in Stainless Steel - Supreme Appliances<\/title>\n<meta name=\"robots\" content=\"index, follow, max-snippet:-1, max-image-preview:large, max-video-preview:-1\" \/>\n<link rel=\"canonical\" href=\"https:\/\/supreme-appliances.com\/es\/shop\/samsung\/31-cu-ft-mega-capacity-4-door-french-door-refrigerator-with-dual-auto-ice-maker-in-stainless-steel\/\" \/>\n<meta property=\"og:locale\" content=\"es_ES\" \/>\n<meta property=\"og:type\" content=\"article\" \/>\n<meta property=\"og:title\" content=\"31 cu. ft. Mega Capacity 4-Door French Door Refrigerator with Dual Auto Ice Maker in Stainless Steel - Supreme Appliances\" \/>\n<meta property=\"og:description\" content=\"Model: RF31CG7220SR   31 cu. ft. 4-Door French Door refrigerator in a Stainless Steel finish features America\u2019s largest capacity 4-door refrigerator.\u00b9  Dual Auto Ice Maker makes two types of ice \u2013 cubed, or Ice Bites&#x2122; that chill your drink faster.\u00b2  A flat-front design with recessed drawer handles blends beautifully into your kitchen.  Internal Water Dispenser gives you easy access to chilled and filtered water.\" \/>\n<meta property=\"og:url\" content=\"https:\/\/supreme-appliances.com\/es\/shop\/samsung\/31-cu-ft-mega-capacity-4-door-french-door-refrigerator-with-dual-auto-ice-maker-in-stainless-steel\/\" \/>\n<meta property=\"og:site_name\" content=\"Supreme Appliances\" \/>\n<meta property=\"article:publisher\" content=\"https:\/\/www.facebook.com\/supremeappliancesllc\/\" \/>\n<meta property=\"og:image\" content=\"https:\/\/supreme-appliances.com\/wp-content\/uploads\/2023\/10\/Refrigerator6.webp\" \/>\n\t<meta property=\"og:image:width\" content=\"800\" \/>\n\t<meta property=\"og:image:height\" content=\"600\" \/>\n\t<meta property=\"og:image:type\" content=\"image\/webp\" \/>\n<meta name=\"twitter:card\" content=\"summary_large_image\" \/>\n<script type=\"application\/ld+json\" class=\"yoast-schema-graph\">{\"@context\":\"https:\/\/schema.org\",\"@graph\":[{\"@type\":\"WebPage\",\"@id\":\"https:\/\/supreme-appliances.com\/shop\/samsung\/31-cu-ft-mega-capacity-4-door-french-door-refrigerator-with-dual-auto-ice-maker-in-stainless-steel\/\",\"url\":\"https:\/\/supreme-appliances.com\/shop\/samsung\/31-cu-ft-mega-capacity-4-door-french-door-refrigerator-with-dual-auto-ice-maker-in-stainless-steel\/\",\"name\":\"31 cu. ft. Mega Capacity 4-Door French Door Refrigerator with Dual Auto Ice Maker in Stainless Steel - Supreme Appliances\",\"isPartOf\":{\"@id\":\"https:\/\/supreme-appliances.com\/#website\"},\"primaryImageOfPage\":{\"@id\":\"https:\/\/supreme-appliances.com\/shop\/samsung\/31-cu-ft-mega-capacity-4-door-french-door-refrigerator-with-dual-auto-ice-maker-in-stainless-steel\/#primaryimage\"},\"image\":{\"@id\":\"https:\/\/supreme-appliances.com\/shop\/samsung\/31-cu-ft-mega-capacity-4-door-french-door-refrigerator-with-dual-auto-ice-maker-in-stainless-steel\/#primaryimage\"},\"thumbnailUrl\":\"https:\/\/supreme-appliances.com\/wp-content\/uploads\/2023\/10\/Refrigerator6.webp\",\"datePublished\":\"2023-10-27T05:32:41+00:00\",\"breadcrumb\":{\"@id\":\"https:\/\/supreme-appliances.com\/shop\/samsung\/31-cu-ft-mega-capacity-4-door-french-door-refrigerator-with-dual-auto-ice-maker-in-stainless-steel\/#breadcrumb\"},\"inLanguage\":\"es\",\"potentialAction\":[{\"@type\":\"ReadAction\",\"target\":[\"https:\/\/supreme-appliances.com\/shop\/samsung\/31-cu-ft-mega-capacity-4-door-french-door-refrigerator-with-dual-auto-ice-maker-in-stainless-steel\/\"]}]},{\"@type\":\"ImageObject\",\"inLanguage\":\"es\",\"@id\":\"https:\/\/supreme-appliances.com\/shop\/samsung\/31-cu-ft-mega-capacity-4-door-french-door-refrigerator-with-dual-auto-ice-maker-in-stainless-steel\/#primaryimage\",\"url\":\"https:\/\/supreme-appliances.com\/wp-content\/uploads\/2023\/10\/Refrigerator6.webp\",\"contentUrl\":\"https:\/\/supreme-appliances.com\/wp-content\/uploads\/2023\/10\/Refrigerator6.webp\",\"width\":800,\"height\":600},{\"@type\":\"BreadcrumbList\",\"@id\":\"https:\/\/supreme-appliances.com\/shop\/samsung\/31-cu-ft-mega-capacity-4-door-french-door-refrigerator-with-dual-auto-ice-maker-in-stainless-steel\/#breadcrumb\",\"itemListElement\":[{\"@type\":\"ListItem\",\"position\":1,\"name\":\"Home\",\"item\":\"https:\/\/supreme-appliances.com\/\"},{\"@type\":\"ListItem\",\"position\":2,\"name\":\"Shop\",\"item\":\"https:\/\/supreme-appliances.com\/shop\/\"},{\"@type\":\"ListItem\",\"position\":3,\"name\":\"31 cu. ft. Mega Capacity 4-Door French Door Refrigerator with Dual Auto Ice Maker in Stainless Steel\"}]},{\"@type\":\"WebSite\",\"@id\":\"https:\/\/supreme-appliances.com\/#website\",\"url\":\"https:\/\/supreme-appliances.com\/\",\"name\":\"supreme-appliances.com\",\"description\":\"Supreme Appliances\",\"publisher\":{\"@id\":\"https:\/\/supreme-appliances.com\/#organization\"},\"potentialAction\":[{\"@type\":\"SearchAction\",\"target\":{\"@type\":\"EntryPoint\",\"urlTemplate\":\"https:\/\/supreme-appliances.com\/?s={search_term_string}\"},\"query-input\":{\"@type\":\"PropertyValueSpecification\",\"valueRequired\":true,\"valueName\":\"search_term_string\"}}],\"inLanguage\":\"es\"},{\"@type\":\"Organization\",\"@id\":\"https:\/\/supreme-appliances.com\/#organization\",\"name\":\"Supreme Appliances\",\"url\":\"https:\/\/supreme-appliances.com\/\",\"logo\":{\"@type\":\"ImageObject\",\"inLanguage\":\"es\",\"@id\":\"https:\/\/supreme-appliances.com\/#\/schema\/logo\/image\/\",\"url\":\"https:\/\/supreme-appliances.com\/wp-content\/uploads\/2022\/08\/product.png\",\"contentUrl\":\"https:\/\/supreme-appliances.com\/wp-content\/uploads\/2022\/08\/product.png\",\"width\":577,\"height\":433,\"caption\":\"Supreme Appliances\"},\"image\":{\"@id\":\"https:\/\/supreme-appliances.com\/#\/schema\/logo\/image\/\"},\"sameAs\":[\"https:\/\/www.facebook.com\/supremeappliancesllc\/\"]}]}<\/script>\n<!-- \/ Yoast SEO plugin. -->","yoast_head_json":{"title":"31 cu. ft. Mega Capacity 4-Door French Door Refrigerator with Dual Auto Ice Maker in Stainless Steel - Supreme Appliances","robots":{"index":"index","follow":"follow","max-snippet":"max-snippet:-1","max-image-preview":"max-image-preview:large","max-video-preview":"max-video-preview:-1"},"canonical":"https:\/\/supreme-appliances.com\/es\/shop\/samsung\/31-cu-ft-mega-capacity-4-door-french-door-refrigerator-with-dual-auto-ice-maker-in-stainless-steel\/","og_locale":"es_ES","og_type":"article","og_title":"31 cu. ft. Mega Capacity 4-Door French Door Refrigerator with Dual Auto Ice Maker in Stainless Steel - Supreme Appliances","og_description":"Model: RF31CG7220SR   31 cu. ft. 4-Door French Door refrigerator in a Stainless Steel finish features America\u2019s largest capacity 4-door refrigerator.\u00b9  Dual Auto Ice Maker makes two types of ice \u2013 cubed, or Ice Bites&#x2122; that chill your drink faster.\u00b2  A flat-front design with recessed drawer handles blends beautifully into your kitchen.  Internal Water Dispenser gives you easy access to chilled and filtered water.","og_url":"https:\/\/supreme-appliances.com\/es\/shop\/samsung\/31-cu-ft-mega-capacity-4-door-french-door-refrigerator-with-dual-auto-ice-maker-in-stainless-steel\/","og_site_name":"Supreme Appliances","article_publisher":"https:\/\/www.facebook.com\/supremeappliancesllc\/","og_image":[{"width":800,"height":600,"url":"https:\/\/supreme-appliances.com\/wp-content\/uploads\/2023\/10\/Refrigerator6.webp","type":"image\/webp"}],"twitter_card":"summary_large_image","schema":{"@context":"https:\/\/schema.org","@graph":[{"@type":"WebPage","@id":"https:\/\/supreme-appliances.com\/shop\/samsung\/31-cu-ft-mega-capacity-4-door-french-door-refrigerator-with-dual-auto-ice-maker-in-stainless-steel\/","url":"https:\/\/supreme-appliances.com\/shop\/samsung\/31-cu-ft-mega-capacity-4-door-french-door-refrigerator-with-dual-auto-ice-maker-in-stainless-steel\/","name":"31 cu. ft. Mega Capacity 4-Door French Door Refrigerator with Dual Auto Ice Maker in Stainless Steel - Supreme Appliances","isPartOf":{"@id":"https:\/\/supreme-appliances.com\/#website"},"primaryImageOfPage":{"@id":"https:\/\/supreme-appliances.com\/shop\/samsung\/31-cu-ft-mega-capacity-4-door-french-door-refrigerator-with-dual-auto-ice-maker-in-stainless-steel\/#primaryimage"},"image":{"@id":"https:\/\/supreme-appliances.com\/shop\/samsung\/31-cu-ft-mega-capacity-4-door-french-door-refrigerator-with-dual-auto-ice-maker-in-stainless-steel\/#primaryimage"},"thumbnailUrl":"https:\/\/supreme-appliances.com\/wp-content\/uploads\/2023\/10\/Refrigerator6.webp","datePublished":"2023-10-27T05:32:41+00:00","breadcrumb":{"@id":"https:\/\/supreme-appliances.com\/shop\/samsung\/31-cu-ft-mega-capacity-4-door-french-door-refrigerator-with-dual-auto-ice-maker-in-stainless-steel\/#breadcrumb"},"inLanguage":"es","potentialAction":[{"@type":"ReadAction","target":["https:\/\/supreme-appliances.com\/shop\/samsung\/31-cu-ft-mega-capacity-4-door-french-door-refrigerator-with-dual-auto-ice-maker-in-stainless-steel\/"]}]},{"@type":"ImageObject","inLanguage":"es","@id":"https:\/\/supreme-appliances.com\/shop\/samsung\/31-cu-ft-mega-capacity-4-door-french-door-refrigerator-with-dual-auto-ice-maker-in-stainless-steel\/#primaryimage","url":"https:\/\/supreme-appliances.com\/wp-content\/uploads\/2023\/10\/Refrigerator6.webp","contentUrl":"https:\/\/supreme-appliances.com\/wp-content\/uploads\/2023\/10\/Refrigerator6.webp","width":800,"height":600},{"@type":"BreadcrumbList","@id":"https:\/\/supreme-appliances.com\/shop\/samsung\/31-cu-ft-mega-capacity-4-door-french-door-refrigerator-with-dual-auto-ice-maker-in-stainless-steel\/#breadcrumb","itemListElement":[{"@type":"ListItem","position":1,"name":"Home","item":"https:\/\/supreme-appliances.com\/"},{"@type":"ListItem","position":2,"name":"Shop","item":"https:\/\/supreme-appliances.com\/shop\/"},{"@type":"ListItem","position":3,"name":"31 cu. ft. Mega Capacity 4-Door French Door Refrigerator with Dual Auto Ice Maker in Stainless Steel"}]},{"@type":"WebSite","@id":"https:\/\/supreme-appliances.com\/#website","url":"https:\/\/supreme-appliances.com\/","name":"supreme-appliances.es","description":"Electrodom\u00e9sticos Supreme","publisher":{"@id":"https:\/\/supreme-appliances.com\/#organization"},"potentialAction":[{"@type":"SearchAction","target":{"@type":"EntryPoint","urlTemplate":"https:\/\/supreme-appliances.com\/?s={search_term_string}"},"query-input":{"@type":"PropertyValueSpecification","valueRequired":true,"valueName":"search_term_string"}}],"inLanguage":"es"},{"@type":"Organization","@id":"https:\/\/supreme-appliances.com\/#organization","name":"Electrodom\u00e9sticos Supreme","url":"https:\/\/supreme-appliances.com\/","logo":{"@type":"ImageObject","inLanguage":"es","@id":"https:\/\/supreme-appliances.com\/#\/schema\/logo\/image\/","url":"https:\/\/supreme-appliances.com\/wp-content\/uploads\/2022\/08\/product.png","contentUrl":"https:\/\/supreme-appliances.com\/wp-content\/uploads\/2022\/08\/product.png","width":577,"height":433,"caption":"Supreme Appliances"},"image":{"@id":"https:\/\/supreme-appliances.com\/#\/schema\/logo\/image\/"},"sameAs":["https:\/\/www.facebook.com\/supremeappliancesllc\/"]}]}},"_links":{"self":[{"href":"https:\/\/supreme-appliances.com\/es\/wp-json\/wp\/v2\/product\/4931","targetHints":{"allow":["GET"]}}],"collection":[{"href":"https:\/\/supreme-appliances.com\/es\/wp-json\/wp\/v2\/product"}],"about":[{"href":"https:\/\/supreme-appliances.com\/es\/wp-json\/wp\/v2\/types\/product"}],"replies":[{"embeddable":true,"href":"https:\/\/supreme-appliances.com\/es\/wp-json\/wp\/v2\/comments?post=4931"}],"version-history":[{"count":1,"href":"https:\/\/supreme-appliances.com\/es\/wp-json\/wp\/v2\/product\/4931\/revisions"}],"predecessor-version":[{"id":4933,"href":"https:\/\/supreme-appliances.com\/es\/wp-json\/wp\/v2\/product\/4931\/revisions\/4933"}],"wp:featuredmedia":[{"embeddable":true,"href":"https:\/\/supreme-appliances.com\/es\/wp-json\/wp\/v2\/media\/4932"}],"wp:attachment":[{"href":"https:\/\/supreme-appliances.com\/es\/wp-json\/wp\/v2\/media?parent=4931"}],"wp:term":[{"taxonomy":"product_brand","embeddable":true,"href":"https:\/\/supreme-appliances.com\/es\/wp-json\/wp\/v2\/product_brand?post=4931"},{"taxonomy":"product_cat","embeddable":true,"href":"https:\/\/supreme-appliances.com\/es\/wp-json\/wp\/v2\/product_cat?post=4931"},{"taxonomy":"product_tag","embeddable":true,"href":"https:\/\/supreme-appliances.com\/es\/wp-json\/wp\/v2\/product_tag?post=4931"}],"curies":[{"name":"wp","href":"https:\/\/api.w.org\/{rel}","templated":true}]}}