{"id":4937,"date":"2023-10-27T05:44:52","date_gmt":"2023-10-27T05:44:52","guid":{"rendered":"https:\/\/supreme-appliances.com\/?post_type=product&#038;p=4937"},"modified":"2023-10-27T05:44:52","modified_gmt":"2023-10-27T05:44:52","slug":"30-cu-ft-mega-capacity-3-door-french-door-refrigerator-with-family-hub-in-stainless-steel","status":"publish","type":"product","link":"https:\/\/supreme-appliances.com\/es\/shop\/samsung\/30-cu-ft-mega-capacity-3-door-french-door-refrigerator-with-family-hub-in-stainless-steel\/","title":{"rendered":"Frigor\u00edfico de puerta francesa de 3 puertas y gran capacidad de 30 pies c\u00fabicos con Family Hub\u2122 en acero inoxidable"},"content":{"rendered":"","protected":false},"excerpt":{"rendered":"<p>Modelo: RF32CG5900SR<\/p>\n<ul class=\"product-details__info-description\">\n<li class=\"product-details__info-description--line product-details__info-description--line1\">El frigor\u00edfico de gran capacidad de 30 pies c\u00fabicos ofrece espacio extra para m\u00e1s comestibles<\/li>\n<li class=\"product-details__info-description--line product-details__info-description--line2\">El frigor\u00edfico m\u00e1s inteligente del sector The Family Hub\u2122. Reproduce m\u00fasica, haz la compra y navega por Internet.<\/li>\n<li class=\"product-details__info-description--line product-details__info-description--line3\">Consigue cuatro tipos de hielo: en cubitos, Ice Bites\u2122, curvado o triturado.<\/li>\n<li class=\"product-details__info-description--line product-details__info-description--line4\">\n<div>Un dise\u00f1o de frente plano con tiradores de puerta de perfil bajo y tiradores de caj\u00f3n empotrados se integra perfectamente en su cocina.<\/div>\n<\/li>\n<\/ul>","protected":false},"featured_media":4938,"comment_status":"open","ping_status":"closed","template":"","meta":{"site-sidebar-layout":"default","site-content-layout":"","ast-site-content-layout":"default","site-content-style":"default","site-sidebar-style":"default","ast-global-header-display":"","ast-banner-title-visibility":"","ast-main-header-display":"","ast-hfb-above-header-display":"","ast-hfb-below-header-display":"","ast-hfb-mobile-header-display":"","site-post-title":"","ast-breadcrumbs-content":"","ast-featured-img":"","footer-sml-layout":"","ast-disable-related-posts":"","theme-transparent-header-meta":"default","adv-header-id-meta":"","stick-header-meta":"","header-above-stick-meta":"","header-main-stick-meta":"","header-below-stick-meta":"","astra-migrate-meta-layouts":"set","ast-page-background-enabled":"default","ast-page-background-meta":{"desktop":{"background-color":"var(--ast-global-color-4)","background-image":"","background-repeat":"repeat","background-position":"center center","background-size":"auto","background-attachment":"scroll","background-type":"","background-media":"","overlay-type":"","overlay-color":"","overlay-opacity":"","overlay-gradient":""},"tablet":{"background-color":"","background-image":"","background-repeat":"repeat","background-position":"center center","background-size":"auto","background-attachment":"scroll","background-type":"","background-media":"","overlay-type":"","overlay-color":"","overlay-opacity":"","overlay-gradient":""},"mobile":{"background-color":"","background-image":"","background-repeat":"repeat","background-position":"center center","background-size":"auto","background-attachment":"scroll","background-type":"","background-media":"","overlay-type":"","overlay-color":"","overlay-opacity":"","overlay-gradient":""}},"ast-content-background-meta":{"desktop":{"background-color":"var(--ast-global-color-5)","background-image":"","background-repeat":"repeat","background-position":"center center","background-size":"auto","background-attachment":"scroll","background-type":"","background-media":"","overlay-type":"","overlay-color":"","overlay-opacity":"","overlay-gradient":""},"tablet":{"background-color":"var(--ast-global-color-5)","background-image":"","background-repeat":"repeat","background-position":"center center","background-size":"auto","background-attachment":"scroll","background-type":"","background-media":"","overlay-type":"","overlay-color":"","overlay-opacity":"","overlay-gradient":""},"mobile":{"background-color":"var(--ast-global-color-5)","background-image":"","background-repeat":"repeat","background-position":"center center","background-size":"auto","background-attachment":"scroll","background-type":"","background-media":"","overlay-type":"","overlay-color":"","overlay-opacity":"","overlay-gradient":""}},"_joinchat":[]},"product_brand":[],"product_cat":[25,21],"product_tag":[],"class_list":{"0":"post-4937","1":"product","2":"type-product","3":"status-publish","4":"has-post-thumbnail","6":"product_cat-refrigerators","7":"product_cat-samsung","8":"desktop-align-left","9":"tablet-align-left","10":"mobile-align-left","12":"first","13":"instock","14":"shipping-taxable","15":"product-type-simple"},"yoast_head":"<!-- This site is optimized with the Yoast SEO plugin v27.2 - https:\/\/yoast.com\/product\/yoast-seo-wordpress\/ -->\n<title>30 cu. ft. Mega Capacity 3-Door French Door Refrigerator with Family Hub&#x2122; in Stainless Steel - Supreme Appliances<\/title>\n<meta name=\"robots\" content=\"index, follow, max-snippet:-1, max-image-preview:large, max-video-preview:-1\" \/>\n<link rel=\"canonical\" href=\"https:\/\/supreme-appliances.com\/es\/shop\/samsung\/30-cu-ft-mega-capacity-3-door-french-door-refrigerator-with-family-hub-in-stainless-steel\/\" \/>\n<meta property=\"og:locale\" content=\"es_ES\" \/>\n<meta property=\"og:type\" content=\"article\" \/>\n<meta property=\"og:title\" content=\"30 cu. ft. Mega Capacity 3-Door French Door Refrigerator with Family Hub&#x2122; in Stainless Steel - Supreme Appliances\" \/>\n<meta property=\"og:description\" content=\"Model: RF32CG5900SR   30 cu. ft. Mega Capacity Refrigerator fits more groceries with extra room  The industry\u2019s smartest fridge The Family Hub&#x2122;. Stream music, order groceries, and surf the web.  Get Four Types of Ice: cubed, Ice Bites&#x2122;, curved, or crushed.   A flat-front design with low-profile door handles and recessed drawer handles blends beautifully into your kitchen.\" \/>\n<meta property=\"og:url\" content=\"https:\/\/supreme-appliances.com\/es\/shop\/samsung\/30-cu-ft-mega-capacity-3-door-french-door-refrigerator-with-family-hub-in-stainless-steel\/\" \/>\n<meta property=\"og:site_name\" content=\"Supreme Appliances\" \/>\n<meta property=\"article:publisher\" content=\"https:\/\/www.facebook.com\/supremeappliancesllc\/\" \/>\n<meta property=\"og:image\" content=\"https:\/\/supreme-appliances.com\/wp-content\/uploads\/2023\/10\/Refrigerator8.webp\" \/>\n\t<meta property=\"og:image:width\" content=\"800\" \/>\n\t<meta property=\"og:image:height\" content=\"600\" \/>\n\t<meta property=\"og:image:type\" content=\"image\/webp\" \/>\n<meta name=\"twitter:card\" content=\"summary_large_image\" \/>\n<script type=\"application\/ld+json\" class=\"yoast-schema-graph\">{\"@context\":\"https:\/\/schema.org\",\"@graph\":[{\"@type\":\"WebPage\",\"@id\":\"https:\/\/supreme-appliances.com\/shop\/samsung\/30-cu-ft-mega-capacity-3-door-french-door-refrigerator-with-family-hub-in-stainless-steel\/\",\"url\":\"https:\/\/supreme-appliances.com\/shop\/samsung\/30-cu-ft-mega-capacity-3-door-french-door-refrigerator-with-family-hub-in-stainless-steel\/\",\"name\":\"30 cu. ft. Mega Capacity 3-Door French Door Refrigerator with Family Hub&#x2122; in Stainless Steel - Supreme Appliances\",\"isPartOf\":{\"@id\":\"https:\/\/supreme-appliances.com\/#website\"},\"primaryImageOfPage\":{\"@id\":\"https:\/\/supreme-appliances.com\/shop\/samsung\/30-cu-ft-mega-capacity-3-door-french-door-refrigerator-with-family-hub-in-stainless-steel\/#primaryimage\"},\"image\":{\"@id\":\"https:\/\/supreme-appliances.com\/shop\/samsung\/30-cu-ft-mega-capacity-3-door-french-door-refrigerator-with-family-hub-in-stainless-steel\/#primaryimage\"},\"thumbnailUrl\":\"https:\/\/supreme-appliances.com\/wp-content\/uploads\/2023\/10\/Refrigerator8.webp\",\"datePublished\":\"2023-10-27T05:44:52+00:00\",\"breadcrumb\":{\"@id\":\"https:\/\/supreme-appliances.com\/shop\/samsung\/30-cu-ft-mega-capacity-3-door-french-door-refrigerator-with-family-hub-in-stainless-steel\/#breadcrumb\"},\"inLanguage\":\"es\",\"potentialAction\":[{\"@type\":\"ReadAction\",\"target\":[\"https:\/\/supreme-appliances.com\/shop\/samsung\/30-cu-ft-mega-capacity-3-door-french-door-refrigerator-with-family-hub-in-stainless-steel\/\"]}]},{\"@type\":\"ImageObject\",\"inLanguage\":\"es\",\"@id\":\"https:\/\/supreme-appliances.com\/shop\/samsung\/30-cu-ft-mega-capacity-3-door-french-door-refrigerator-with-family-hub-in-stainless-steel\/#primaryimage\",\"url\":\"https:\/\/supreme-appliances.com\/wp-content\/uploads\/2023\/10\/Refrigerator8.webp\",\"contentUrl\":\"https:\/\/supreme-appliances.com\/wp-content\/uploads\/2023\/10\/Refrigerator8.webp\",\"width\":800,\"height\":600},{\"@type\":\"BreadcrumbList\",\"@id\":\"https:\/\/supreme-appliances.com\/shop\/samsung\/30-cu-ft-mega-capacity-3-door-french-door-refrigerator-with-family-hub-in-stainless-steel\/#breadcrumb\",\"itemListElement\":[{\"@type\":\"ListItem\",\"position\":1,\"name\":\"Home\",\"item\":\"https:\/\/supreme-appliances.com\/\"},{\"@type\":\"ListItem\",\"position\":2,\"name\":\"Shop\",\"item\":\"https:\/\/supreme-appliances.com\/shop\/\"},{\"@type\":\"ListItem\",\"position\":3,\"name\":\"30 cu. ft. Mega Capacity 3-Door French Door Refrigerator with Family Hub&#x2122; in Stainless Steel\"}]},{\"@type\":\"WebSite\",\"@id\":\"https:\/\/supreme-appliances.com\/#website\",\"url\":\"https:\/\/supreme-appliances.com\/\",\"name\":\"supreme-appliances.com\",\"description\":\"Supreme Appliances\",\"publisher\":{\"@id\":\"https:\/\/supreme-appliances.com\/#organization\"},\"potentialAction\":[{\"@type\":\"SearchAction\",\"target\":{\"@type\":\"EntryPoint\",\"urlTemplate\":\"https:\/\/supreme-appliances.com\/?s={search_term_string}\"},\"query-input\":{\"@type\":\"PropertyValueSpecification\",\"valueRequired\":true,\"valueName\":\"search_term_string\"}}],\"inLanguage\":\"es\"},{\"@type\":\"Organization\",\"@id\":\"https:\/\/supreme-appliances.com\/#organization\",\"name\":\"Supreme Appliances\",\"url\":\"https:\/\/supreme-appliances.com\/\",\"logo\":{\"@type\":\"ImageObject\",\"inLanguage\":\"es\",\"@id\":\"https:\/\/supreme-appliances.com\/#\/schema\/logo\/image\/\",\"url\":\"https:\/\/supreme-appliances.com\/wp-content\/uploads\/2022\/08\/product.png\",\"contentUrl\":\"https:\/\/supreme-appliances.com\/wp-content\/uploads\/2022\/08\/product.png\",\"width\":577,\"height\":433,\"caption\":\"Supreme Appliances\"},\"image\":{\"@id\":\"https:\/\/supreme-appliances.com\/#\/schema\/logo\/image\/\"},\"sameAs\":[\"https:\/\/www.facebook.com\/supremeappliancesllc\/\"]}]}<\/script>\n<!-- \/ Yoast SEO plugin. -->","yoast_head_json":{"title":"30 cu. ft. Mega Capacity 3-Door French Door Refrigerator with Family Hub&#x2122; in Stainless Steel - Supreme Appliances","robots":{"index":"index","follow":"follow","max-snippet":"max-snippet:-1","max-image-preview":"max-image-preview:large","max-video-preview":"max-video-preview:-1"},"canonical":"https:\/\/supreme-appliances.com\/es\/shop\/samsung\/30-cu-ft-mega-capacity-3-door-french-door-refrigerator-with-family-hub-in-stainless-steel\/","og_locale":"es_ES","og_type":"article","og_title":"30 cu. ft. Mega Capacity 3-Door French Door Refrigerator with Family Hub&#x2122; in Stainless Steel - Supreme Appliances","og_description":"Model: RF32CG5900SR   30 cu. ft. Mega Capacity Refrigerator fits more groceries with extra room  The industry\u2019s smartest fridge The Family Hub&#x2122;. Stream music, order groceries, and surf the web.  Get Four Types of Ice: cubed, Ice Bites&#x2122;, curved, or crushed.   A flat-front design with low-profile door handles and recessed drawer handles blends beautifully into your kitchen.","og_url":"https:\/\/supreme-appliances.com\/es\/shop\/samsung\/30-cu-ft-mega-capacity-3-door-french-door-refrigerator-with-family-hub-in-stainless-steel\/","og_site_name":"Supreme Appliances","article_publisher":"https:\/\/www.facebook.com\/supremeappliancesllc\/","og_image":[{"width":800,"height":600,"url":"https:\/\/supreme-appliances.com\/wp-content\/uploads\/2023\/10\/Refrigerator8.webp","type":"image\/webp"}],"twitter_card":"summary_large_image","schema":{"@context":"https:\/\/schema.org","@graph":[{"@type":"WebPage","@id":"https:\/\/supreme-appliances.com\/shop\/samsung\/30-cu-ft-mega-capacity-3-door-french-door-refrigerator-with-family-hub-in-stainless-steel\/","url":"https:\/\/supreme-appliances.com\/shop\/samsung\/30-cu-ft-mega-capacity-3-door-french-door-refrigerator-with-family-hub-in-stainless-steel\/","name":"30 cu. ft. Mega Capacity 3-Door French Door Refrigerator with Family Hub&#x2122; in Stainless Steel - Supreme Appliances","isPartOf":{"@id":"https:\/\/supreme-appliances.com\/#website"},"primaryImageOfPage":{"@id":"https:\/\/supreme-appliances.com\/shop\/samsung\/30-cu-ft-mega-capacity-3-door-french-door-refrigerator-with-family-hub-in-stainless-steel\/#primaryimage"},"image":{"@id":"https:\/\/supreme-appliances.com\/shop\/samsung\/30-cu-ft-mega-capacity-3-door-french-door-refrigerator-with-family-hub-in-stainless-steel\/#primaryimage"},"thumbnailUrl":"https:\/\/supreme-appliances.com\/wp-content\/uploads\/2023\/10\/Refrigerator8.webp","datePublished":"2023-10-27T05:44:52+00:00","breadcrumb":{"@id":"https:\/\/supreme-appliances.com\/shop\/samsung\/30-cu-ft-mega-capacity-3-door-french-door-refrigerator-with-family-hub-in-stainless-steel\/#breadcrumb"},"inLanguage":"es","potentialAction":[{"@type":"ReadAction","target":["https:\/\/supreme-appliances.com\/shop\/samsung\/30-cu-ft-mega-capacity-3-door-french-door-refrigerator-with-family-hub-in-stainless-steel\/"]}]},{"@type":"ImageObject","inLanguage":"es","@id":"https:\/\/supreme-appliances.com\/shop\/samsung\/30-cu-ft-mega-capacity-3-door-french-door-refrigerator-with-family-hub-in-stainless-steel\/#primaryimage","url":"https:\/\/supreme-appliances.com\/wp-content\/uploads\/2023\/10\/Refrigerator8.webp","contentUrl":"https:\/\/supreme-appliances.com\/wp-content\/uploads\/2023\/10\/Refrigerator8.webp","width":800,"height":600},{"@type":"BreadcrumbList","@id":"https:\/\/supreme-appliances.com\/shop\/samsung\/30-cu-ft-mega-capacity-3-door-french-door-refrigerator-with-family-hub-in-stainless-steel\/#breadcrumb","itemListElement":[{"@type":"ListItem","position":1,"name":"Home","item":"https:\/\/supreme-appliances.com\/"},{"@type":"ListItem","position":2,"name":"Shop","item":"https:\/\/supreme-appliances.com\/shop\/"},{"@type":"ListItem","position":3,"name":"30 cu. ft. Mega Capacity 3-Door French Door Refrigerator with Family Hub&#x2122; in Stainless Steel"}]},{"@type":"WebSite","@id":"https:\/\/supreme-appliances.com\/#website","url":"https:\/\/supreme-appliances.com\/","name":"supreme-appliances.es","description":"Electrodom\u00e9sticos Supreme","publisher":{"@id":"https:\/\/supreme-appliances.com\/#organization"},"potentialAction":[{"@type":"SearchAction","target":{"@type":"EntryPoint","urlTemplate":"https:\/\/supreme-appliances.com\/?s={search_term_string}"},"query-input":{"@type":"PropertyValueSpecification","valueRequired":true,"valueName":"search_term_string"}}],"inLanguage":"es"},{"@type":"Organization","@id":"https:\/\/supreme-appliances.com\/#organization","name":"Electrodom\u00e9sticos Supreme","url":"https:\/\/supreme-appliances.com\/","logo":{"@type":"ImageObject","inLanguage":"es","@id":"https:\/\/supreme-appliances.com\/#\/schema\/logo\/image\/","url":"https:\/\/supreme-appliances.com\/wp-content\/uploads\/2022\/08\/product.png","contentUrl":"https:\/\/supreme-appliances.com\/wp-content\/uploads\/2022\/08\/product.png","width":577,"height":433,"caption":"Supreme Appliances"},"image":{"@id":"https:\/\/supreme-appliances.com\/#\/schema\/logo\/image\/"},"sameAs":["https:\/\/www.facebook.com\/supremeappliancesllc\/"]}]}},"_links":{"self":[{"href":"https:\/\/supreme-appliances.com\/es\/wp-json\/wp\/v2\/product\/4937","targetHints":{"allow":["GET"]}}],"collection":[{"href":"https:\/\/supreme-appliances.com\/es\/wp-json\/wp\/v2\/product"}],"about":[{"href":"https:\/\/supreme-appliances.com\/es\/wp-json\/wp\/v2\/types\/product"}],"replies":[{"embeddable":true,"href":"https:\/\/supreme-appliances.com\/es\/wp-json\/wp\/v2\/comments?post=4937"}],"version-history":[{"count":1,"href":"https:\/\/supreme-appliances.com\/es\/wp-json\/wp\/v2\/product\/4937\/revisions"}],"predecessor-version":[{"id":4939,"href":"https:\/\/supreme-appliances.com\/es\/wp-json\/wp\/v2\/product\/4937\/revisions\/4939"}],"wp:featuredmedia":[{"embeddable":true,"href":"https:\/\/supreme-appliances.com\/es\/wp-json\/wp\/v2\/media\/4938"}],"wp:attachment":[{"href":"https:\/\/supreme-appliances.com\/es\/wp-json\/wp\/v2\/media?parent=4937"}],"wp:term":[{"taxonomy":"product_brand","embeddable":true,"href":"https:\/\/supreme-appliances.com\/es\/wp-json\/wp\/v2\/product_brand?post=4937"},{"taxonomy":"product_cat","embeddable":true,"href":"https:\/\/supreme-appliances.com\/es\/wp-json\/wp\/v2\/product_cat?post=4937"},{"taxonomy":"product_tag","embeddable":true,"href":"https:\/\/supreme-appliances.com\/es\/wp-json\/wp\/v2\/product_tag?post=4937"}],"curies":[{"name":"wp","href":"https:\/\/api.w.org\/{rel}","templated":true}]}}