{"id":4940,"date":"2023-10-27T05:49:24","date_gmt":"2023-10-27T05:49:24","guid":{"rendered":"https:\/\/supreme-appliances.com\/?post_type=product&#038;p=4940"},"modified":"2023-10-27T05:49:24","modified_gmt":"2023-10-27T05:49:24","slug":"bespoke-3-door-french-door-refrigerator-30-cu-ft-with-top-left-and-family-hub-panel-in-white-glass-and-matte-grey-glass-bottom-door-panel","status":"publish","type":"product","link":"https:\/\/supreme-appliances.com\/es\/shop\/samsung\/bespoke-3-door-french-door-refrigerator-30-cu-ft-with-top-left-and-family-hub-panel-in-white-glass-and-matte-grey-glass-bottom-door-panel\/","title":{"rendered":"Frigor\u00edfico Bespoke de 3 puertas y puerta francesa (30 pies c\u00fabicos) - con panel superior izquierdo y Family Hub\u2122 en cristal blanco - y panel inferior de la puerta en cristal gris mate."},"content":{"rendered":"","protected":false},"excerpt":{"rendered":"<p>Modelo: RF30BB69006M<\/p>\n<ul class=\"product-details__info-description\" role=\"presentation\">\n<li class=\"product-details__info-description--line product-details__info-description--line1\" role=\"presentation\">Frigor\u00edfico de puerta francesa de 3 puertas y capacidad extragrande con paneles de puerta personalizables y cambiables disponibles en varios colores y acabados con Family Hub\u2122. El Family Hub\u2122 de Samsung te permite ver el interior de tu frigor\u00edfico, gestionar los calendarios de tu familia, escuchar m\u00fasica en streaming, ver qui\u00e9n est\u00e1 en la puerta principal y mucho m\u00e1s, todo directamente desde tu frigor\u00edfico. Tambi\u00e9n cuenta con el Beverage Center\u2122 con dispensador de agua y jarra de agua AutoFill.  Adem\u00e1s de una doble m\u00e1quina de hielo con cubitos y Ice Bites\u2122.<\/li>\n<\/ul>","protected":false},"featured_media":4941,"comment_status":"open","ping_status":"closed","template":"","meta":{"site-sidebar-layout":"default","site-content-layout":"","ast-site-content-layout":"default","site-content-style":"default","site-sidebar-style":"default","ast-global-header-display":"","ast-banner-title-visibility":"","ast-main-header-display":"","ast-hfb-above-header-display":"","ast-hfb-below-header-display":"","ast-hfb-mobile-header-display":"","site-post-title":"","ast-breadcrumbs-content":"","ast-featured-img":"","footer-sml-layout":"","ast-disable-related-posts":"","theme-transparent-header-meta":"default","adv-header-id-meta":"","stick-header-meta":"","header-above-stick-meta":"","header-main-stick-meta":"","header-below-stick-meta":"","astra-migrate-meta-layouts":"set","ast-page-background-enabled":"default","ast-page-background-meta":{"desktop":{"background-color":"var(--ast-global-color-4)","background-image":"","background-repeat":"repeat","background-position":"center center","background-size":"auto","background-attachment":"scroll","background-type":"","background-media":"","overlay-type":"","overlay-color":"","overlay-opacity":"","overlay-gradient":""},"tablet":{"background-color":"","background-image":"","background-repeat":"repeat","background-position":"center center","background-size":"auto","background-attachment":"scroll","background-type":"","background-media":"","overlay-type":"","overlay-color":"","overlay-opacity":"","overlay-gradient":""},"mobile":{"background-color":"","background-image":"","background-repeat":"repeat","background-position":"center center","background-size":"auto","background-attachment":"scroll","background-type":"","background-media":"","overlay-type":"","overlay-color":"","overlay-opacity":"","overlay-gradient":""}},"ast-content-background-meta":{"desktop":{"background-color":"var(--ast-global-color-5)","background-image":"","background-repeat":"repeat","background-position":"center center","background-size":"auto","background-attachment":"scroll","background-type":"","background-media":"","overlay-type":"","overlay-color":"","overlay-opacity":"","overlay-gradient":""},"tablet":{"background-color":"var(--ast-global-color-5)","background-image":"","background-repeat":"repeat","background-position":"center center","background-size":"auto","background-attachment":"scroll","background-type":"","background-media":"","overlay-type":"","overlay-color":"","overlay-opacity":"","overlay-gradient":""},"mobile":{"background-color":"var(--ast-global-color-5)","background-image":"","background-repeat":"repeat","background-position":"center center","background-size":"auto","background-attachment":"scroll","background-type":"","background-media":"","overlay-type":"","overlay-color":"","overlay-opacity":"","overlay-gradient":""}},"_joinchat":[]},"product_brand":[],"product_cat":[25,21],"product_tag":[],"class_list":{"0":"post-4940","1":"product","2":"type-product","3":"status-publish","4":"has-post-thumbnail","6":"product_cat-refrigerators","7":"product_cat-samsung","8":"desktop-align-left","9":"tablet-align-left","10":"mobile-align-left","12":"first","13":"instock","14":"shipping-taxable","15":"product-type-simple"},"yoast_head":"<!-- This site is optimized with the Yoast SEO plugin v27.2 - https:\/\/yoast.com\/product\/yoast-seo-wordpress\/ -->\n<title>Bespoke 3-Door French Door Refrigerator (30 cu. ft.) \u2013 with Top Left and Family Hub&#x2122; Panel in White Glass - and Matte Grey Glass Bottom Door Panel - Supreme Appliances<\/title>\n<meta name=\"robots\" content=\"index, follow, max-snippet:-1, max-image-preview:large, max-video-preview:-1\" \/>\n<link rel=\"canonical\" href=\"https:\/\/supreme-appliances.com\/es\/shop\/samsung\/bespoke-3-door-french-door-refrigerator-30-cu-ft-with-top-left-and-family-hub-panel-in-white-glass-and-matte-grey-glass-bottom-door-panel\/\" \/>\n<meta property=\"og:locale\" content=\"es_ES\" \/>\n<meta property=\"og:type\" content=\"article\" \/>\n<meta property=\"og:title\" content=\"Bespoke 3-Door French Door Refrigerator (30 cu. ft.) \u2013 with Top Left and Family Hub&#x2122; Panel in White Glass - and Matte Grey Glass Bottom Door Panel - Supreme Appliances\" \/>\n<meta property=\"og:description\" content=\"Model: RF30BB69006M   Extra-large capacity 3-Door French Door Refrigerator with customizable and changeable door panels available in a variety of colors and finishes featuring Family Hub&#x2122;. Samsung\u2019s Family Hub&#x2122; lets you see inside your refrigerator, manage your family\u2019s calendars, stream music, see who\u2019s at the front door and much more, all right from your fridge. It also features the Beverage Center&#x2122; with both a water dispenser and AutoFill Water Pitcher.\u00a0 Plus a Dual Ice Maker with cubed ice and Ice Bites&#x2122;.\" \/>\n<meta property=\"og:url\" content=\"https:\/\/supreme-appliances.com\/es\/shop\/samsung\/bespoke-3-door-french-door-refrigerator-30-cu-ft-with-top-left-and-family-hub-panel-in-white-glass-and-matte-grey-glass-bottom-door-panel\/\" \/>\n<meta property=\"og:site_name\" content=\"Supreme Appliances\" \/>\n<meta property=\"article:publisher\" content=\"https:\/\/www.facebook.com\/supremeappliancesllc\/\" \/>\n<meta property=\"og:image\" content=\"https:\/\/supreme-appliances.com\/wp-content\/uploads\/2023\/10\/refrigerator9.webp\" \/>\n\t<meta property=\"og:image:width\" content=\"800\" \/>\n\t<meta property=\"og:image:height\" content=\"600\" \/>\n\t<meta property=\"og:image:type\" content=\"image\/webp\" \/>\n<meta name=\"twitter:card\" content=\"summary_large_image\" \/>\n<script type=\"application\/ld+json\" class=\"yoast-schema-graph\">{\"@context\":\"https:\/\/schema.org\",\"@graph\":[{\"@type\":\"WebPage\",\"@id\":\"https:\/\/supreme-appliances.com\/shop\/samsung\/bespoke-3-door-french-door-refrigerator-30-cu-ft-with-top-left-and-family-hub-panel-in-white-glass-and-matte-grey-glass-bottom-door-panel\/\",\"url\":\"https:\/\/supreme-appliances.com\/shop\/samsung\/bespoke-3-door-french-door-refrigerator-30-cu-ft-with-top-left-and-family-hub-panel-in-white-glass-and-matte-grey-glass-bottom-door-panel\/\",\"name\":\"Bespoke 3-Door French Door Refrigerator (30 cu. ft.) \u2013 with Top Left and Family Hub&#x2122; Panel in White Glass - and Matte Grey Glass Bottom Door Panel - Supreme Appliances\",\"isPartOf\":{\"@id\":\"https:\/\/supreme-appliances.com\/#website\"},\"primaryImageOfPage\":{\"@id\":\"https:\/\/supreme-appliances.com\/shop\/samsung\/bespoke-3-door-french-door-refrigerator-30-cu-ft-with-top-left-and-family-hub-panel-in-white-glass-and-matte-grey-glass-bottom-door-panel\/#primaryimage\"},\"image\":{\"@id\":\"https:\/\/supreme-appliances.com\/shop\/samsung\/bespoke-3-door-french-door-refrigerator-30-cu-ft-with-top-left-and-family-hub-panel-in-white-glass-and-matte-grey-glass-bottom-door-panel\/#primaryimage\"},\"thumbnailUrl\":\"https:\/\/supreme-appliances.com\/wp-content\/uploads\/2023\/10\/refrigerator9.webp\",\"datePublished\":\"2023-10-27T05:49:24+00:00\",\"breadcrumb\":{\"@id\":\"https:\/\/supreme-appliances.com\/shop\/samsung\/bespoke-3-door-french-door-refrigerator-30-cu-ft-with-top-left-and-family-hub-panel-in-white-glass-and-matte-grey-glass-bottom-door-panel\/#breadcrumb\"},\"inLanguage\":\"es\",\"potentialAction\":[{\"@type\":\"ReadAction\",\"target\":[\"https:\/\/supreme-appliances.com\/shop\/samsung\/bespoke-3-door-french-door-refrigerator-30-cu-ft-with-top-left-and-family-hub-panel-in-white-glass-and-matte-grey-glass-bottom-door-panel\/\"]}]},{\"@type\":\"ImageObject\",\"inLanguage\":\"es\",\"@id\":\"https:\/\/supreme-appliances.com\/shop\/samsung\/bespoke-3-door-french-door-refrigerator-30-cu-ft-with-top-left-and-family-hub-panel-in-white-glass-and-matte-grey-glass-bottom-door-panel\/#primaryimage\",\"url\":\"https:\/\/supreme-appliances.com\/wp-content\/uploads\/2023\/10\/refrigerator9.webp\",\"contentUrl\":\"https:\/\/supreme-appliances.com\/wp-content\/uploads\/2023\/10\/refrigerator9.webp\",\"width\":800,\"height\":600},{\"@type\":\"BreadcrumbList\",\"@id\":\"https:\/\/supreme-appliances.com\/shop\/samsung\/bespoke-3-door-french-door-refrigerator-30-cu-ft-with-top-left-and-family-hub-panel-in-white-glass-and-matte-grey-glass-bottom-door-panel\/#breadcrumb\",\"itemListElement\":[{\"@type\":\"ListItem\",\"position\":1,\"name\":\"Home\",\"item\":\"https:\/\/supreme-appliances.com\/\"},{\"@type\":\"ListItem\",\"position\":2,\"name\":\"Shop\",\"item\":\"https:\/\/supreme-appliances.com\/shop\/\"},{\"@type\":\"ListItem\",\"position\":3,\"name\":\"Bespoke 3-Door French Door Refrigerator (30 cu. ft.) \u2013 with Top Left and Family Hub&#x2122; Panel in White Glass &#8211; and Matte Grey Glass Bottom Door Panel\"}]},{\"@type\":\"WebSite\",\"@id\":\"https:\/\/supreme-appliances.com\/#website\",\"url\":\"https:\/\/supreme-appliances.com\/\",\"name\":\"supreme-appliances.com\",\"description\":\"Supreme Appliances\",\"publisher\":{\"@id\":\"https:\/\/supreme-appliances.com\/#organization\"},\"potentialAction\":[{\"@type\":\"SearchAction\",\"target\":{\"@type\":\"EntryPoint\",\"urlTemplate\":\"https:\/\/supreme-appliances.com\/?s={search_term_string}\"},\"query-input\":{\"@type\":\"PropertyValueSpecification\",\"valueRequired\":true,\"valueName\":\"search_term_string\"}}],\"inLanguage\":\"es\"},{\"@type\":\"Organization\",\"@id\":\"https:\/\/supreme-appliances.com\/#organization\",\"name\":\"Supreme Appliances\",\"url\":\"https:\/\/supreme-appliances.com\/\",\"logo\":{\"@type\":\"ImageObject\",\"inLanguage\":\"es\",\"@id\":\"https:\/\/supreme-appliances.com\/#\/schema\/logo\/image\/\",\"url\":\"https:\/\/supreme-appliances.com\/wp-content\/uploads\/2022\/08\/product.png\",\"contentUrl\":\"https:\/\/supreme-appliances.com\/wp-content\/uploads\/2022\/08\/product.png\",\"width\":577,\"height\":433,\"caption\":\"Supreme Appliances\"},\"image\":{\"@id\":\"https:\/\/supreme-appliances.com\/#\/schema\/logo\/image\/\"},\"sameAs\":[\"https:\/\/www.facebook.com\/supremeappliancesllc\/\"]}]}<\/script>\n<!-- \/ Yoast SEO plugin. -->","yoast_head_json":{"title":"Frigor\u00edfico Bespoke de 3 puertas y puerta francesa (30 pies c\u00fabicos) - con panel superior izquierdo y Family Hub\u2122 en cristal blanco - y panel inferior de la puerta en cristal gris mate - Supreme Appliances","robots":{"index":"index","follow":"follow","max-snippet":"max-snippet:-1","max-image-preview":"max-image-preview:large","max-video-preview":"max-video-preview:-1"},"canonical":"https:\/\/supreme-appliances.com\/es\/shop\/samsung\/bespoke-3-door-french-door-refrigerator-30-cu-ft-with-top-left-and-family-hub-panel-in-white-glass-and-matte-grey-glass-bottom-door-panel\/","og_locale":"es_ES","og_type":"article","og_title":"Bespoke 3-Door French Door Refrigerator (30 cu. ft.) \u2013 with Top Left and Family Hub&#x2122; Panel in White Glass - and Matte Grey Glass Bottom Door Panel - Supreme Appliances","og_description":"Model: RF30BB69006M   Extra-large capacity 3-Door French Door Refrigerator with customizable and changeable door panels available in a variety of colors and finishes featuring Family Hub&#x2122;. Samsung\u2019s Family Hub&#x2122; lets you see inside your refrigerator, manage your family\u2019s calendars, stream music, see who\u2019s at the front door and much more, all right from your fridge. It also features the Beverage Center&#x2122; with both a water dispenser and AutoFill Water Pitcher.\u00a0 Plus a Dual Ice Maker with cubed ice and Ice Bites&#x2122;.","og_url":"https:\/\/supreme-appliances.com\/es\/shop\/samsung\/bespoke-3-door-french-door-refrigerator-30-cu-ft-with-top-left-and-family-hub-panel-in-white-glass-and-matte-grey-glass-bottom-door-panel\/","og_site_name":"Supreme Appliances","article_publisher":"https:\/\/www.facebook.com\/supremeappliancesllc\/","og_image":[{"width":800,"height":600,"url":"https:\/\/supreme-appliances.com\/wp-content\/uploads\/2023\/10\/refrigerator9.webp","type":"image\/webp"}],"twitter_card":"summary_large_image","schema":{"@context":"https:\/\/schema.org","@graph":[{"@type":"WebPage","@id":"https:\/\/supreme-appliances.com\/shop\/samsung\/bespoke-3-door-french-door-refrigerator-30-cu-ft-with-top-left-and-family-hub-panel-in-white-glass-and-matte-grey-glass-bottom-door-panel\/","url":"https:\/\/supreme-appliances.com\/shop\/samsung\/bespoke-3-door-french-door-refrigerator-30-cu-ft-with-top-left-and-family-hub-panel-in-white-glass-and-matte-grey-glass-bottom-door-panel\/","name":"Frigor\u00edfico Bespoke de 3 puertas y puerta francesa (30 pies c\u00fabicos) - con panel superior izquierdo y Family Hub\u2122 en cristal blanco - y panel inferior de la puerta en cristal gris mate - Supreme Appliances","isPartOf":{"@id":"https:\/\/supreme-appliances.com\/#website"},"primaryImageOfPage":{"@id":"https:\/\/supreme-appliances.com\/shop\/samsung\/bespoke-3-door-french-door-refrigerator-30-cu-ft-with-top-left-and-family-hub-panel-in-white-glass-and-matte-grey-glass-bottom-door-panel\/#primaryimage"},"image":{"@id":"https:\/\/supreme-appliances.com\/shop\/samsung\/bespoke-3-door-french-door-refrigerator-30-cu-ft-with-top-left-and-family-hub-panel-in-white-glass-and-matte-grey-glass-bottom-door-panel\/#primaryimage"},"thumbnailUrl":"https:\/\/supreme-appliances.com\/wp-content\/uploads\/2023\/10\/refrigerator9.webp","datePublished":"2023-10-27T05:49:24+00:00","breadcrumb":{"@id":"https:\/\/supreme-appliances.com\/shop\/samsung\/bespoke-3-door-french-door-refrigerator-30-cu-ft-with-top-left-and-family-hub-panel-in-white-glass-and-matte-grey-glass-bottom-door-panel\/#breadcrumb"},"inLanguage":"es","potentialAction":[{"@type":"ReadAction","target":["https:\/\/supreme-appliances.com\/shop\/samsung\/bespoke-3-door-french-door-refrigerator-30-cu-ft-with-top-left-and-family-hub-panel-in-white-glass-and-matte-grey-glass-bottom-door-panel\/"]}]},{"@type":"ImageObject","inLanguage":"es","@id":"https:\/\/supreme-appliances.com\/shop\/samsung\/bespoke-3-door-french-door-refrigerator-30-cu-ft-with-top-left-and-family-hub-panel-in-white-glass-and-matte-grey-glass-bottom-door-panel\/#primaryimage","url":"https:\/\/supreme-appliances.com\/wp-content\/uploads\/2023\/10\/refrigerator9.webp","contentUrl":"https:\/\/supreme-appliances.com\/wp-content\/uploads\/2023\/10\/refrigerator9.webp","width":800,"height":600},{"@type":"BreadcrumbList","@id":"https:\/\/supreme-appliances.com\/shop\/samsung\/bespoke-3-door-french-door-refrigerator-30-cu-ft-with-top-left-and-family-hub-panel-in-white-glass-and-matte-grey-glass-bottom-door-panel\/#breadcrumb","itemListElement":[{"@type":"ListItem","position":1,"name":"Home","item":"https:\/\/supreme-appliances.com\/"},{"@type":"ListItem","position":2,"name":"Shop","item":"https:\/\/supreme-appliances.com\/shop\/"},{"@type":"ListItem","position":3,"name":"Bespoke 3-Door French Door Refrigerator (30 cu. ft.) \u2013 with Top Left and Family Hub&#x2122; Panel in White Glass &#8211; and Matte Grey Glass Bottom Door Panel"}]},{"@type":"WebSite","@id":"https:\/\/supreme-appliances.com\/#website","url":"https:\/\/supreme-appliances.com\/","name":"supreme-appliances.es","description":"Electrodom\u00e9sticos Supreme","publisher":{"@id":"https:\/\/supreme-appliances.com\/#organization"},"potentialAction":[{"@type":"SearchAction","target":{"@type":"EntryPoint","urlTemplate":"https:\/\/supreme-appliances.com\/?s={search_term_string}"},"query-input":{"@type":"PropertyValueSpecification","valueRequired":true,"valueName":"search_term_string"}}],"inLanguage":"es"},{"@type":"Organization","@id":"https:\/\/supreme-appliances.com\/#organization","name":"Electrodom\u00e9sticos Supreme","url":"https:\/\/supreme-appliances.com\/","logo":{"@type":"ImageObject","inLanguage":"es","@id":"https:\/\/supreme-appliances.com\/#\/schema\/logo\/image\/","url":"https:\/\/supreme-appliances.com\/wp-content\/uploads\/2022\/08\/product.png","contentUrl":"https:\/\/supreme-appliances.com\/wp-content\/uploads\/2022\/08\/product.png","width":577,"height":433,"caption":"Supreme Appliances"},"image":{"@id":"https:\/\/supreme-appliances.com\/#\/schema\/logo\/image\/"},"sameAs":["https:\/\/www.facebook.com\/supremeappliancesllc\/"]}]}},"_links":{"self":[{"href":"https:\/\/supreme-appliances.com\/es\/wp-json\/wp\/v2\/product\/4940","targetHints":{"allow":["GET"]}}],"collection":[{"href":"https:\/\/supreme-appliances.com\/es\/wp-json\/wp\/v2\/product"}],"about":[{"href":"https:\/\/supreme-appliances.com\/es\/wp-json\/wp\/v2\/types\/product"}],"replies":[{"embeddable":true,"href":"https:\/\/supreme-appliances.com\/es\/wp-json\/wp\/v2\/comments?post=4940"}],"version-history":[{"count":2,"href":"https:\/\/supreme-appliances.com\/es\/wp-json\/wp\/v2\/product\/4940\/revisions"}],"predecessor-version":[{"id":4943,"href":"https:\/\/supreme-appliances.com\/es\/wp-json\/wp\/v2\/product\/4940\/revisions\/4943"}],"wp:featuredmedia":[{"embeddable":true,"href":"https:\/\/supreme-appliances.com\/es\/wp-json\/wp\/v2\/media\/4941"}],"wp:attachment":[{"href":"https:\/\/supreme-appliances.com\/es\/wp-json\/wp\/v2\/media?parent=4940"}],"wp:term":[{"taxonomy":"product_brand","embeddable":true,"href":"https:\/\/supreme-appliances.com\/es\/wp-json\/wp\/v2\/product_brand?post=4940"},{"taxonomy":"product_cat","embeddable":true,"href":"https:\/\/supreme-appliances.com\/es\/wp-json\/wp\/v2\/product_cat?post=4940"},{"taxonomy":"product_tag","embeddable":true,"href":"https:\/\/supreme-appliances.com\/es\/wp-json\/wp\/v2\/product_tag?post=4940"}],"curies":[{"name":"wp","href":"https:\/\/api.w.org\/{rel}","templated":true}]}}