{"id":4950,"date":"2023-10-27T06:15:47","date_gmt":"2023-10-27T06:15:47","guid":{"rendered":"https:\/\/supreme-appliances.com\/?post_type=product&#038;p=4950"},"modified":"2023-10-27T06:15:48","modified_gmt":"2023-10-27T06:15:48","slug":"27-cu-ft-large-capacity-3-door-french-door-refrigerator-with-external-water-ice-dispenser-in-black-stainless-steel","status":"publish","type":"product","link":"https:\/\/supreme-appliances.com\/es\/shop\/samsung\/27-cu-ft-large-capacity-3-door-french-door-refrigerator-with-external-water-ice-dispenser-in-black-stainless-steel\/","title":{"rendered":"Frigor\u00edfico de puerta francesa de 3 puertas y gran capacidad de 27 pies c\u00fabicos con dispensador externo de agua y hielo en acero inoxidable negro"},"content":{"rendered":"","protected":false},"excerpt":{"rendered":"<p>Modelo: RF27T5201SG<\/p>\n<ul class=\"product-details__info-description\">\n<li class=\"product-details__info-description--line product-details__info-description--line1\">El frigor\u00edfico Samsung de acero inoxidable negro y gran capacidad de 27 pies c\u00fabicos con 3 puertas francesas tiene un bonito dise\u00f1o, con un dispensador m\u00ednimo, puertas de bordes elegantes y tiradores modernos.<\/li>\n<li class=\"product-details__info-description--line product-details__info-description--line2\">Las l\u00edneas limpias y la forma distintiva se integran perfectamente en su cocina, mientras que el acabado resistente a las huellas dactilares soporta las manchas cotidianas.<\/li>\n<\/ul>","protected":false},"featured_media":4952,"comment_status":"open","ping_status":"closed","template":"","meta":{"site-sidebar-layout":"default","site-content-layout":"","ast-site-content-layout":"default","site-content-style":"default","site-sidebar-style":"default","ast-global-header-display":"","ast-banner-title-visibility":"","ast-main-header-display":"","ast-hfb-above-header-display":"","ast-hfb-below-header-display":"","ast-hfb-mobile-header-display":"","site-post-title":"","ast-breadcrumbs-content":"","ast-featured-img":"","footer-sml-layout":"","ast-disable-related-posts":"","theme-transparent-header-meta":"default","adv-header-id-meta":"","stick-header-meta":"","header-above-stick-meta":"","header-main-stick-meta":"","header-below-stick-meta":"","astra-migrate-meta-layouts":"set","ast-page-background-enabled":"default","ast-page-background-meta":{"desktop":{"background-color":"var(--ast-global-color-4)","background-image":"","background-repeat":"repeat","background-position":"center center","background-size":"auto","background-attachment":"scroll","background-type":"","background-media":"","overlay-type":"","overlay-color":"","overlay-opacity":"","overlay-gradient":""},"tablet":{"background-color":"","background-image":"","background-repeat":"repeat","background-position":"center center","background-size":"auto","background-attachment":"scroll","background-type":"","background-media":"","overlay-type":"","overlay-color":"","overlay-opacity":"","overlay-gradient":""},"mobile":{"background-color":"","background-image":"","background-repeat":"repeat","background-position":"center center","background-size":"auto","background-attachment":"scroll","background-type":"","background-media":"","overlay-type":"","overlay-color":"","overlay-opacity":"","overlay-gradient":""}},"ast-content-background-meta":{"desktop":{"background-color":"var(--ast-global-color-5)","background-image":"","background-repeat":"repeat","background-position":"center center","background-size":"auto","background-attachment":"scroll","background-type":"","background-media":"","overlay-type":"","overlay-color":"","overlay-opacity":"","overlay-gradient":""},"tablet":{"background-color":"var(--ast-global-color-5)","background-image":"","background-repeat":"repeat","background-position":"center center","background-size":"auto","background-attachment":"scroll","background-type":"","background-media":"","overlay-type":"","overlay-color":"","overlay-opacity":"","overlay-gradient":""},"mobile":{"background-color":"var(--ast-global-color-5)","background-image":"","background-repeat":"repeat","background-position":"center center","background-size":"auto","background-attachment":"scroll","background-type":"","background-media":"","overlay-type":"","overlay-color":"","overlay-opacity":"","overlay-gradient":""}},"_joinchat":[]},"product_brand":[],"product_cat":[25,21],"product_tag":[],"class_list":{"0":"post-4950","1":"product","2":"type-product","3":"status-publish","4":"has-post-thumbnail","6":"product_cat-refrigerators","7":"product_cat-samsung","8":"desktop-align-left","9":"tablet-align-left","10":"mobile-align-left","12":"first","13":"instock","14":"shipping-taxable","15":"product-type-simple"},"yoast_head":"<!-- This site is optimized with the Yoast SEO plugin v27.2 - https:\/\/yoast.com\/product\/yoast-seo-wordpress\/ -->\n<title>27 cu. ft. Large Capacity 3-Door French Door Refrigerator with External Water &amp; Ice Dispenser in Black Stainless Steel - Supreme Appliances<\/title>\n<meta name=\"robots\" content=\"index, follow, max-snippet:-1, max-image-preview:large, max-video-preview:-1\" \/>\n<link rel=\"canonical\" href=\"https:\/\/supreme-appliances.com\/es\/shop\/samsung\/27-cu-ft-large-capacity-3-door-french-door-refrigerator-with-external-water-ice-dispenser-in-black-stainless-steel\/\" \/>\n<meta property=\"og:locale\" content=\"es_ES\" \/>\n<meta property=\"og:type\" content=\"article\" \/>\n<meta property=\"og:title\" content=\"27 cu. ft. Large Capacity 3-Door French Door Refrigerator with External Water &amp; Ice Dispenser in Black Stainless Steel - Supreme Appliances\" \/>\n<meta property=\"og:description\" content=\"Model: RF27T5201SG   Samsung\u2019s Black Stainless Steel 27 cu. ft. large capacity 3-Door French Door refrigerator is beautifully designed, with a minimal dispenser, sleek-edge doors, and modern handles.  The clean lines and distinct form blend beautifully into your kitchen while the fingerprint resistant finish withstands everyday smudges.\" \/>\n<meta property=\"og:url\" content=\"https:\/\/supreme-appliances.com\/es\/shop\/samsung\/27-cu-ft-large-capacity-3-door-french-door-refrigerator-with-external-water-ice-dispenser-in-black-stainless-steel\/\" \/>\n<meta property=\"og:site_name\" content=\"Supreme Appliances\" \/>\n<meta property=\"article:publisher\" content=\"https:\/\/www.facebook.com\/supremeappliancesllc\/\" \/>\n<meta property=\"article:modified_time\" content=\"2023-10-27T06:15:48+00:00\" \/>\n<meta property=\"og:image\" content=\"https:\/\/supreme-appliances.com\/wp-content\/uploads\/2023\/10\/Refrigerator12-1-e1701181654963.webp\" \/>\n\t<meta property=\"og:image:width\" content=\"573\" \/>\n\t<meta property=\"og:image:height\" content=\"1093\" \/>\n\t<meta property=\"og:image:type\" content=\"image\/webp\" \/>\n<meta name=\"twitter:card\" content=\"summary_large_image\" \/>\n<script type=\"application\/ld+json\" class=\"yoast-schema-graph\">{\"@context\":\"https:\/\/schema.org\",\"@graph\":[{\"@type\":\"WebPage\",\"@id\":\"https:\/\/supreme-appliances.com\/shop\/samsung\/27-cu-ft-large-capacity-3-door-french-door-refrigerator-with-external-water-ice-dispenser-in-black-stainless-steel\/\",\"url\":\"https:\/\/supreme-appliances.com\/shop\/samsung\/27-cu-ft-large-capacity-3-door-french-door-refrigerator-with-external-water-ice-dispenser-in-black-stainless-steel\/\",\"name\":\"27 cu. ft. Large Capacity 3-Door French Door Refrigerator with External Water & Ice Dispenser in Black Stainless Steel - Supreme Appliances\",\"isPartOf\":{\"@id\":\"https:\/\/supreme-appliances.com\/#website\"},\"primaryImageOfPage\":{\"@id\":\"https:\/\/supreme-appliances.com\/shop\/samsung\/27-cu-ft-large-capacity-3-door-french-door-refrigerator-with-external-water-ice-dispenser-in-black-stainless-steel\/#primaryimage\"},\"image\":{\"@id\":\"https:\/\/supreme-appliances.com\/shop\/samsung\/27-cu-ft-large-capacity-3-door-french-door-refrigerator-with-external-water-ice-dispenser-in-black-stainless-steel\/#primaryimage\"},\"thumbnailUrl\":\"https:\/\/supreme-appliances.com\/wp-content\/uploads\/2023\/10\/Refrigerator12-1-e1701181654963.webp\",\"datePublished\":\"2023-10-27T06:15:47+00:00\",\"dateModified\":\"2023-10-27T06:15:48+00:00\",\"breadcrumb\":{\"@id\":\"https:\/\/supreme-appliances.com\/shop\/samsung\/27-cu-ft-large-capacity-3-door-french-door-refrigerator-with-external-water-ice-dispenser-in-black-stainless-steel\/#breadcrumb\"},\"inLanguage\":\"es\",\"potentialAction\":[{\"@type\":\"ReadAction\",\"target\":[\"https:\/\/supreme-appliances.com\/shop\/samsung\/27-cu-ft-large-capacity-3-door-french-door-refrigerator-with-external-water-ice-dispenser-in-black-stainless-steel\/\"]}]},{\"@type\":\"ImageObject\",\"inLanguage\":\"es\",\"@id\":\"https:\/\/supreme-appliances.com\/shop\/samsung\/27-cu-ft-large-capacity-3-door-french-door-refrigerator-with-external-water-ice-dispenser-in-black-stainless-steel\/#primaryimage\",\"url\":\"https:\/\/supreme-appliances.com\/wp-content\/uploads\/2023\/10\/Refrigerator12-1-e1701181654963.webp\",\"contentUrl\":\"https:\/\/supreme-appliances.com\/wp-content\/uploads\/2023\/10\/Refrigerator12-1-e1701181654963.webp\",\"width\":573,\"height\":1093},{\"@type\":\"BreadcrumbList\",\"@id\":\"https:\/\/supreme-appliances.com\/shop\/samsung\/27-cu-ft-large-capacity-3-door-french-door-refrigerator-with-external-water-ice-dispenser-in-black-stainless-steel\/#breadcrumb\",\"itemListElement\":[{\"@type\":\"ListItem\",\"position\":1,\"name\":\"Home\",\"item\":\"https:\/\/supreme-appliances.com\/\"},{\"@type\":\"ListItem\",\"position\":2,\"name\":\"Shop\",\"item\":\"https:\/\/supreme-appliances.com\/shop\/\"},{\"@type\":\"ListItem\",\"position\":3,\"name\":\"27 cu. ft. Large Capacity 3-Door French Door Refrigerator with External Water &#038; Ice Dispenser in Black Stainless Steel\"}]},{\"@type\":\"WebSite\",\"@id\":\"https:\/\/supreme-appliances.com\/#website\",\"url\":\"https:\/\/supreme-appliances.com\/\",\"name\":\"supreme-appliances.com\",\"description\":\"Supreme Appliances\",\"publisher\":{\"@id\":\"https:\/\/supreme-appliances.com\/#organization\"},\"potentialAction\":[{\"@type\":\"SearchAction\",\"target\":{\"@type\":\"EntryPoint\",\"urlTemplate\":\"https:\/\/supreme-appliances.com\/?s={search_term_string}\"},\"query-input\":{\"@type\":\"PropertyValueSpecification\",\"valueRequired\":true,\"valueName\":\"search_term_string\"}}],\"inLanguage\":\"es\"},{\"@type\":\"Organization\",\"@id\":\"https:\/\/supreme-appliances.com\/#organization\",\"name\":\"Supreme Appliances\",\"url\":\"https:\/\/supreme-appliances.com\/\",\"logo\":{\"@type\":\"ImageObject\",\"inLanguage\":\"es\",\"@id\":\"https:\/\/supreme-appliances.com\/#\/schema\/logo\/image\/\",\"url\":\"https:\/\/supreme-appliances.com\/wp-content\/uploads\/2022\/08\/product.png\",\"contentUrl\":\"https:\/\/supreme-appliances.com\/wp-content\/uploads\/2022\/08\/product.png\",\"width\":577,\"height\":433,\"caption\":\"Supreme Appliances\"},\"image\":{\"@id\":\"https:\/\/supreme-appliances.com\/#\/schema\/logo\/image\/\"},\"sameAs\":[\"https:\/\/www.facebook.com\/supremeappliancesllc\/\"]}]}<\/script>\n<!-- \/ Yoast SEO plugin. -->","yoast_head_json":{"title":"27 cu. ft. Large Capacity 3-Door French Door Refrigerator with External Water & Ice Dispenser in Black Stainless Steel - Supreme Appliances","robots":{"index":"index","follow":"follow","max-snippet":"max-snippet:-1","max-image-preview":"max-image-preview:large","max-video-preview":"max-video-preview:-1"},"canonical":"https:\/\/supreme-appliances.com\/es\/shop\/samsung\/27-cu-ft-large-capacity-3-door-french-door-refrigerator-with-external-water-ice-dispenser-in-black-stainless-steel\/","og_locale":"es_ES","og_type":"article","og_title":"27 cu. ft. Large Capacity 3-Door French Door Refrigerator with External Water & Ice Dispenser in Black Stainless Steel - Supreme Appliances","og_description":"Model: RF27T5201SG   Samsung\u2019s Black Stainless Steel 27 cu. ft. large capacity 3-Door French Door refrigerator is beautifully designed, with a minimal dispenser, sleek-edge doors, and modern handles.  The clean lines and distinct form blend beautifully into your kitchen while the fingerprint resistant finish withstands everyday smudges.","og_url":"https:\/\/supreme-appliances.com\/es\/shop\/samsung\/27-cu-ft-large-capacity-3-door-french-door-refrigerator-with-external-water-ice-dispenser-in-black-stainless-steel\/","og_site_name":"Supreme Appliances","article_publisher":"https:\/\/www.facebook.com\/supremeappliancesllc\/","article_modified_time":"2023-10-27T06:15:48+00:00","og_image":[{"width":573,"height":1093,"url":"https:\/\/supreme-appliances.com\/wp-content\/uploads\/2023\/10\/Refrigerator12-1-e1701181654963.webp","type":"image\/webp"}],"twitter_card":"summary_large_image","schema":{"@context":"https:\/\/schema.org","@graph":[{"@type":"WebPage","@id":"https:\/\/supreme-appliances.com\/shop\/samsung\/27-cu-ft-large-capacity-3-door-french-door-refrigerator-with-external-water-ice-dispenser-in-black-stainless-steel\/","url":"https:\/\/supreme-appliances.com\/shop\/samsung\/27-cu-ft-large-capacity-3-door-french-door-refrigerator-with-external-water-ice-dispenser-in-black-stainless-steel\/","name":"27 cu. ft. Large Capacity 3-Door French Door Refrigerator with External Water & Ice Dispenser in Black Stainless Steel - Supreme Appliances","isPartOf":{"@id":"https:\/\/supreme-appliances.com\/#website"},"primaryImageOfPage":{"@id":"https:\/\/supreme-appliances.com\/shop\/samsung\/27-cu-ft-large-capacity-3-door-french-door-refrigerator-with-external-water-ice-dispenser-in-black-stainless-steel\/#primaryimage"},"image":{"@id":"https:\/\/supreme-appliances.com\/shop\/samsung\/27-cu-ft-large-capacity-3-door-french-door-refrigerator-with-external-water-ice-dispenser-in-black-stainless-steel\/#primaryimage"},"thumbnailUrl":"https:\/\/supreme-appliances.com\/wp-content\/uploads\/2023\/10\/Refrigerator12-1-e1701181654963.webp","datePublished":"2023-10-27T06:15:47+00:00","dateModified":"2023-10-27T06:15:48+00:00","breadcrumb":{"@id":"https:\/\/supreme-appliances.com\/shop\/samsung\/27-cu-ft-large-capacity-3-door-french-door-refrigerator-with-external-water-ice-dispenser-in-black-stainless-steel\/#breadcrumb"},"inLanguage":"es","potentialAction":[{"@type":"ReadAction","target":["https:\/\/supreme-appliances.com\/shop\/samsung\/27-cu-ft-large-capacity-3-door-french-door-refrigerator-with-external-water-ice-dispenser-in-black-stainless-steel\/"]}]},{"@type":"ImageObject","inLanguage":"es","@id":"https:\/\/supreme-appliances.com\/shop\/samsung\/27-cu-ft-large-capacity-3-door-french-door-refrigerator-with-external-water-ice-dispenser-in-black-stainless-steel\/#primaryimage","url":"https:\/\/supreme-appliances.com\/wp-content\/uploads\/2023\/10\/Refrigerator12-1-e1701181654963.webp","contentUrl":"https:\/\/supreme-appliances.com\/wp-content\/uploads\/2023\/10\/Refrigerator12-1-e1701181654963.webp","width":573,"height":1093},{"@type":"BreadcrumbList","@id":"https:\/\/supreme-appliances.com\/shop\/samsung\/27-cu-ft-large-capacity-3-door-french-door-refrigerator-with-external-water-ice-dispenser-in-black-stainless-steel\/#breadcrumb","itemListElement":[{"@type":"ListItem","position":1,"name":"Home","item":"https:\/\/supreme-appliances.com\/"},{"@type":"ListItem","position":2,"name":"Shop","item":"https:\/\/supreme-appliances.com\/shop\/"},{"@type":"ListItem","position":3,"name":"27 cu. ft. Large Capacity 3-Door French Door Refrigerator with External Water &#038; Ice Dispenser in Black Stainless Steel"}]},{"@type":"WebSite","@id":"https:\/\/supreme-appliances.com\/#website","url":"https:\/\/supreme-appliances.com\/","name":"supreme-appliances.es","description":"Electrodom\u00e9sticos Supreme","publisher":{"@id":"https:\/\/supreme-appliances.com\/#organization"},"potentialAction":[{"@type":"SearchAction","target":{"@type":"EntryPoint","urlTemplate":"https:\/\/supreme-appliances.com\/?s={search_term_string}"},"query-input":{"@type":"PropertyValueSpecification","valueRequired":true,"valueName":"search_term_string"}}],"inLanguage":"es"},{"@type":"Organization","@id":"https:\/\/supreme-appliances.com\/#organization","name":"Electrodom\u00e9sticos Supreme","url":"https:\/\/supreme-appliances.com\/","logo":{"@type":"ImageObject","inLanguage":"es","@id":"https:\/\/supreme-appliances.com\/#\/schema\/logo\/image\/","url":"https:\/\/supreme-appliances.com\/wp-content\/uploads\/2022\/08\/product.png","contentUrl":"https:\/\/supreme-appliances.com\/wp-content\/uploads\/2022\/08\/product.png","width":577,"height":433,"caption":"Supreme Appliances"},"image":{"@id":"https:\/\/supreme-appliances.com\/#\/schema\/logo\/image\/"},"sameAs":["https:\/\/www.facebook.com\/supremeappliancesllc\/"]}]}},"_links":{"self":[{"href":"https:\/\/supreme-appliances.com\/es\/wp-json\/wp\/v2\/product\/4950","targetHints":{"allow":["GET"]}}],"collection":[{"href":"https:\/\/supreme-appliances.com\/es\/wp-json\/wp\/v2\/product"}],"about":[{"href":"https:\/\/supreme-appliances.com\/es\/wp-json\/wp\/v2\/types\/product"}],"replies":[{"embeddable":true,"href":"https:\/\/supreme-appliances.com\/es\/wp-json\/wp\/v2\/comments?post=4950"}],"version-history":[{"count":1,"href":"https:\/\/supreme-appliances.com\/es\/wp-json\/wp\/v2\/product\/4950\/revisions"}],"predecessor-version":[{"id":4953,"href":"https:\/\/supreme-appliances.com\/es\/wp-json\/wp\/v2\/product\/4950\/revisions\/4953"}],"wp:featuredmedia":[{"embeddable":true,"href":"https:\/\/supreme-appliances.com\/es\/wp-json\/wp\/v2\/media\/4952"}],"wp:attachment":[{"href":"https:\/\/supreme-appliances.com\/es\/wp-json\/wp\/v2\/media?parent=4950"}],"wp:term":[{"taxonomy":"product_brand","embeddable":true,"href":"https:\/\/supreme-appliances.com\/es\/wp-json\/wp\/v2\/product_brand?post=4950"},{"taxonomy":"product_cat","embeddable":true,"href":"https:\/\/supreme-appliances.com\/es\/wp-json\/wp\/v2\/product_cat?post=4950"},{"taxonomy":"product_tag","embeddable":true,"href":"https:\/\/supreme-appliances.com\/es\/wp-json\/wp\/v2\/product_tag?post=4950"}],"curies":[{"name":"wp","href":"https:\/\/api.w.org\/{rel}","templated":true}]}}