{"id":4989,"date":"2023-10-27T07:26:04","date_gmt":"2023-10-27T07:26:04","guid":{"rendered":"https:\/\/supreme-appliances.com\/?post_type=product&#038;p=4989"},"modified":"2025-05-29T06:01:04","modified_gmt":"2025-05-29T06:01:04","slug":"bespoke-6-1-cu-ft-ultra-capacity-front-load-washer-with-super-speed-wash-and-ai-smart-dial","status":"publish","type":"product","link":"https:\/\/supreme-appliances.com\/es\/shop\/samsung\/bespoke-6-1-cu-ft-ultra-capacity-front-load-washer-with-super-speed-wash-and-ai-smart-dial\/","title":{"rendered":"Lavadora de carga frontal de gran capacidad de 6,1 pies c\u00fabicos y secadora de 7,6 pies c\u00fabicos con dise\u00f1o BESPOKE y Super Speed"},"content":{"rendered":"","protected":false},"excerpt":{"rendered":"<p>Modelo: WF53BB8700AV\/DVE53BB8700V<\/p>\n<p><strong>Temas comunes<\/strong><br \/>\nC\u00f3mo encontrar el c\u00f3digo de modelo o el n\u00famero de serie de su lavadora o secadora Samsung<br \/>\n\u00bfSu lavadora Samsung recibe suficiente agua?<br \/>\n\u00bfSe pueden lavar zapatillas de tenis o deportivas en la lavadora Samsung?<br \/>\nCiclos, ajustes y funciones de la lavadora Samsung<\/p>","protected":false},"featured_media":5144,"comment_status":"open","ping_status":"closed","template":"","meta":{"site-sidebar-layout":"default","site-content-layout":"","ast-site-content-layout":"default","site-content-style":"default","site-sidebar-style":"default","ast-global-header-display":"","ast-banner-title-visibility":"","ast-main-header-display":"","ast-hfb-above-header-display":"","ast-hfb-below-header-display":"","ast-hfb-mobile-header-display":"","site-post-title":"","ast-breadcrumbs-content":"","ast-featured-img":"","footer-sml-layout":"","ast-disable-related-posts":"","theme-transparent-header-meta":"default","adv-header-id-meta":"","stick-header-meta":"","header-above-stick-meta":"","header-main-stick-meta":"","header-below-stick-meta":"","astra-migrate-meta-layouts":"set","ast-page-background-enabled":"default","ast-page-background-meta":{"desktop":{"background-color":"var(--ast-global-color-4)","background-image":"","background-repeat":"repeat","background-position":"center center","background-size":"auto","background-attachment":"scroll","background-type":"","background-media":"","overlay-type":"","overlay-color":"","overlay-opacity":"","overlay-gradient":""},"tablet":{"background-color":"","background-image":"","background-repeat":"repeat","background-position":"center center","background-size":"auto","background-attachment":"scroll","background-type":"","background-media":"","overlay-type":"","overlay-color":"","overlay-opacity":"","overlay-gradient":""},"mobile":{"background-color":"","background-image":"","background-repeat":"repeat","background-position":"center center","background-size":"auto","background-attachment":"scroll","background-type":"","background-media":"","overlay-type":"","overlay-color":"","overlay-opacity":"","overlay-gradient":""}},"ast-content-background-meta":{"desktop":{"background-color":"var(--ast-global-color-5)","background-image":"","background-repeat":"repeat","background-position":"center center","background-size":"auto","background-attachment":"scroll","background-type":"","background-media":"","overlay-type":"","overlay-color":"","overlay-opacity":"","overlay-gradient":""},"tablet":{"background-color":"var(--ast-global-color-5)","background-image":"","background-repeat":"repeat","background-position":"center center","background-size":"auto","background-attachment":"scroll","background-type":"","background-media":"","overlay-type":"","overlay-color":"","overlay-opacity":"","overlay-gradient":""},"mobile":{"background-color":"var(--ast-global-color-5)","background-image":"","background-repeat":"repeat","background-position":"center center","background-size":"auto","background-attachment":"scroll","background-type":"","background-media":"","overlay-type":"","overlay-color":"","overlay-opacity":"","overlay-gradient":""}},"_joinchat":[]},"product_brand":[],"product_cat":[21,64],"product_tag":[],"class_list":{"0":"post-4989","1":"product","2":"type-product","3":"status-publish","4":"has-post-thumbnail","6":"product_cat-samsung","7":"product_cat-washer-and-dryer-sets","8":"desktop-align-left","9":"tablet-align-left","10":"mobile-align-left","12":"first","13":"instock","14":"shipping-taxable","15":"product-type-simple"},"yoast_head":"<!-- This site is optimized with the Yoast SEO plugin v27.2 - https:\/\/yoast.com\/product\/yoast-seo-wordpress\/ -->\n<title>Bespoke 6.1 cu. ft. Ultra Capacity Front load Washer &amp;7.6 cu.ft Dryer with BESPOKE Design and Super Speed - Supreme Appliances<\/title>\n<meta name=\"robots\" content=\"index, follow, max-snippet:-1, max-image-preview:large, max-video-preview:-1\" \/>\n<link rel=\"canonical\" href=\"https:\/\/supreme-appliances.com\/es\/shop\/samsung\/bespoke-6-1-cu-ft-ultra-capacity-front-load-washer-with-super-speed-wash-and-ai-smart-dial\/\" \/>\n<meta property=\"og:locale\" content=\"es_ES\" \/>\n<meta property=\"og:type\" content=\"article\" \/>\n<meta property=\"og:title\" content=\"Bespoke 6.1 cu. ft. Ultra Capacity Front load Washer &amp;7.6 cu.ft Dryer with BESPOKE Design and Super Speed - Supreme Appliances\" \/>\n<meta property=\"og:description\" content=\"Model: WF53BB8700AV\/DVE53BB8700V  Common Topics How to find the model code or serial number of your Samsung washer or dryer Is your Samsung washer getting enough water? Can you wash tennis shoes or sneakers in your Samsung washer? Cycles, settings, and features on your Samsung washer\" \/>\n<meta property=\"og:url\" content=\"https:\/\/supreme-appliances.com\/es\/shop\/samsung\/bespoke-6-1-cu-ft-ultra-capacity-front-load-washer-with-super-speed-wash-and-ai-smart-dial\/\" \/>\n<meta property=\"og:site_name\" content=\"Supreme Appliances\" \/>\n<meta property=\"article:publisher\" content=\"https:\/\/www.facebook.com\/supremeappliancesllc\/\" \/>\n<meta property=\"article:modified_time\" content=\"2025-05-29T06:01:04+00:00\" \/>\n<meta property=\"og:image\" content=\"https:\/\/supreme-appliances.com\/wp-content\/uploads\/2023\/10\/shopify-image_24dfe34d-8fe2-4d9a-b341-46d1689c3907_800x.webp\" \/>\n\t<meta property=\"og:image:width\" content=\"800\" \/>\n\t<meta property=\"og:image:height\" content=\"574\" \/>\n\t<meta property=\"og:image:type\" content=\"image\/webp\" \/>\n<meta name=\"twitter:card\" content=\"summary_large_image\" \/>\n<script type=\"application\/ld+json\" class=\"yoast-schema-graph\">{\"@context\":\"https:\/\/schema.org\",\"@graph\":[{\"@type\":\"WebPage\",\"@id\":\"https:\/\/supreme-appliances.com\/shop\/samsung\/bespoke-6-1-cu-ft-ultra-capacity-front-load-washer-with-super-speed-wash-and-ai-smart-dial\/\",\"url\":\"https:\/\/supreme-appliances.com\/shop\/samsung\/bespoke-6-1-cu-ft-ultra-capacity-front-load-washer-with-super-speed-wash-and-ai-smart-dial\/\",\"name\":\"Bespoke 6.1 cu. ft. Ultra Capacity Front load Washer &7.6 cu.ft Dryer with BESPOKE Design and Super Speed - Supreme Appliances\",\"isPartOf\":{\"@id\":\"https:\/\/supreme-appliances.com\/#website\"},\"primaryImageOfPage\":{\"@id\":\"https:\/\/supreme-appliances.com\/shop\/samsung\/bespoke-6-1-cu-ft-ultra-capacity-front-load-washer-with-super-speed-wash-and-ai-smart-dial\/#primaryimage\"},\"image\":{\"@id\":\"https:\/\/supreme-appliances.com\/shop\/samsung\/bespoke-6-1-cu-ft-ultra-capacity-front-load-washer-with-super-speed-wash-and-ai-smart-dial\/#primaryimage\"},\"thumbnailUrl\":\"https:\/\/supreme-appliances.com\/wp-content\/uploads\/2023\/10\/shopify-image_24dfe34d-8fe2-4d9a-b341-46d1689c3907_800x.webp\",\"datePublished\":\"2023-10-27T07:26:04+00:00\",\"dateModified\":\"2025-05-29T06:01:04+00:00\",\"breadcrumb\":{\"@id\":\"https:\/\/supreme-appliances.com\/shop\/samsung\/bespoke-6-1-cu-ft-ultra-capacity-front-load-washer-with-super-speed-wash-and-ai-smart-dial\/#breadcrumb\"},\"inLanguage\":\"es\",\"potentialAction\":[{\"@type\":\"ReadAction\",\"target\":[\"https:\/\/supreme-appliances.com\/shop\/samsung\/bespoke-6-1-cu-ft-ultra-capacity-front-load-washer-with-super-speed-wash-and-ai-smart-dial\/\"]}]},{\"@type\":\"ImageObject\",\"inLanguage\":\"es\",\"@id\":\"https:\/\/supreme-appliances.com\/shop\/samsung\/bespoke-6-1-cu-ft-ultra-capacity-front-load-washer-with-super-speed-wash-and-ai-smart-dial\/#primaryimage\",\"url\":\"https:\/\/supreme-appliances.com\/wp-content\/uploads\/2023\/10\/shopify-image_24dfe34d-8fe2-4d9a-b341-46d1689c3907_800x.webp\",\"contentUrl\":\"https:\/\/supreme-appliances.com\/wp-content\/uploads\/2023\/10\/shopify-image_24dfe34d-8fe2-4d9a-b341-46d1689c3907_800x.webp\",\"width\":800,\"height\":574},{\"@type\":\"BreadcrumbList\",\"@id\":\"https:\/\/supreme-appliances.com\/shop\/samsung\/bespoke-6-1-cu-ft-ultra-capacity-front-load-washer-with-super-speed-wash-and-ai-smart-dial\/#breadcrumb\",\"itemListElement\":[{\"@type\":\"ListItem\",\"position\":1,\"name\":\"Home\",\"item\":\"https:\/\/supreme-appliances.com\/\"},{\"@type\":\"ListItem\",\"position\":2,\"name\":\"Shop\",\"item\":\"https:\/\/supreme-appliances.com\/shop\/\"},{\"@type\":\"ListItem\",\"position\":3,\"name\":\"Bespoke 6.1 cu. ft. Ultra Capacity Front load Washer &#038;7.6 cu.ft Dryer with BESPOKE Design and Super Speed\"}]},{\"@type\":\"WebSite\",\"@id\":\"https:\/\/supreme-appliances.com\/#website\",\"url\":\"https:\/\/supreme-appliances.com\/\",\"name\":\"supreme-appliances.com\",\"description\":\"Supreme Appliances\",\"publisher\":{\"@id\":\"https:\/\/supreme-appliances.com\/#organization\"},\"potentialAction\":[{\"@type\":\"SearchAction\",\"target\":{\"@type\":\"EntryPoint\",\"urlTemplate\":\"https:\/\/supreme-appliances.com\/?s={search_term_string}\"},\"query-input\":{\"@type\":\"PropertyValueSpecification\",\"valueRequired\":true,\"valueName\":\"search_term_string\"}}],\"inLanguage\":\"es\"},{\"@type\":\"Organization\",\"@id\":\"https:\/\/supreme-appliances.com\/#organization\",\"name\":\"Supreme Appliances\",\"url\":\"https:\/\/supreme-appliances.com\/\",\"logo\":{\"@type\":\"ImageObject\",\"inLanguage\":\"es\",\"@id\":\"https:\/\/supreme-appliances.com\/#\/schema\/logo\/image\/\",\"url\":\"https:\/\/supreme-appliances.com\/wp-content\/uploads\/2022\/08\/product.png\",\"contentUrl\":\"https:\/\/supreme-appliances.com\/wp-content\/uploads\/2022\/08\/product.png\",\"width\":577,\"height\":433,\"caption\":\"Supreme Appliances\"},\"image\":{\"@id\":\"https:\/\/supreme-appliances.com\/#\/schema\/logo\/image\/\"},\"sameAs\":[\"https:\/\/www.facebook.com\/supremeappliancesllc\/\"]}]}<\/script>\n<!-- \/ Yoast SEO plugin. -->","yoast_head_json":{"title":"Bespoke 6.1 cu. ft. Ultra Capacity Front load Washer &7.6 cu.ft Dryer with BESPOKE Design and Super Speed - Supreme Appliances","robots":{"index":"index","follow":"follow","max-snippet":"max-snippet:-1","max-image-preview":"max-image-preview:large","max-video-preview":"max-video-preview:-1"},"canonical":"https:\/\/supreme-appliances.com\/es\/shop\/samsung\/bespoke-6-1-cu-ft-ultra-capacity-front-load-washer-with-super-speed-wash-and-ai-smart-dial\/","og_locale":"es_ES","og_type":"article","og_title":"Bespoke 6.1 cu. ft. Ultra Capacity Front load Washer &7.6 cu.ft Dryer with BESPOKE Design and Super Speed - Supreme Appliances","og_description":"Model: WF53BB8700AV\/DVE53BB8700V  Common Topics How to find the model code or serial number of your Samsung washer or dryer Is your Samsung washer getting enough water? Can you wash tennis shoes or sneakers in your Samsung washer? Cycles, settings, and features on your Samsung washer","og_url":"https:\/\/supreme-appliances.com\/es\/shop\/samsung\/bespoke-6-1-cu-ft-ultra-capacity-front-load-washer-with-super-speed-wash-and-ai-smart-dial\/","og_site_name":"Supreme Appliances","article_publisher":"https:\/\/www.facebook.com\/supremeappliancesllc\/","article_modified_time":"2025-05-29T06:01:04+00:00","og_image":[{"width":800,"height":574,"url":"https:\/\/supreme-appliances.com\/wp-content\/uploads\/2023\/10\/shopify-image_24dfe34d-8fe2-4d9a-b341-46d1689c3907_800x.webp","type":"image\/webp"}],"twitter_card":"summary_large_image","schema":{"@context":"https:\/\/schema.org","@graph":[{"@type":"WebPage","@id":"https:\/\/supreme-appliances.com\/shop\/samsung\/bespoke-6-1-cu-ft-ultra-capacity-front-load-washer-with-super-speed-wash-and-ai-smart-dial\/","url":"https:\/\/supreme-appliances.com\/shop\/samsung\/bespoke-6-1-cu-ft-ultra-capacity-front-load-washer-with-super-speed-wash-and-ai-smart-dial\/","name":"Bespoke 6.1 cu. ft. Ultra Capacity Front load Washer &7.6 cu.ft Dryer with BESPOKE Design and Super Speed - Supreme Appliances","isPartOf":{"@id":"https:\/\/supreme-appliances.com\/#website"},"primaryImageOfPage":{"@id":"https:\/\/supreme-appliances.com\/shop\/samsung\/bespoke-6-1-cu-ft-ultra-capacity-front-load-washer-with-super-speed-wash-and-ai-smart-dial\/#primaryimage"},"image":{"@id":"https:\/\/supreme-appliances.com\/shop\/samsung\/bespoke-6-1-cu-ft-ultra-capacity-front-load-washer-with-super-speed-wash-and-ai-smart-dial\/#primaryimage"},"thumbnailUrl":"https:\/\/supreme-appliances.com\/wp-content\/uploads\/2023\/10\/shopify-image_24dfe34d-8fe2-4d9a-b341-46d1689c3907_800x.webp","datePublished":"2023-10-27T07:26:04+00:00","dateModified":"2025-05-29T06:01:04+00:00","breadcrumb":{"@id":"https:\/\/supreme-appliances.com\/shop\/samsung\/bespoke-6-1-cu-ft-ultra-capacity-front-load-washer-with-super-speed-wash-and-ai-smart-dial\/#breadcrumb"},"inLanguage":"es","potentialAction":[{"@type":"ReadAction","target":["https:\/\/supreme-appliances.com\/shop\/samsung\/bespoke-6-1-cu-ft-ultra-capacity-front-load-washer-with-super-speed-wash-and-ai-smart-dial\/"]}]},{"@type":"ImageObject","inLanguage":"es","@id":"https:\/\/supreme-appliances.com\/shop\/samsung\/bespoke-6-1-cu-ft-ultra-capacity-front-load-washer-with-super-speed-wash-and-ai-smart-dial\/#primaryimage","url":"https:\/\/supreme-appliances.com\/wp-content\/uploads\/2023\/10\/shopify-image_24dfe34d-8fe2-4d9a-b341-46d1689c3907_800x.webp","contentUrl":"https:\/\/supreme-appliances.com\/wp-content\/uploads\/2023\/10\/shopify-image_24dfe34d-8fe2-4d9a-b341-46d1689c3907_800x.webp","width":800,"height":574},{"@type":"BreadcrumbList","@id":"https:\/\/supreme-appliances.com\/shop\/samsung\/bespoke-6-1-cu-ft-ultra-capacity-front-load-washer-with-super-speed-wash-and-ai-smart-dial\/#breadcrumb","itemListElement":[{"@type":"ListItem","position":1,"name":"Home","item":"https:\/\/supreme-appliances.com\/"},{"@type":"ListItem","position":2,"name":"Shop","item":"https:\/\/supreme-appliances.com\/shop\/"},{"@type":"ListItem","position":3,"name":"Bespoke 6.1 cu. ft. Ultra Capacity Front load Washer &#038;7.6 cu.ft Dryer with BESPOKE Design and Super Speed"}]},{"@type":"WebSite","@id":"https:\/\/supreme-appliances.com\/#website","url":"https:\/\/supreme-appliances.com\/","name":"supreme-appliances.es","description":"Electrodom\u00e9sticos Supreme","publisher":{"@id":"https:\/\/supreme-appliances.com\/#organization"},"potentialAction":[{"@type":"SearchAction","target":{"@type":"EntryPoint","urlTemplate":"https:\/\/supreme-appliances.com\/?s={search_term_string}"},"query-input":{"@type":"PropertyValueSpecification","valueRequired":true,"valueName":"search_term_string"}}],"inLanguage":"es"},{"@type":"Organization","@id":"https:\/\/supreme-appliances.com\/#organization","name":"Electrodom\u00e9sticos Supreme","url":"https:\/\/supreme-appliances.com\/","logo":{"@type":"ImageObject","inLanguage":"es","@id":"https:\/\/supreme-appliances.com\/#\/schema\/logo\/image\/","url":"https:\/\/supreme-appliances.com\/wp-content\/uploads\/2022\/08\/product.png","contentUrl":"https:\/\/supreme-appliances.com\/wp-content\/uploads\/2022\/08\/product.png","width":577,"height":433,"caption":"Supreme Appliances"},"image":{"@id":"https:\/\/supreme-appliances.com\/#\/schema\/logo\/image\/"},"sameAs":["https:\/\/www.facebook.com\/supremeappliancesllc\/"]}]}},"_links":{"self":[{"href":"https:\/\/supreme-appliances.com\/es\/wp-json\/wp\/v2\/product\/4989","targetHints":{"allow":["GET"]}}],"collection":[{"href":"https:\/\/supreme-appliances.com\/es\/wp-json\/wp\/v2\/product"}],"about":[{"href":"https:\/\/supreme-appliances.com\/es\/wp-json\/wp\/v2\/types\/product"}],"replies":[{"embeddable":true,"href":"https:\/\/supreme-appliances.com\/es\/wp-json\/wp\/v2\/comments?post=4989"}],"version-history":[{"count":3,"href":"https:\/\/supreme-appliances.com\/es\/wp-json\/wp\/v2\/product\/4989\/revisions"}],"predecessor-version":[{"id":5125,"href":"https:\/\/supreme-appliances.com\/es\/wp-json\/wp\/v2\/product\/4989\/revisions\/5125"}],"wp:featuredmedia":[{"embeddable":true,"href":"https:\/\/supreme-appliances.com\/es\/wp-json\/wp\/v2\/media\/5144"}],"wp:attachment":[{"href":"https:\/\/supreme-appliances.com\/es\/wp-json\/wp\/v2\/media?parent=4989"}],"wp:term":[{"taxonomy":"product_brand","embeddable":true,"href":"https:\/\/supreme-appliances.com\/es\/wp-json\/wp\/v2\/product_brand?post=4989"},{"taxonomy":"product_cat","embeddable":true,"href":"https:\/\/supreme-appliances.com\/es\/wp-json\/wp\/v2\/product_cat?post=4989"},{"taxonomy":"product_tag","embeddable":true,"href":"https:\/\/supreme-appliances.com\/es\/wp-json\/wp\/v2\/product_tag?post=4989"}],"curies":[{"name":"wp","href":"https:\/\/api.w.org\/{rel}","templated":true}]}}