{"id":5011,"date":"2023-10-27T08:01:47","date_gmt":"2023-10-27T08:01:47","guid":{"rendered":"https:\/\/supreme-appliances.com\/?post_type=product&#038;p=5011"},"modified":"2026-02-19T13:29:07","modified_gmt":"2026-02-19T18:29:07","slug":"4-6-cu-ft-large-capacity-ai-smart-dial-front-load-washer-with-auto-dispense-and-super-speed-wash-in-brushed-black","status":"publish","type":"product","link":"https:\/\/supreme-appliances.com\/es\/shop\/samsung\/4-6-cu-ft-large-capacity-ai-smart-dial-front-load-washer-with-auto-dispense-and-super-speed-wash-in-brushed-black\/","title":{"rendered":"Lavadora de carga frontal AI Smart Dial de gran capacidad de 4,6 pies c\u00fabicos con dosificaci\u00f3n autom\u00e1tica y lavado superr\u00e1pido en negro cepillado"},"content":{"rendered":"","protected":false},"excerpt":{"rendered":"<p>Modelo: WF46BG6500AV\/DVE46BG6500V<\/p>\n<ul class=\"product-details__info-description\">\n<li class=\"product-details__info-description--line product-details__info-description--line1\">La lavadora de carga frontal Samsung de gran capacidad de 4,6 pies c\u00fabicos est\u00e1 equipada con nuestro AI Smart Dial, que aprende y recomienda sus ciclos favoritos\u00b2 y simplifica el panel de control, para que controlar su lavadora sea pan comido.<\/li>\n<li class=\"product-details__info-description--line product-details__info-description--line2\">Tambi\u00e9n dispone de Auto Dispense, que almacena c\u00f3modamente y dispensa autom\u00e1ticamente hasta 32 cargas de detergente y suavizante, y Super Speed Wash, que limpia en\u00e9rgicamente una carga completa de ropa en s\u00f3lo 28 minutos.\u00b9<\/li>\n<\/ul>","protected":false},"featured_media":5012,"comment_status":"open","ping_status":"closed","template":"","meta":{"site-sidebar-layout":"default","site-content-layout":"","ast-site-content-layout":"default","site-content-style":"default","site-sidebar-style":"default","ast-global-header-display":"","ast-banner-title-visibility":"","ast-main-header-display":"","ast-hfb-above-header-display":"","ast-hfb-below-header-display":"","ast-hfb-mobile-header-display":"","site-post-title":"","ast-breadcrumbs-content":"","ast-featured-img":"","footer-sml-layout":"","ast-disable-related-posts":"","theme-transparent-header-meta":"default","adv-header-id-meta":"","stick-header-meta":"","header-above-stick-meta":"","header-main-stick-meta":"","header-below-stick-meta":"","astra-migrate-meta-layouts":"set","ast-page-background-enabled":"default","ast-page-background-meta":{"desktop":{"background-color":"var(--ast-global-color-4)","background-image":"","background-repeat":"repeat","background-position":"center center","background-size":"auto","background-attachment":"scroll","background-type":"","background-media":"","overlay-type":"","overlay-color":"","overlay-opacity":"","overlay-gradient":""},"tablet":{"background-color":"","background-image":"","background-repeat":"repeat","background-position":"center center","background-size":"auto","background-attachment":"scroll","background-type":"","background-media":"","overlay-type":"","overlay-color":"","overlay-opacity":"","overlay-gradient":""},"mobile":{"background-color":"","background-image":"","background-repeat":"repeat","background-position":"center center","background-size":"auto","background-attachment":"scroll","background-type":"","background-media":"","overlay-type":"","overlay-color":"","overlay-opacity":"","overlay-gradient":""}},"ast-content-background-meta":{"desktop":{"background-color":"var(--ast-global-color-5)","background-image":"","background-repeat":"repeat","background-position":"center center","background-size":"auto","background-attachment":"scroll","background-type":"","background-media":"","overlay-type":"","overlay-color":"","overlay-opacity":"","overlay-gradient":""},"tablet":{"background-color":"var(--ast-global-color-5)","background-image":"","background-repeat":"repeat","background-position":"center center","background-size":"auto","background-attachment":"scroll","background-type":"","background-media":"","overlay-type":"","overlay-color":"","overlay-opacity":"","overlay-gradient":""},"mobile":{"background-color":"var(--ast-global-color-5)","background-image":"","background-repeat":"repeat","background-position":"center center","background-size":"auto","background-attachment":"scroll","background-type":"","background-media":"","overlay-type":"","overlay-color":"","overlay-opacity":"","overlay-gradient":""}},"_joinchat":[]},"product_brand":[],"product_cat":[21,64],"product_tag":[],"class_list":{"0":"post-5011","1":"product","2":"type-product","3":"status-publish","4":"has-post-thumbnail","6":"product_cat-samsung","7":"product_cat-washer-and-dryer-sets","8":"desktop-align-left","9":"tablet-align-left","10":"mobile-align-left","12":"first","13":"instock","14":"shipping-taxable","15":"product-type-simple"},"yoast_head":"<!-- This site is optimized with the Yoast SEO plugin v27.2 - https:\/\/yoast.com\/product\/yoast-seo-wordpress\/ -->\n<title>4.6 cu. ft. Large Capacity AI Smart Dial Front Load Washer with Auto Dispense and Super Speed Wash in Brushed Black - Supreme Appliances<\/title>\n<meta name=\"robots\" content=\"index, follow, max-snippet:-1, max-image-preview:large, max-video-preview:-1\" \/>\n<link rel=\"canonical\" href=\"https:\/\/supreme-appliances.com\/es\/shop\/samsung\/4-6-cu-ft-large-capacity-ai-smart-dial-front-load-washer-with-auto-dispense-and-super-speed-wash-in-brushed-black\/\" \/>\n<meta property=\"og:locale\" content=\"es_ES\" \/>\n<meta property=\"og:type\" content=\"article\" \/>\n<meta property=\"og:title\" content=\"4.6 cu. ft. Large Capacity AI Smart Dial Front Load Washer with Auto Dispense and Super Speed Wash in Brushed Black - Supreme Appliances\" \/>\n<meta property=\"og:description\" content=\"Model: WF46BG6500AV\/DVE46BG6500V   Samsung&#039;s 4.6 cu. ft. Large Capacity Front Load Washer is equipped with our AI Smart Dial, which learns and recommends your favorite cycles\u00b2 and simplifies the control panel, to make controlling your washer a breeze.  It also has Auto Dispense, which conveniently stores and automatically dispenses up to 32 loads of detergent and softener and Super Speed Wash, which powerfully cleans a full load of laundry in just 28 minutes.\u00b9\" \/>\n<meta property=\"og:url\" content=\"https:\/\/supreme-appliances.com\/es\/shop\/samsung\/4-6-cu-ft-large-capacity-ai-smart-dial-front-load-washer-with-auto-dispense-and-super-speed-wash-in-brushed-black\/\" \/>\n<meta property=\"og:site_name\" content=\"Supreme Appliances\" \/>\n<meta property=\"article:publisher\" content=\"https:\/\/www.facebook.com\/supremeappliancesllc\/\" \/>\n<meta property=\"article:modified_time\" content=\"2026-02-19T18:29:07+00:00\" \/>\n<meta property=\"og:image\" content=\"https:\/\/supreme-appliances.com\/wp-content\/uploads\/2023\/10\/Washer-and-dryer3.webp\" \/>\n\t<meta property=\"og:image:width\" content=\"800\" \/>\n\t<meta property=\"og:image:height\" content=\"600\" \/>\n\t<meta property=\"og:image:type\" content=\"image\/webp\" \/>\n<meta name=\"twitter:card\" content=\"summary_large_image\" \/>\n<script type=\"application\/ld+json\" class=\"yoast-schema-graph\">{\"@context\":\"https:\/\/schema.org\",\"@graph\":[{\"@type\":\"WebPage\",\"@id\":\"https:\/\/supreme-appliances.com\/shop\/samsung\/4-6-cu-ft-large-capacity-ai-smart-dial-front-load-washer-with-auto-dispense-and-super-speed-wash-in-brushed-black\/\",\"url\":\"https:\/\/supreme-appliances.com\/shop\/samsung\/4-6-cu-ft-large-capacity-ai-smart-dial-front-load-washer-with-auto-dispense-and-super-speed-wash-in-brushed-black\/\",\"name\":\"4.6 cu. ft. Large Capacity AI Smart Dial Front Load Washer with Auto Dispense and Super Speed Wash in Brushed Black - Supreme Appliances\",\"isPartOf\":{\"@id\":\"https:\/\/supreme-appliances.com\/#website\"},\"primaryImageOfPage\":{\"@id\":\"https:\/\/supreme-appliances.com\/shop\/samsung\/4-6-cu-ft-large-capacity-ai-smart-dial-front-load-washer-with-auto-dispense-and-super-speed-wash-in-brushed-black\/#primaryimage\"},\"image\":{\"@id\":\"https:\/\/supreme-appliances.com\/shop\/samsung\/4-6-cu-ft-large-capacity-ai-smart-dial-front-load-washer-with-auto-dispense-and-super-speed-wash-in-brushed-black\/#primaryimage\"},\"thumbnailUrl\":\"https:\/\/supreme-appliances.com\/wp-content\/uploads\/2023\/10\/Washer-and-dryer3.webp\",\"datePublished\":\"2023-10-27T08:01:47+00:00\",\"dateModified\":\"2026-02-19T18:29:07+00:00\",\"breadcrumb\":{\"@id\":\"https:\/\/supreme-appliances.com\/shop\/samsung\/4-6-cu-ft-large-capacity-ai-smart-dial-front-load-washer-with-auto-dispense-and-super-speed-wash-in-brushed-black\/#breadcrumb\"},\"inLanguage\":\"es\",\"potentialAction\":[{\"@type\":\"ReadAction\",\"target\":[\"https:\/\/supreme-appliances.com\/shop\/samsung\/4-6-cu-ft-large-capacity-ai-smart-dial-front-load-washer-with-auto-dispense-and-super-speed-wash-in-brushed-black\/\"]}]},{\"@type\":\"ImageObject\",\"inLanguage\":\"es\",\"@id\":\"https:\/\/supreme-appliances.com\/shop\/samsung\/4-6-cu-ft-large-capacity-ai-smart-dial-front-load-washer-with-auto-dispense-and-super-speed-wash-in-brushed-black\/#primaryimage\",\"url\":\"https:\/\/supreme-appliances.com\/wp-content\/uploads\/2023\/10\/Washer-and-dryer3.webp\",\"contentUrl\":\"https:\/\/supreme-appliances.com\/wp-content\/uploads\/2023\/10\/Washer-and-dryer3.webp\",\"width\":800,\"height\":600},{\"@type\":\"BreadcrumbList\",\"@id\":\"https:\/\/supreme-appliances.com\/shop\/samsung\/4-6-cu-ft-large-capacity-ai-smart-dial-front-load-washer-with-auto-dispense-and-super-speed-wash-in-brushed-black\/#breadcrumb\",\"itemListElement\":[{\"@type\":\"ListItem\",\"position\":1,\"name\":\"Home\",\"item\":\"https:\/\/supreme-appliances.com\/\"},{\"@type\":\"ListItem\",\"position\":2,\"name\":\"Shop\",\"item\":\"https:\/\/supreme-appliances.com\/shop\/\"},{\"@type\":\"ListItem\",\"position\":3,\"name\":\"4.6 cu. ft. Large Capacity AI Smart Dial Front Load Washer with Auto Dispense and Super Speed Wash in Brushed Black\"}]},{\"@type\":\"WebSite\",\"@id\":\"https:\/\/supreme-appliances.com\/#website\",\"url\":\"https:\/\/supreme-appliances.com\/\",\"name\":\"supreme-appliances.com\",\"description\":\"Supreme Appliances\",\"publisher\":{\"@id\":\"https:\/\/supreme-appliances.com\/#organization\"},\"potentialAction\":[{\"@type\":\"SearchAction\",\"target\":{\"@type\":\"EntryPoint\",\"urlTemplate\":\"https:\/\/supreme-appliances.com\/?s={search_term_string}\"},\"query-input\":{\"@type\":\"PropertyValueSpecification\",\"valueRequired\":true,\"valueName\":\"search_term_string\"}}],\"inLanguage\":\"es\"},{\"@type\":\"Organization\",\"@id\":\"https:\/\/supreme-appliances.com\/#organization\",\"name\":\"Supreme Appliances\",\"url\":\"https:\/\/supreme-appliances.com\/\",\"logo\":{\"@type\":\"ImageObject\",\"inLanguage\":\"es\",\"@id\":\"https:\/\/supreme-appliances.com\/#\/schema\/logo\/image\/\",\"url\":\"https:\/\/supreme-appliances.com\/wp-content\/uploads\/2022\/08\/product.png\",\"contentUrl\":\"https:\/\/supreme-appliances.com\/wp-content\/uploads\/2022\/08\/product.png\",\"width\":577,\"height\":433,\"caption\":\"Supreme Appliances\"},\"image\":{\"@id\":\"https:\/\/supreme-appliances.com\/#\/schema\/logo\/image\/\"},\"sameAs\":[\"https:\/\/www.facebook.com\/supremeappliancesllc\/\"]}]}<\/script>\n<!-- \/ Yoast SEO plugin. -->","yoast_head_json":{"title":"Lavadora de carga frontal AI Smart Dial de gran capacidad de 4,6 pies c\u00fabicos con dosificaci\u00f3n autom\u00e1tica y lavado superr\u00e1pido en negro cepillado - Supreme Appliances","robots":{"index":"index","follow":"follow","max-snippet":"max-snippet:-1","max-image-preview":"max-image-preview:large","max-video-preview":"max-video-preview:-1"},"canonical":"https:\/\/supreme-appliances.com\/es\/shop\/samsung\/4-6-cu-ft-large-capacity-ai-smart-dial-front-load-washer-with-auto-dispense-and-super-speed-wash-in-brushed-black\/","og_locale":"es_ES","og_type":"article","og_title":"4.6 cu. ft. Large Capacity AI Smart Dial Front Load Washer with Auto Dispense and Super Speed Wash in Brushed Black - Supreme Appliances","og_description":"Model: WF46BG6500AV\/DVE46BG6500V   Samsung's 4.6 cu. ft. Large Capacity Front Load Washer is equipped with our AI Smart Dial, which learns and recommends your favorite cycles\u00b2 and simplifies the control panel, to make controlling your washer a breeze.  It also has Auto Dispense, which conveniently stores and automatically dispenses up to 32 loads of detergent and softener and Super Speed Wash, which powerfully cleans a full load of laundry in just 28 minutes.\u00b9","og_url":"https:\/\/supreme-appliances.com\/es\/shop\/samsung\/4-6-cu-ft-large-capacity-ai-smart-dial-front-load-washer-with-auto-dispense-and-super-speed-wash-in-brushed-black\/","og_site_name":"Supreme Appliances","article_publisher":"https:\/\/www.facebook.com\/supremeappliancesllc\/","article_modified_time":"2026-02-19T18:29:07+00:00","og_image":[{"width":800,"height":600,"url":"https:\/\/supreme-appliances.com\/wp-content\/uploads\/2023\/10\/Washer-and-dryer3.webp","type":"image\/webp"}],"twitter_card":"summary_large_image","schema":{"@context":"https:\/\/schema.org","@graph":[{"@type":"WebPage","@id":"https:\/\/supreme-appliances.com\/shop\/samsung\/4-6-cu-ft-large-capacity-ai-smart-dial-front-load-washer-with-auto-dispense-and-super-speed-wash-in-brushed-black\/","url":"https:\/\/supreme-appliances.com\/shop\/samsung\/4-6-cu-ft-large-capacity-ai-smart-dial-front-load-washer-with-auto-dispense-and-super-speed-wash-in-brushed-black\/","name":"Lavadora de carga frontal AI Smart Dial de gran capacidad de 4,6 pies c\u00fabicos con dosificaci\u00f3n autom\u00e1tica y lavado superr\u00e1pido en negro cepillado - Supreme Appliances","isPartOf":{"@id":"https:\/\/supreme-appliances.com\/#website"},"primaryImageOfPage":{"@id":"https:\/\/supreme-appliances.com\/shop\/samsung\/4-6-cu-ft-large-capacity-ai-smart-dial-front-load-washer-with-auto-dispense-and-super-speed-wash-in-brushed-black\/#primaryimage"},"image":{"@id":"https:\/\/supreme-appliances.com\/shop\/samsung\/4-6-cu-ft-large-capacity-ai-smart-dial-front-load-washer-with-auto-dispense-and-super-speed-wash-in-brushed-black\/#primaryimage"},"thumbnailUrl":"https:\/\/supreme-appliances.com\/wp-content\/uploads\/2023\/10\/Washer-and-dryer3.webp","datePublished":"2023-10-27T08:01:47+00:00","dateModified":"2026-02-19T18:29:07+00:00","breadcrumb":{"@id":"https:\/\/supreme-appliances.com\/shop\/samsung\/4-6-cu-ft-large-capacity-ai-smart-dial-front-load-washer-with-auto-dispense-and-super-speed-wash-in-brushed-black\/#breadcrumb"},"inLanguage":"es","potentialAction":[{"@type":"ReadAction","target":["https:\/\/supreme-appliances.com\/shop\/samsung\/4-6-cu-ft-large-capacity-ai-smart-dial-front-load-washer-with-auto-dispense-and-super-speed-wash-in-brushed-black\/"]}]},{"@type":"ImageObject","inLanguage":"es","@id":"https:\/\/supreme-appliances.com\/shop\/samsung\/4-6-cu-ft-large-capacity-ai-smart-dial-front-load-washer-with-auto-dispense-and-super-speed-wash-in-brushed-black\/#primaryimage","url":"https:\/\/supreme-appliances.com\/wp-content\/uploads\/2023\/10\/Washer-and-dryer3.webp","contentUrl":"https:\/\/supreme-appliances.com\/wp-content\/uploads\/2023\/10\/Washer-and-dryer3.webp","width":800,"height":600},{"@type":"BreadcrumbList","@id":"https:\/\/supreme-appliances.com\/shop\/samsung\/4-6-cu-ft-large-capacity-ai-smart-dial-front-load-washer-with-auto-dispense-and-super-speed-wash-in-brushed-black\/#breadcrumb","itemListElement":[{"@type":"ListItem","position":1,"name":"Home","item":"https:\/\/supreme-appliances.com\/"},{"@type":"ListItem","position":2,"name":"Shop","item":"https:\/\/supreme-appliances.com\/shop\/"},{"@type":"ListItem","position":3,"name":"4.6 cu. ft. Large Capacity AI Smart Dial Front Load Washer with Auto Dispense and Super Speed Wash in Brushed Black"}]},{"@type":"WebSite","@id":"https:\/\/supreme-appliances.com\/#website","url":"https:\/\/supreme-appliances.com\/","name":"supreme-appliances.es","description":"Electrodom\u00e9sticos Supreme","publisher":{"@id":"https:\/\/supreme-appliances.com\/#organization"},"potentialAction":[{"@type":"SearchAction","target":{"@type":"EntryPoint","urlTemplate":"https:\/\/supreme-appliances.com\/?s={search_term_string}"},"query-input":{"@type":"PropertyValueSpecification","valueRequired":true,"valueName":"search_term_string"}}],"inLanguage":"es"},{"@type":"Organization","@id":"https:\/\/supreme-appliances.com\/#organization","name":"Electrodom\u00e9sticos Supreme","url":"https:\/\/supreme-appliances.com\/","logo":{"@type":"ImageObject","inLanguage":"es","@id":"https:\/\/supreme-appliances.com\/#\/schema\/logo\/image\/","url":"https:\/\/supreme-appliances.com\/wp-content\/uploads\/2022\/08\/product.png","contentUrl":"https:\/\/supreme-appliances.com\/wp-content\/uploads\/2022\/08\/product.png","width":577,"height":433,"caption":"Supreme Appliances"},"image":{"@id":"https:\/\/supreme-appliances.com\/#\/schema\/logo\/image\/"},"sameAs":["https:\/\/www.facebook.com\/supremeappliancesllc\/"]}]}},"_links":{"self":[{"href":"https:\/\/supreme-appliances.com\/es\/wp-json\/wp\/v2\/product\/5011","targetHints":{"allow":["GET"]}}],"collection":[{"href":"https:\/\/supreme-appliances.com\/es\/wp-json\/wp\/v2\/product"}],"about":[{"href":"https:\/\/supreme-appliances.com\/es\/wp-json\/wp\/v2\/types\/product"}],"replies":[{"embeddable":true,"href":"https:\/\/supreme-appliances.com\/es\/wp-json\/wp\/v2\/comments?post=5011"}],"version-history":[{"count":1,"href":"https:\/\/supreme-appliances.com\/es\/wp-json\/wp\/v2\/product\/5011\/revisions"}],"predecessor-version":[{"id":5013,"href":"https:\/\/supreme-appliances.com\/es\/wp-json\/wp\/v2\/product\/5011\/revisions\/5013"}],"wp:featuredmedia":[{"embeddable":true,"href":"https:\/\/supreme-appliances.com\/es\/wp-json\/wp\/v2\/media\/5012"}],"wp:attachment":[{"href":"https:\/\/supreme-appliances.com\/es\/wp-json\/wp\/v2\/media?parent=5011"}],"wp:term":[{"taxonomy":"product_brand","embeddable":true,"href":"https:\/\/supreme-appliances.com\/es\/wp-json\/wp\/v2\/product_brand?post=5011"},{"taxonomy":"product_cat","embeddable":true,"href":"https:\/\/supreme-appliances.com\/es\/wp-json\/wp\/v2\/product_cat?post=5011"},{"taxonomy":"product_tag","embeddable":true,"href":"https:\/\/supreme-appliances.com\/es\/wp-json\/wp\/v2\/product_tag?post=5011"}],"curies":[{"name":"wp","href":"https:\/\/api.w.org\/{rel}","templated":true}]}}