{"id":5014,"date":"2023-10-27T08:04:15","date_gmt":"2023-10-27T08:04:15","guid":{"rendered":"https:\/\/supreme-appliances.com\/?post_type=product&#038;p=5014"},"modified":"2026-03-05T10:36:32","modified_gmt":"2026-03-05T15:36:32","slug":"4-5-cu-ft-front-load-washer-with-vibration-reduction-technology-in-white","status":"publish","type":"product","link":"https:\/\/supreme-appliances.com\/es\/shop\/samsung\/4-5-cu-ft-front-load-washer-with-vibration-reduction-technology-in-white\/","title":{"rendered":"Lavadora de carga frontal de 4,5 pies c\u00fabicos con tecnolog\u00eda de reducci\u00f3n de vibraciones y secadora el\u00e9ctrica de 7,5 pies c\u00fabicos con secado por sensor en blanco"},"content":{"rendered":"","protected":false},"excerpt":{"rendered":"<p>Modelo: WF45T6000AW\/DVE45T6000W<\/p>\n<ul class=\"product-details__info-description\" role=\"presentation\">\n<li class=\"product-details__info-description--line product-details__info-description--line1\" role=\"presentation\">Esta lavadora de carga frontal ofrece tecnolog\u00eda de reducci\u00f3n de vibraciones+ y autolimpieza+ para eliminar 99% de bacterias del tambor.\u00b2<\/li>\n<\/ul>","protected":false},"featured_media":5130,"comment_status":"open","ping_status":"closed","template":"","meta":{"site-sidebar-layout":"default","site-content-layout":"","ast-site-content-layout":"default","site-content-style":"default","site-sidebar-style":"default","ast-global-header-display":"","ast-banner-title-visibility":"","ast-main-header-display":"","ast-hfb-above-header-display":"","ast-hfb-below-header-display":"","ast-hfb-mobile-header-display":"","site-post-title":"","ast-breadcrumbs-content":"","ast-featured-img":"","footer-sml-layout":"","ast-disable-related-posts":"","theme-transparent-header-meta":"default","adv-header-id-meta":"","stick-header-meta":"","header-above-stick-meta":"","header-main-stick-meta":"","header-below-stick-meta":"","astra-migrate-meta-layouts":"set","ast-page-background-enabled":"default","ast-page-background-meta":{"desktop":{"background-color":"var(--ast-global-color-4)","background-image":"","background-repeat":"repeat","background-position":"center center","background-size":"auto","background-attachment":"scroll","background-type":"","background-media":"","overlay-type":"","overlay-color":"","overlay-opacity":"","overlay-gradient":""},"tablet":{"background-color":"","background-image":"","background-repeat":"repeat","background-position":"center center","background-size":"auto","background-attachment":"scroll","background-type":"","background-media":"","overlay-type":"","overlay-color":"","overlay-opacity":"","overlay-gradient":""},"mobile":{"background-color":"","background-image":"","background-repeat":"repeat","background-position":"center center","background-size":"auto","background-attachment":"scroll","background-type":"","background-media":"","overlay-type":"","overlay-color":"","overlay-opacity":"","overlay-gradient":""}},"ast-content-background-meta":{"desktop":{"background-color":"var(--ast-global-color-5)","background-image":"","background-repeat":"repeat","background-position":"center center","background-size":"auto","background-attachment":"scroll","background-type":"","background-media":"","overlay-type":"","overlay-color":"","overlay-opacity":"","overlay-gradient":""},"tablet":{"background-color":"var(--ast-global-color-5)","background-image":"","background-repeat":"repeat","background-position":"center center","background-size":"auto","background-attachment":"scroll","background-type":"","background-media":"","overlay-type":"","overlay-color":"","overlay-opacity":"","overlay-gradient":""},"mobile":{"background-color":"var(--ast-global-color-5)","background-image":"","background-repeat":"repeat","background-position":"center center","background-size":"auto","background-attachment":"scroll","background-type":"","background-media":"","overlay-type":"","overlay-color":"","overlay-opacity":"","overlay-gradient":""}},"_joinchat":[]},"product_brand":[],"product_cat":[21,64],"product_tag":[],"class_list":{"0":"post-5014","1":"product","2":"type-product","3":"status-publish","4":"has-post-thumbnail","6":"product_cat-samsung","7":"product_cat-washer-and-dryer-sets","8":"desktop-align-left","9":"tablet-align-left","10":"mobile-align-left","12":"first","13":"instock","14":"shipping-taxable","15":"product-type-simple"},"yoast_head":"<!-- This site is optimized with the Yoast SEO plugin v27.2 - https:\/\/yoast.com\/product\/yoast-seo-wordpress\/ -->\n<title>4.5 cu. ft. Front Load Washer with Vibration Reduction Technology &amp; 7.5 cu. ft. Electric Dryer with Sensor Dry in White - Supreme Appliances<\/title>\n<meta name=\"robots\" content=\"index, follow, max-snippet:-1, max-image-preview:large, max-video-preview:-1\" \/>\n<link rel=\"canonical\" href=\"https:\/\/supreme-appliances.com\/es\/shop\/samsung\/4-5-cu-ft-front-load-washer-with-vibration-reduction-technology-in-white\/\" \/>\n<meta property=\"og:locale\" content=\"es_ES\" \/>\n<meta property=\"og:type\" content=\"article\" \/>\n<meta property=\"og:title\" content=\"4.5 cu. ft. Front Load Washer with Vibration Reduction Technology &amp; 7.5 cu. ft. Electric Dryer with Sensor Dry in White - Supreme Appliances\" \/>\n<meta property=\"og:description\" content=\"Model: WF45T6000AW\/DVE45T6000W   This Front Load washer offers Vibration Reduction Technology+ and Self Clean+ to eliminate 99% of bacteria from the drum.\u00b2\" \/>\n<meta property=\"og:url\" content=\"https:\/\/supreme-appliances.com\/es\/shop\/samsung\/4-5-cu-ft-front-load-washer-with-vibration-reduction-technology-in-white\/\" \/>\n<meta property=\"og:site_name\" content=\"Supreme Appliances\" \/>\n<meta property=\"article:publisher\" content=\"https:\/\/www.facebook.com\/supremeappliancesllc\/\" \/>\n<meta property=\"article:modified_time\" content=\"2026-03-05T15:36:32+00:00\" \/>\n<meta property=\"og:image\" content=\"https:\/\/supreme-appliances.com\/wp-content\/uploads\/2023\/10\/samsung-wf45t6000aw-dve45t6000w-6301843.webp\" \/>\n\t<meta property=\"og:image:width\" content=\"1200\" \/>\n\t<meta property=\"og:image:height\" content=\"1200\" \/>\n\t<meta property=\"og:image:type\" content=\"image\/webp\" \/>\n<meta name=\"twitter:card\" content=\"summary_large_image\" \/>\n<script type=\"application\/ld+json\" class=\"yoast-schema-graph\">{\"@context\":\"https:\/\/schema.org\",\"@graph\":[{\"@type\":\"WebPage\",\"@id\":\"https:\/\/supreme-appliances.com\/shop\/samsung\/4-5-cu-ft-front-load-washer-with-vibration-reduction-technology-in-white\/\",\"url\":\"https:\/\/supreme-appliances.com\/shop\/samsung\/4-5-cu-ft-front-load-washer-with-vibration-reduction-technology-in-white\/\",\"name\":\"4.5 cu. ft. Front Load Washer with Vibration Reduction Technology & 7.5 cu. ft. Electric Dryer with Sensor Dry in White - Supreme Appliances\",\"isPartOf\":{\"@id\":\"https:\/\/supreme-appliances.com\/#website\"},\"primaryImageOfPage\":{\"@id\":\"https:\/\/supreme-appliances.com\/shop\/samsung\/4-5-cu-ft-front-load-washer-with-vibration-reduction-technology-in-white\/#primaryimage\"},\"image\":{\"@id\":\"https:\/\/supreme-appliances.com\/shop\/samsung\/4-5-cu-ft-front-load-washer-with-vibration-reduction-technology-in-white\/#primaryimage\"},\"thumbnailUrl\":\"https:\/\/supreme-appliances.com\/wp-content\/uploads\/2023\/10\/samsung-wf45t6000aw-dve45t6000w-6301843.webp\",\"datePublished\":\"2023-10-27T08:04:15+00:00\",\"dateModified\":\"2026-03-05T15:36:32+00:00\",\"breadcrumb\":{\"@id\":\"https:\/\/supreme-appliances.com\/shop\/samsung\/4-5-cu-ft-front-load-washer-with-vibration-reduction-technology-in-white\/#breadcrumb\"},\"inLanguage\":\"es\",\"potentialAction\":[{\"@type\":\"ReadAction\",\"target\":[\"https:\/\/supreme-appliances.com\/shop\/samsung\/4-5-cu-ft-front-load-washer-with-vibration-reduction-technology-in-white\/\"]}]},{\"@type\":\"ImageObject\",\"inLanguage\":\"es\",\"@id\":\"https:\/\/supreme-appliances.com\/shop\/samsung\/4-5-cu-ft-front-load-washer-with-vibration-reduction-technology-in-white\/#primaryimage\",\"url\":\"https:\/\/supreme-appliances.com\/wp-content\/uploads\/2023\/10\/samsung-wf45t6000aw-dve45t6000w-6301843.webp\",\"contentUrl\":\"https:\/\/supreme-appliances.com\/wp-content\/uploads\/2023\/10\/samsung-wf45t6000aw-dve45t6000w-6301843.webp\",\"width\":1200,\"height\":1200},{\"@type\":\"BreadcrumbList\",\"@id\":\"https:\/\/supreme-appliances.com\/shop\/samsung\/4-5-cu-ft-front-load-washer-with-vibration-reduction-technology-in-white\/#breadcrumb\",\"itemListElement\":[{\"@type\":\"ListItem\",\"position\":1,\"name\":\"Home\",\"item\":\"https:\/\/supreme-appliances.com\/\"},{\"@type\":\"ListItem\",\"position\":2,\"name\":\"Shop\",\"item\":\"https:\/\/supreme-appliances.com\/shop\/\"},{\"@type\":\"ListItem\",\"position\":3,\"name\":\"4.5 cu. ft. Front Load Washer with Vibration Reduction Technology &#038; 7.5 cu. ft. Electric Dryer with Sensor Dry in White\"}]},{\"@type\":\"WebSite\",\"@id\":\"https:\/\/supreme-appliances.com\/#website\",\"url\":\"https:\/\/supreme-appliances.com\/\",\"name\":\"supreme-appliances.com\",\"description\":\"Supreme Appliances\",\"publisher\":{\"@id\":\"https:\/\/supreme-appliances.com\/#organization\"},\"potentialAction\":[{\"@type\":\"SearchAction\",\"target\":{\"@type\":\"EntryPoint\",\"urlTemplate\":\"https:\/\/supreme-appliances.com\/?s={search_term_string}\"},\"query-input\":{\"@type\":\"PropertyValueSpecification\",\"valueRequired\":true,\"valueName\":\"search_term_string\"}}],\"inLanguage\":\"es\"},{\"@type\":\"Organization\",\"@id\":\"https:\/\/supreme-appliances.com\/#organization\",\"name\":\"Supreme Appliances\",\"url\":\"https:\/\/supreme-appliances.com\/\",\"logo\":{\"@type\":\"ImageObject\",\"inLanguage\":\"es\",\"@id\":\"https:\/\/supreme-appliances.com\/#\/schema\/logo\/image\/\",\"url\":\"https:\/\/supreme-appliances.com\/wp-content\/uploads\/2022\/08\/product.png\",\"contentUrl\":\"https:\/\/supreme-appliances.com\/wp-content\/uploads\/2022\/08\/product.png\",\"width\":577,\"height\":433,\"caption\":\"Supreme Appliances\"},\"image\":{\"@id\":\"https:\/\/supreme-appliances.com\/#\/schema\/logo\/image\/\"},\"sameAs\":[\"https:\/\/www.facebook.com\/supremeappliancesllc\/\"]}]}<\/script>\n<!-- \/ Yoast SEO plugin. -->","yoast_head_json":{"title":"Lavadora de carga frontal de 4,5 pies c\u00fabicos con tecnolog\u00eda de reducci\u00f3n de vibraciones y secadora el\u00e9ctrica de 7,5 pies c\u00fabicos con secado por sensor en blanco - Supreme Appliances","robots":{"index":"index","follow":"follow","max-snippet":"max-snippet:-1","max-image-preview":"max-image-preview:large","max-video-preview":"max-video-preview:-1"},"canonical":"https:\/\/supreme-appliances.com\/es\/shop\/samsung\/4-5-cu-ft-front-load-washer-with-vibration-reduction-technology-in-white\/","og_locale":"es_ES","og_type":"article","og_title":"4.5 cu. ft. Front Load Washer with Vibration Reduction Technology & 7.5 cu. ft. Electric Dryer with Sensor Dry in White - Supreme Appliances","og_description":"Model: WF45T6000AW\/DVE45T6000W   This Front Load washer offers Vibration Reduction Technology+ and Self Clean+ to eliminate 99% of bacteria from the drum.\u00b2","og_url":"https:\/\/supreme-appliances.com\/es\/shop\/samsung\/4-5-cu-ft-front-load-washer-with-vibration-reduction-technology-in-white\/","og_site_name":"Supreme Appliances","article_publisher":"https:\/\/www.facebook.com\/supremeappliancesllc\/","article_modified_time":"2026-03-05T15:36:32+00:00","og_image":[{"width":1200,"height":1200,"url":"https:\/\/supreme-appliances.com\/wp-content\/uploads\/2023\/10\/samsung-wf45t6000aw-dve45t6000w-6301843.webp","type":"image\/webp"}],"twitter_card":"summary_large_image","schema":{"@context":"https:\/\/schema.org","@graph":[{"@type":"WebPage","@id":"https:\/\/supreme-appliances.com\/shop\/samsung\/4-5-cu-ft-front-load-washer-with-vibration-reduction-technology-in-white\/","url":"https:\/\/supreme-appliances.com\/shop\/samsung\/4-5-cu-ft-front-load-washer-with-vibration-reduction-technology-in-white\/","name":"Lavadora de carga frontal de 4,5 pies c\u00fabicos con tecnolog\u00eda de reducci\u00f3n de vibraciones y secadora el\u00e9ctrica de 7,5 pies c\u00fabicos con secado por sensor en blanco - Supreme Appliances","isPartOf":{"@id":"https:\/\/supreme-appliances.com\/#website"},"primaryImageOfPage":{"@id":"https:\/\/supreme-appliances.com\/shop\/samsung\/4-5-cu-ft-front-load-washer-with-vibration-reduction-technology-in-white\/#primaryimage"},"image":{"@id":"https:\/\/supreme-appliances.com\/shop\/samsung\/4-5-cu-ft-front-load-washer-with-vibration-reduction-technology-in-white\/#primaryimage"},"thumbnailUrl":"https:\/\/supreme-appliances.com\/wp-content\/uploads\/2023\/10\/samsung-wf45t6000aw-dve45t6000w-6301843.webp","datePublished":"2023-10-27T08:04:15+00:00","dateModified":"2026-03-05T15:36:32+00:00","breadcrumb":{"@id":"https:\/\/supreme-appliances.com\/shop\/samsung\/4-5-cu-ft-front-load-washer-with-vibration-reduction-technology-in-white\/#breadcrumb"},"inLanguage":"es","potentialAction":[{"@type":"ReadAction","target":["https:\/\/supreme-appliances.com\/shop\/samsung\/4-5-cu-ft-front-load-washer-with-vibration-reduction-technology-in-white\/"]}]},{"@type":"ImageObject","inLanguage":"es","@id":"https:\/\/supreme-appliances.com\/shop\/samsung\/4-5-cu-ft-front-load-washer-with-vibration-reduction-technology-in-white\/#primaryimage","url":"https:\/\/supreme-appliances.com\/wp-content\/uploads\/2023\/10\/samsung-wf45t6000aw-dve45t6000w-6301843.webp","contentUrl":"https:\/\/supreme-appliances.com\/wp-content\/uploads\/2023\/10\/samsung-wf45t6000aw-dve45t6000w-6301843.webp","width":1200,"height":1200},{"@type":"BreadcrumbList","@id":"https:\/\/supreme-appliances.com\/shop\/samsung\/4-5-cu-ft-front-load-washer-with-vibration-reduction-technology-in-white\/#breadcrumb","itemListElement":[{"@type":"ListItem","position":1,"name":"Home","item":"https:\/\/supreme-appliances.com\/"},{"@type":"ListItem","position":2,"name":"Shop","item":"https:\/\/supreme-appliances.com\/shop\/"},{"@type":"ListItem","position":3,"name":"4.5 cu. ft. Front Load Washer with Vibration Reduction Technology &#038; 7.5 cu. ft. Electric Dryer with Sensor Dry in White"}]},{"@type":"WebSite","@id":"https:\/\/supreme-appliances.com\/#website","url":"https:\/\/supreme-appliances.com\/","name":"supreme-appliances.es","description":"Electrodom\u00e9sticos Supreme","publisher":{"@id":"https:\/\/supreme-appliances.com\/#organization"},"potentialAction":[{"@type":"SearchAction","target":{"@type":"EntryPoint","urlTemplate":"https:\/\/supreme-appliances.com\/?s={search_term_string}"},"query-input":{"@type":"PropertyValueSpecification","valueRequired":true,"valueName":"search_term_string"}}],"inLanguage":"es"},{"@type":"Organization","@id":"https:\/\/supreme-appliances.com\/#organization","name":"Electrodom\u00e9sticos Supreme","url":"https:\/\/supreme-appliances.com\/","logo":{"@type":"ImageObject","inLanguage":"es","@id":"https:\/\/supreme-appliances.com\/#\/schema\/logo\/image\/","url":"https:\/\/supreme-appliances.com\/wp-content\/uploads\/2022\/08\/product.png","contentUrl":"https:\/\/supreme-appliances.com\/wp-content\/uploads\/2022\/08\/product.png","width":577,"height":433,"caption":"Supreme Appliances"},"image":{"@id":"https:\/\/supreme-appliances.com\/#\/schema\/logo\/image\/"},"sameAs":["https:\/\/www.facebook.com\/supremeappliancesllc\/"]}]}},"_links":{"self":[{"href":"https:\/\/supreme-appliances.com\/es\/wp-json\/wp\/v2\/product\/5014","targetHints":{"allow":["GET"]}}],"collection":[{"href":"https:\/\/supreme-appliances.com\/es\/wp-json\/wp\/v2\/product"}],"about":[{"href":"https:\/\/supreme-appliances.com\/es\/wp-json\/wp\/v2\/types\/product"}],"replies":[{"embeddable":true,"href":"https:\/\/supreme-appliances.com\/es\/wp-json\/wp\/v2\/comments?post=5014"}],"version-history":[{"count":3,"href":"https:\/\/supreme-appliances.com\/es\/wp-json\/wp\/v2\/product\/5014\/revisions"}],"predecessor-version":[{"id":5131,"href":"https:\/\/supreme-appliances.com\/es\/wp-json\/wp\/v2\/product\/5014\/revisions\/5131"}],"wp:featuredmedia":[{"embeddable":true,"href":"https:\/\/supreme-appliances.com\/es\/wp-json\/wp\/v2\/media\/5130"}],"wp:attachment":[{"href":"https:\/\/supreme-appliances.com\/es\/wp-json\/wp\/v2\/media?parent=5014"}],"wp:term":[{"taxonomy":"product_brand","embeddable":true,"href":"https:\/\/supreme-appliances.com\/es\/wp-json\/wp\/v2\/product_brand?post=5014"},{"taxonomy":"product_cat","embeddable":true,"href":"https:\/\/supreme-appliances.com\/es\/wp-json\/wp\/v2\/product_cat?post=5014"},{"taxonomy":"product_tag","embeddable":true,"href":"https:\/\/supreme-appliances.com\/es\/wp-json\/wp\/v2\/product_tag?post=5014"}],"curies":[{"name":"wp","href":"https:\/\/api.w.org\/{rel}","templated":true}]}}