{"id":6006,"date":"2025-12-11T10:29:39","date_gmt":"2025-12-11T15:29:39","guid":{"rendered":"https:\/\/supreme-appliances.com\/?post_type=product&#038;p=6006"},"modified":"2025-12-11T10:30:54","modified_gmt":"2025-12-11T15:30:54","slug":"6-3-cu-ft-smart-freestanding-energy-star-certified-electric-range-with-air-fry-and-griddle-in-stainless-steel","status":"publish","type":"product","link":"https:\/\/supreme-appliances.com\/es\/shop\/uncategorized\/6-3-cu-ft-smart-freestanding-energy-star-certified-electric-range-with-air-fry-and-griddle-in-stainless-steel\/","title":{"rendered":"Cocina el\u00e9ctrica independiente inteligente con certificaci\u00f3n ENERGY STAR\u00ae de 6,3 pies c\u00fabicos con Air Fry y plancha en acero inoxidable"},"content":{"rendered":"","protected":false},"excerpt":{"rendered":"<ul class=\"product-details__info-description\">\n<li class=\"product-details__info-description--line product-details__info-description--line2\">Eleve el aspecto de su cocina con el sistema ENERGY STAR de Samsung<sup>\u00ae<\/sup>\u00a0Cocina El\u00e9ctrica Independiente Inteligente. Nuestro dise\u00f1o de acero inoxidable envuelve con elegancia los laterales de la placa de cocci\u00f3n y el panel de control. Air Fry integrado en el horno le permite cocinar frituras m\u00e1s sanas1, y puede asar los platos favoritos de la familia en la plancha antiadherente extra\u00edble.<\/li>\n<\/ul>\n<div class=\"product-details__info-bundle-section\"><\/div>\n<div class=\"product-details__info-family\"><\/div>\n<div><\/div>\n<div class=\"product-details__info-delivary\"><\/div>","protected":false},"featured_media":6007,"comment_status":"open","ping_status":"closed","template":"","meta":{"site-sidebar-layout":"default","site-content-layout":"","ast-site-content-layout":"default","site-content-style":"default","site-sidebar-style":"default","ast-global-header-display":"","ast-banner-title-visibility":"","ast-main-header-display":"","ast-hfb-above-header-display":"","ast-hfb-below-header-display":"","ast-hfb-mobile-header-display":"","site-post-title":"","ast-breadcrumbs-content":"","ast-featured-img":"","footer-sml-layout":"","ast-disable-related-posts":"","theme-transparent-header-meta":"default","adv-header-id-meta":"","stick-header-meta":"","header-above-stick-meta":"","header-main-stick-meta":"","header-below-stick-meta":"","astra-migrate-meta-layouts":"set","ast-page-background-enabled":"default","ast-page-background-meta":{"desktop":{"background-color":"var(--ast-global-color-4)","background-image":"","background-repeat":"repeat","background-position":"center center","background-size":"auto","background-attachment":"scroll","background-type":"","background-media":"","overlay-type":"","overlay-color":"","overlay-opacity":"","overlay-gradient":""},"tablet":{"background-color":"","background-image":"","background-repeat":"repeat","background-position":"center center","background-size":"auto","background-attachment":"scroll","background-type":"","background-media":"","overlay-type":"","overlay-color":"","overlay-opacity":"","overlay-gradient":""},"mobile":{"background-color":"","background-image":"","background-repeat":"repeat","background-position":"center center","background-size":"auto","background-attachment":"scroll","background-type":"","background-media":"","overlay-type":"","overlay-color":"","overlay-opacity":"","overlay-gradient":""}},"ast-content-background-meta":{"desktop":{"background-color":"var(--ast-global-color-5)","background-image":"","background-repeat":"repeat","background-position":"center center","background-size":"auto","background-attachment":"scroll","background-type":"","background-media":"","overlay-type":"","overlay-color":"","overlay-opacity":"","overlay-gradient":""},"tablet":{"background-color":"var(--ast-global-color-5)","background-image":"","background-repeat":"repeat","background-position":"center center","background-size":"auto","background-attachment":"scroll","background-type":"","background-media":"","overlay-type":"","overlay-color":"","overlay-opacity":"","overlay-gradient":""},"mobile":{"background-color":"var(--ast-global-color-5)","background-image":"","background-repeat":"repeat","background-position":"center center","background-size":"auto","background-attachment":"scroll","background-type":"","background-media":"","overlay-type":"","overlay-color":"","overlay-opacity":"","overlay-gradient":""}},"_joinchat":[]},"product_brand":[],"product_cat":[18],"product_tag":[],"class_list":{"0":"post-6006","1":"product","2":"type-product","3":"status-publish","4":"has-post-thumbnail","6":"product_cat-uncategorized","7":"desktop-align-left","8":"tablet-align-left","9":"mobile-align-left","11":"first","12":"instock","13":"sale","14":"shipping-taxable","15":"purchasable","16":"product-type-simple"},"yoast_head":"<!-- This site is optimized with the Yoast SEO plugin v27.2 - https:\/\/yoast.com\/product\/yoast-seo-wordpress\/ -->\n<title>6.3 cu. ft. Smart Freestanding ENERGY STAR\u00ae Certified Electric Range with Air Fry and Griddle in Stainless Steel - Supreme Appliances<\/title>\n<meta name=\"robots\" content=\"index, follow, max-snippet:-1, max-image-preview:large, max-video-preview:-1\" \/>\n<link rel=\"canonical\" href=\"https:\/\/supreme-appliances.com\/es\/shop\/uncategorized\/6-3-cu-ft-smart-freestanding-energy-star-certified-electric-range-with-air-fry-and-griddle-in-stainless-steel\/\" \/>\n<meta property=\"og:locale\" content=\"es_ES\" \/>\n<meta property=\"og:type\" content=\"article\" \/>\n<meta property=\"og:title\" content=\"6.3 cu. ft. Smart Freestanding ENERGY STAR\u00ae Certified Electric Range with Air Fry and Griddle in Stainless Steel - Supreme Appliances\" \/>\n<meta property=\"og:description\" content=\"Elevate the look of your kitchen with Samsung&#039;s ENERGY STAR\u00ae\u00a0Certified, Smart Freestanding Electric Range. Our Stainless Steel design elegantly wraps around the cooktop sides and up through the slim control panel. Air Fry built into the oven lets you cook healthier1 fried food, and you can grill family favorites on the removable non-stick griddle.\" \/>\n<meta property=\"og:url\" content=\"https:\/\/supreme-appliances.com\/es\/shop\/uncategorized\/6-3-cu-ft-smart-freestanding-energy-star-certified-electric-range-with-air-fry-and-griddle-in-stainless-steel\/\" \/>\n<meta property=\"og:site_name\" content=\"Supreme Appliances\" \/>\n<meta property=\"article:publisher\" content=\"https:\/\/www.facebook.com\/supremeappliancesllc\/\" \/>\n<meta property=\"article:modified_time\" content=\"2025-12-11T15:30:54+00:00\" \/>\n<meta property=\"og:image\" content=\"https:\/\/supreme-appliances.com\/wp-content\/uploads\/2025\/12\/NE63D6711SR_01_Stainless_Steel_SCOM.webp\" \/>\n\t<meta property=\"og:image:width\" content=\"800\" \/>\n\t<meta property=\"og:image:height\" content=\"600\" \/>\n\t<meta property=\"og:image:type\" content=\"image\/webp\" \/>\n<meta name=\"twitter:card\" content=\"summary_large_image\" \/>\n<meta name=\"twitter:label1\" content=\"Tiempo de lectura\" \/>\n\t<meta name=\"twitter:data1\" content=\"1 minuto\" \/>\n<script type=\"application\/ld+json\" class=\"yoast-schema-graph\">{\"@context\":\"https:\/\/schema.org\",\"@graph\":[{\"@type\":\"WebPage\",\"@id\":\"https:\/\/supreme-appliances.com\/shop\/uncategorized\/6-3-cu-ft-smart-freestanding-energy-star-certified-electric-range-with-air-fry-and-griddle-in-stainless-steel\/\",\"url\":\"https:\/\/supreme-appliances.com\/shop\/uncategorized\/6-3-cu-ft-smart-freestanding-energy-star-certified-electric-range-with-air-fry-and-griddle-in-stainless-steel\/\",\"name\":\"6.3 cu. ft. Smart Freestanding ENERGY STAR\u00ae Certified Electric Range with Air Fry and Griddle in Stainless Steel - Supreme Appliances\",\"isPartOf\":{\"@id\":\"https:\/\/supreme-appliances.com\/#website\"},\"primaryImageOfPage\":{\"@id\":\"https:\/\/supreme-appliances.com\/shop\/uncategorized\/6-3-cu-ft-smart-freestanding-energy-star-certified-electric-range-with-air-fry-and-griddle-in-stainless-steel\/#primaryimage\"},\"image\":{\"@id\":\"https:\/\/supreme-appliances.com\/shop\/uncategorized\/6-3-cu-ft-smart-freestanding-energy-star-certified-electric-range-with-air-fry-and-griddle-in-stainless-steel\/#primaryimage\"},\"thumbnailUrl\":\"https:\/\/supreme-appliances.com\/wp-content\/uploads\/2025\/12\/NE63D6711SR_01_Stainless_Steel_SCOM.webp\",\"datePublished\":\"2025-12-11T15:29:39+00:00\",\"dateModified\":\"2025-12-11T15:30:54+00:00\",\"breadcrumb\":{\"@id\":\"https:\/\/supreme-appliances.com\/shop\/uncategorized\/6-3-cu-ft-smart-freestanding-energy-star-certified-electric-range-with-air-fry-and-griddle-in-stainless-steel\/#breadcrumb\"},\"inLanguage\":\"es\",\"potentialAction\":[{\"@type\":\"ReadAction\",\"target\":[\"https:\/\/supreme-appliances.com\/shop\/uncategorized\/6-3-cu-ft-smart-freestanding-energy-star-certified-electric-range-with-air-fry-and-griddle-in-stainless-steel\/\"]}]},{\"@type\":\"ImageObject\",\"inLanguage\":\"es\",\"@id\":\"https:\/\/supreme-appliances.com\/shop\/uncategorized\/6-3-cu-ft-smart-freestanding-energy-star-certified-electric-range-with-air-fry-and-griddle-in-stainless-steel\/#primaryimage\",\"url\":\"https:\/\/supreme-appliances.com\/wp-content\/uploads\/2025\/12\/NE63D6711SR_01_Stainless_Steel_SCOM.webp\",\"contentUrl\":\"https:\/\/supreme-appliances.com\/wp-content\/uploads\/2025\/12\/NE63D6711SR_01_Stainless_Steel_SCOM.webp\",\"width\":800,\"height\":600},{\"@type\":\"BreadcrumbList\",\"@id\":\"https:\/\/supreme-appliances.com\/shop\/uncategorized\/6-3-cu-ft-smart-freestanding-energy-star-certified-electric-range-with-air-fry-and-griddle-in-stainless-steel\/#breadcrumb\",\"itemListElement\":[{\"@type\":\"ListItem\",\"position\":1,\"name\":\"Home\",\"item\":\"https:\/\/supreme-appliances.com\/\"},{\"@type\":\"ListItem\",\"position\":2,\"name\":\"Shop\",\"item\":\"https:\/\/supreme-appliances.com\/shop\/\"},{\"@type\":\"ListItem\",\"position\":3,\"name\":\"6.3 cu. ft. Smart Freestanding ENERGY STAR\u00ae Certified Electric Range with Air Fry and Griddle in Stainless Steel\"}]},{\"@type\":\"WebSite\",\"@id\":\"https:\/\/supreme-appliances.com\/#website\",\"url\":\"https:\/\/supreme-appliances.com\/\",\"name\":\"supreme-appliances.com\",\"description\":\"Supreme Appliances\",\"publisher\":{\"@id\":\"https:\/\/supreme-appliances.com\/#organization\"},\"potentialAction\":[{\"@type\":\"SearchAction\",\"target\":{\"@type\":\"EntryPoint\",\"urlTemplate\":\"https:\/\/supreme-appliances.com\/?s={search_term_string}\"},\"query-input\":{\"@type\":\"PropertyValueSpecification\",\"valueRequired\":true,\"valueName\":\"search_term_string\"}}],\"inLanguage\":\"es\"},{\"@type\":\"Organization\",\"@id\":\"https:\/\/supreme-appliances.com\/#organization\",\"name\":\"Supreme Appliances\",\"url\":\"https:\/\/supreme-appliances.com\/\",\"logo\":{\"@type\":\"ImageObject\",\"inLanguage\":\"es\",\"@id\":\"https:\/\/supreme-appliances.com\/#\/schema\/logo\/image\/\",\"url\":\"https:\/\/supreme-appliances.com\/wp-content\/uploads\/2022\/08\/product.png\",\"contentUrl\":\"https:\/\/supreme-appliances.com\/wp-content\/uploads\/2022\/08\/product.png\",\"width\":577,\"height\":433,\"caption\":\"Supreme Appliances\"},\"image\":{\"@id\":\"https:\/\/supreme-appliances.com\/#\/schema\/logo\/image\/\"},\"sameAs\":[\"https:\/\/www.facebook.com\/supremeappliancesllc\/\"]}]}<\/script>\n<!-- \/ Yoast SEO plugin. -->","yoast_head_json":{"title":"Cocina el\u00e9ctrica independiente inteligente con certificaci\u00f3n ENERGY STAR\u00ae de 6,3 pies c\u00fabicos con Air Fry y plancha en acero inoxidable - Supreme Appliances","robots":{"index":"index","follow":"follow","max-snippet":"max-snippet:-1","max-image-preview":"max-image-preview:large","max-video-preview":"max-video-preview:-1"},"canonical":"https:\/\/supreme-appliances.com\/es\/shop\/uncategorized\/6-3-cu-ft-smart-freestanding-energy-star-certified-electric-range-with-air-fry-and-griddle-in-stainless-steel\/","og_locale":"es_ES","og_type":"article","og_title":"6.3 cu. ft. Smart Freestanding ENERGY STAR\u00ae Certified Electric Range with Air Fry and Griddle in Stainless Steel - Supreme Appliances","og_description":"Elevate the look of your kitchen with Samsung's ENERGY STAR\u00ae\u00a0Certified, Smart Freestanding Electric Range. Our Stainless Steel design elegantly wraps around the cooktop sides and up through the slim control panel. Air Fry built into the oven lets you cook healthier1 fried food, and you can grill family favorites on the removable non-stick griddle.","og_url":"https:\/\/supreme-appliances.com\/es\/shop\/uncategorized\/6-3-cu-ft-smart-freestanding-energy-star-certified-electric-range-with-air-fry-and-griddle-in-stainless-steel\/","og_site_name":"Supreme Appliances","article_publisher":"https:\/\/www.facebook.com\/supremeappliancesllc\/","article_modified_time":"2025-12-11T15:30:54+00:00","og_image":[{"width":800,"height":600,"url":"https:\/\/supreme-appliances.com\/wp-content\/uploads\/2025\/12\/NE63D6711SR_01_Stainless_Steel_SCOM.webp","type":"image\/webp"}],"twitter_card":"summary_large_image","twitter_misc":{"Tiempo de lectura":"1 minuto"},"schema":{"@context":"https:\/\/schema.org","@graph":[{"@type":"WebPage","@id":"https:\/\/supreme-appliances.com\/shop\/uncategorized\/6-3-cu-ft-smart-freestanding-energy-star-certified-electric-range-with-air-fry-and-griddle-in-stainless-steel\/","url":"https:\/\/supreme-appliances.com\/shop\/uncategorized\/6-3-cu-ft-smart-freestanding-energy-star-certified-electric-range-with-air-fry-and-griddle-in-stainless-steel\/","name":"Cocina el\u00e9ctrica independiente inteligente con certificaci\u00f3n ENERGY STAR\u00ae de 6,3 pies c\u00fabicos con Air Fry y plancha en acero inoxidable - Supreme Appliances","isPartOf":{"@id":"https:\/\/supreme-appliances.com\/#website"},"primaryImageOfPage":{"@id":"https:\/\/supreme-appliances.com\/shop\/uncategorized\/6-3-cu-ft-smart-freestanding-energy-star-certified-electric-range-with-air-fry-and-griddle-in-stainless-steel\/#primaryimage"},"image":{"@id":"https:\/\/supreme-appliances.com\/shop\/uncategorized\/6-3-cu-ft-smart-freestanding-energy-star-certified-electric-range-with-air-fry-and-griddle-in-stainless-steel\/#primaryimage"},"thumbnailUrl":"https:\/\/supreme-appliances.com\/wp-content\/uploads\/2025\/12\/NE63D6711SR_01_Stainless_Steel_SCOM.webp","datePublished":"2025-12-11T15:29:39+00:00","dateModified":"2025-12-11T15:30:54+00:00","breadcrumb":{"@id":"https:\/\/supreme-appliances.com\/shop\/uncategorized\/6-3-cu-ft-smart-freestanding-energy-star-certified-electric-range-with-air-fry-and-griddle-in-stainless-steel\/#breadcrumb"},"inLanguage":"es","potentialAction":[{"@type":"ReadAction","target":["https:\/\/supreme-appliances.com\/shop\/uncategorized\/6-3-cu-ft-smart-freestanding-energy-star-certified-electric-range-with-air-fry-and-griddle-in-stainless-steel\/"]}]},{"@type":"ImageObject","inLanguage":"es","@id":"https:\/\/supreme-appliances.com\/shop\/uncategorized\/6-3-cu-ft-smart-freestanding-energy-star-certified-electric-range-with-air-fry-and-griddle-in-stainless-steel\/#primaryimage","url":"https:\/\/supreme-appliances.com\/wp-content\/uploads\/2025\/12\/NE63D6711SR_01_Stainless_Steel_SCOM.webp","contentUrl":"https:\/\/supreme-appliances.com\/wp-content\/uploads\/2025\/12\/NE63D6711SR_01_Stainless_Steel_SCOM.webp","width":800,"height":600},{"@type":"BreadcrumbList","@id":"https:\/\/supreme-appliances.com\/shop\/uncategorized\/6-3-cu-ft-smart-freestanding-energy-star-certified-electric-range-with-air-fry-and-griddle-in-stainless-steel\/#breadcrumb","itemListElement":[{"@type":"ListItem","position":1,"name":"Home","item":"https:\/\/supreme-appliances.com\/"},{"@type":"ListItem","position":2,"name":"Shop","item":"https:\/\/supreme-appliances.com\/shop\/"},{"@type":"ListItem","position":3,"name":"6.3 cu. ft. Smart Freestanding ENERGY STAR\u00ae Certified Electric Range with Air Fry and Griddle in Stainless Steel"}]},{"@type":"WebSite","@id":"https:\/\/supreme-appliances.com\/#website","url":"https:\/\/supreme-appliances.com\/","name":"supreme-appliances.es","description":"Electrodom\u00e9sticos Supreme","publisher":{"@id":"https:\/\/supreme-appliances.com\/#organization"},"potentialAction":[{"@type":"SearchAction","target":{"@type":"EntryPoint","urlTemplate":"https:\/\/supreme-appliances.com\/?s={search_term_string}"},"query-input":{"@type":"PropertyValueSpecification","valueRequired":true,"valueName":"search_term_string"}}],"inLanguage":"es"},{"@type":"Organization","@id":"https:\/\/supreme-appliances.com\/#organization","name":"Electrodom\u00e9sticos Supreme","url":"https:\/\/supreme-appliances.com\/","logo":{"@type":"ImageObject","inLanguage":"es","@id":"https:\/\/supreme-appliances.com\/#\/schema\/logo\/image\/","url":"https:\/\/supreme-appliances.com\/wp-content\/uploads\/2022\/08\/product.png","contentUrl":"https:\/\/supreme-appliances.com\/wp-content\/uploads\/2022\/08\/product.png","width":577,"height":433,"caption":"Supreme Appliances"},"image":{"@id":"https:\/\/supreme-appliances.com\/#\/schema\/logo\/image\/"},"sameAs":["https:\/\/www.facebook.com\/supremeappliancesllc\/"]}]}},"_links":{"self":[{"href":"https:\/\/supreme-appliances.com\/es\/wp-json\/wp\/v2\/product\/6006","targetHints":{"allow":["GET"]}}],"collection":[{"href":"https:\/\/supreme-appliances.com\/es\/wp-json\/wp\/v2\/product"}],"about":[{"href":"https:\/\/supreme-appliances.com\/es\/wp-json\/wp\/v2\/types\/product"}],"replies":[{"embeddable":true,"href":"https:\/\/supreme-appliances.com\/es\/wp-json\/wp\/v2\/comments?post=6006"}],"version-history":[{"count":1,"href":"https:\/\/supreme-appliances.com\/es\/wp-json\/wp\/v2\/product\/6006\/revisions"}],"predecessor-version":[{"id":6008,"href":"https:\/\/supreme-appliances.com\/es\/wp-json\/wp\/v2\/product\/6006\/revisions\/6008"}],"wp:featuredmedia":[{"embeddable":true,"href":"https:\/\/supreme-appliances.com\/es\/wp-json\/wp\/v2\/media\/6007"}],"wp:attachment":[{"href":"https:\/\/supreme-appliances.com\/es\/wp-json\/wp\/v2\/media?parent=6006"}],"wp:term":[{"taxonomy":"product_brand","embeddable":true,"href":"https:\/\/supreme-appliances.com\/es\/wp-json\/wp\/v2\/product_brand?post=6006"},{"taxonomy":"product_cat","embeddable":true,"href":"https:\/\/supreme-appliances.com\/es\/wp-json\/wp\/v2\/product_cat?post=6006"},{"taxonomy":"product_tag","embeddable":true,"href":"https:\/\/supreme-appliances.com\/es\/wp-json\/wp\/v2\/product_tag?post=6006"}],"curies":[{"name":"wp","href":"https:\/\/api.w.org\/{rel}","templated":true}]}}