{"id":6936,"date":"2026-03-23T14:33:48","date_gmt":"2026-03-23T19:33:48","guid":{"rendered":"https:\/\/supreme-appliances.com\/?post_type=product&#038;p=6936"},"modified":"2026-03-23T14:33:48","modified_gmt":"2026-03-23T19:33:48","slug":"dishwasher-whirlpool-model-wdt750sakz","status":"publish","type":"product","link":"https:\/\/supreme-appliances.com\/es\/shop\/dishwashers\/dishwasher-whirlpool-model-wdt750sakz\/","title":{"rendered":"Lavavajillas Whirlpool modelo WDT750SAKZ"},"content":{"rendered":"<p>Lavavajillas de acero inoxidable de 24\u201d con lavado inteligente AI - 47 dBA<\/p>","protected":false},"excerpt":{"rendered":"<p>Ad\u00e1ptate a la vajilla de cada d\u00eda con el lavavajillas de acero inoxidable de 24\u201d con lavado inteligente AI. El Ciclo Sensor est\u00e1 dise\u00f1ado para ajustar la acci\u00f3n de lavado en funci\u00f3n del nivel de suciedad, el tama\u00f1o de la carga y la temperatura del agua para garantizar que tus platos salgan limpios. La capacidad flexible le permite adaptarse a los platos que su familia amontona y el Ciclo de Lavado R\u00e1pido los deja limpios en aproximadamente una hora.<\/p>","protected":false},"featured_media":6937,"comment_status":"open","ping_status":"closed","template":"","meta":{"site-sidebar-layout":"default","site-content-layout":"","ast-site-content-layout":"default","site-content-style":"default","site-sidebar-style":"default","ast-global-header-display":"","ast-banner-title-visibility":"","ast-main-header-display":"","ast-hfb-above-header-display":"","ast-hfb-below-header-display":"","ast-hfb-mobile-header-display":"","site-post-title":"","ast-breadcrumbs-content":"","ast-featured-img":"","footer-sml-layout":"","ast-disable-related-posts":"","theme-transparent-header-meta":"default","adv-header-id-meta":"","stick-header-meta":"","header-above-stick-meta":"","header-main-stick-meta":"","header-below-stick-meta":"","astra-migrate-meta-layouts":"set","ast-page-background-enabled":"default","ast-page-background-meta":{"desktop":{"background-color":"var(--ast-global-color-4)","background-image":"","background-repeat":"repeat","background-position":"center center","background-size":"auto","background-attachment":"scroll","background-type":"","background-media":"","overlay-type":"","overlay-color":"","overlay-opacity":"","overlay-gradient":""},"tablet":{"background-color":"","background-image":"","background-repeat":"repeat","background-position":"center center","background-size":"auto","background-attachment":"scroll","background-type":"","background-media":"","overlay-type":"","overlay-color":"","overlay-opacity":"","overlay-gradient":""},"mobile":{"background-color":"","background-image":"","background-repeat":"repeat","background-position":"center center","background-size":"auto","background-attachment":"scroll","background-type":"","background-media":"","overlay-type":"","overlay-color":"","overlay-opacity":"","overlay-gradient":""}},"ast-content-background-meta":{"desktop":{"background-color":"var(--ast-global-color-5)","background-image":"","background-repeat":"repeat","background-position":"center center","background-size":"auto","background-attachment":"scroll","background-type":"","background-media":"","overlay-type":"","overlay-color":"","overlay-opacity":"","overlay-gradient":""},"tablet":{"background-color":"var(--ast-global-color-5)","background-image":"","background-repeat":"repeat","background-position":"center center","background-size":"auto","background-attachment":"scroll","background-type":"","background-media":"","overlay-type":"","overlay-color":"","overlay-opacity":"","overlay-gradient":""},"mobile":{"background-color":"var(--ast-global-color-5)","background-image":"","background-repeat":"repeat","background-position":"center center","background-size":"auto","background-attachment":"scroll","background-type":"","background-media":"","overlay-type":"","overlay-color":"","overlay-opacity":"","overlay-gradient":""}},"_joinchat":[]},"product_brand":[],"product_cat":[68],"product_tag":[],"class_list":{"0":"post-6936","1":"product","2":"type-product","3":"status-publish","4":"has-post-thumbnail","6":"product_cat-dishwashers","7":"desktop-align-left","8":"tablet-align-left","9":"mobile-align-left","11":"first","12":"instock","13":"shipping-taxable","14":"product-type-simple"},"yoast_head":"<!-- This site is optimized with the Yoast SEO plugin v27.2 - https:\/\/yoast.com\/product\/yoast-seo-wordpress\/ -->\n<title>Dishwasher Whirlpool model WDT750SAKZ - Supreme Appliances<\/title>\n<meta name=\"robots\" content=\"index, follow, max-snippet:-1, max-image-preview:large, max-video-preview:-1\" \/>\n<link rel=\"canonical\" href=\"https:\/\/supreme-appliances.com\/es\/shop\/dishwashers\/dishwasher-whirlpool-model-wdt750sakz\/\" \/>\n<meta property=\"og:locale\" content=\"es_ES\" \/>\n<meta property=\"og:type\" content=\"article\" \/>\n<meta property=\"og:title\" content=\"Dishwasher Whirlpool model WDT750SAKZ - Supreme Appliances\" \/>\n<meta property=\"og:description\" content=\"Adapts to each day&#039;s dishes with the 24\u201d Stainless Steel Dishwasher with AI Intelligent Wash. The Sensor Cycle is designed to adjust wash action based on soil level, load size, and water temperature to ensure your dishes come out clean. Flexible capacity allows you to fit the dishes your family piles up and the Quick Wash Cycle gets them clean in about an hour.\" \/>\n<meta property=\"og:url\" content=\"https:\/\/supreme-appliances.com\/es\/shop\/dishwashers\/dishwasher-whirlpool-model-wdt750sakz\/\" \/>\n<meta property=\"og:site_name\" content=\"Supreme Appliances\" \/>\n<meta property=\"article:publisher\" content=\"https:\/\/www.facebook.com\/supremeappliancesllc\/\" \/>\n<meta name=\"twitter:card\" content=\"summary_large_image\" \/>\n<meta name=\"twitter:label1\" content=\"Tiempo de lectura\" \/>\n\t<meta name=\"twitter:data1\" content=\"1 minuto\" \/>\n<script type=\"application\/ld+json\" class=\"yoast-schema-graph\">{\"@context\":\"https:\/\/schema.org\",\"@graph\":[{\"@type\":\"WebPage\",\"@id\":\"https:\/\/supreme-appliances.com\/shop\/dishwashers\/dishwasher-whirlpool-model-wdt750sakz\/\",\"url\":\"https:\/\/supreme-appliances.com\/shop\/dishwashers\/dishwasher-whirlpool-model-wdt750sakz\/\",\"name\":\"Dishwasher Whirlpool model WDT750SAKZ - Supreme Appliances\",\"isPartOf\":{\"@id\":\"https:\/\/supreme-appliances.com\/#website\"},\"primaryImageOfPage\":{\"@id\":\"https:\/\/supreme-appliances.com\/shop\/dishwashers\/dishwasher-whirlpool-model-wdt750sakz\/#primaryimage\"},\"image\":{\"@id\":\"https:\/\/supreme-appliances.com\/shop\/dishwashers\/dishwasher-whirlpool-model-wdt750sakz\/#primaryimage\"},\"thumbnailUrl\":\"https:\/\/supreme-appliances.com\/wp-content\/uploads\/2026\/03\/hero-WDT750SAKZ.avif\",\"datePublished\":\"2026-03-23T19:33:48+00:00\",\"breadcrumb\":{\"@id\":\"https:\/\/supreme-appliances.com\/shop\/dishwashers\/dishwasher-whirlpool-model-wdt750sakz\/#breadcrumb\"},\"inLanguage\":\"es\",\"potentialAction\":[{\"@type\":\"ReadAction\",\"target\":[\"https:\/\/supreme-appliances.com\/shop\/dishwashers\/dishwasher-whirlpool-model-wdt750sakz\/\"]}]},{\"@type\":\"ImageObject\",\"inLanguage\":\"es\",\"@id\":\"https:\/\/supreme-appliances.com\/shop\/dishwashers\/dishwasher-whirlpool-model-wdt750sakz\/#primaryimage\",\"url\":\"https:\/\/supreme-appliances.com\/wp-content\/uploads\/2026\/03\/hero-WDT750SAKZ.avif\",\"contentUrl\":\"https:\/\/supreme-appliances.com\/wp-content\/uploads\/2026\/03\/hero-WDT750SAKZ.avif\",\"width\":721,\"height\":952},{\"@type\":\"BreadcrumbList\",\"@id\":\"https:\/\/supreme-appliances.com\/shop\/dishwashers\/dishwasher-whirlpool-model-wdt750sakz\/#breadcrumb\",\"itemListElement\":[{\"@type\":\"ListItem\",\"position\":1,\"name\":\"Home\",\"item\":\"https:\/\/supreme-appliances.com\/\"},{\"@type\":\"ListItem\",\"position\":2,\"name\":\"Shop\",\"item\":\"https:\/\/supreme-appliances.com\/shop\/\"},{\"@type\":\"ListItem\",\"position\":3,\"name\":\"Dishwasher Whirlpool model WDT750SAKZ\"}]},{\"@type\":\"WebSite\",\"@id\":\"https:\/\/supreme-appliances.com\/#website\",\"url\":\"https:\/\/supreme-appliances.com\/\",\"name\":\"supreme-appliances.com\",\"description\":\"Supreme Appliances\",\"publisher\":{\"@id\":\"https:\/\/supreme-appliances.com\/#organization\"},\"potentialAction\":[{\"@type\":\"SearchAction\",\"target\":{\"@type\":\"EntryPoint\",\"urlTemplate\":\"https:\/\/supreme-appliances.com\/?s={search_term_string}\"},\"query-input\":{\"@type\":\"PropertyValueSpecification\",\"valueRequired\":true,\"valueName\":\"search_term_string\"}}],\"inLanguage\":\"es\"},{\"@type\":\"Organization\",\"@id\":\"https:\/\/supreme-appliances.com\/#organization\",\"name\":\"Supreme Appliances\",\"url\":\"https:\/\/supreme-appliances.com\/\",\"logo\":{\"@type\":\"ImageObject\",\"inLanguage\":\"es\",\"@id\":\"https:\/\/supreme-appliances.com\/#\/schema\/logo\/image\/\",\"url\":\"https:\/\/supreme-appliances.com\/wp-content\/uploads\/2022\/08\/product.png\",\"contentUrl\":\"https:\/\/supreme-appliances.com\/wp-content\/uploads\/2022\/08\/product.png\",\"width\":577,\"height\":433,\"caption\":\"Supreme Appliances\"},\"image\":{\"@id\":\"https:\/\/supreme-appliances.com\/#\/schema\/logo\/image\/\"},\"sameAs\":[\"https:\/\/www.facebook.com\/supremeappliancesllc\/\"]}]}<\/script>\n<!-- \/ Yoast SEO plugin. -->","yoast_head_json":{"title":"Dishwasher Whirlpool model WDT750SAKZ - Supreme Appliances","robots":{"index":"index","follow":"follow","max-snippet":"max-snippet:-1","max-image-preview":"max-image-preview:large","max-video-preview":"max-video-preview:-1"},"canonical":"https:\/\/supreme-appliances.com\/es\/shop\/dishwashers\/dishwasher-whirlpool-model-wdt750sakz\/","og_locale":"es_ES","og_type":"article","og_title":"Dishwasher Whirlpool model WDT750SAKZ - Supreme Appliances","og_description":"Adapts to each day's dishes with the 24\u201d Stainless Steel Dishwasher with AI Intelligent Wash. The Sensor Cycle is designed to adjust wash action based on soil level, load size, and water temperature to ensure your dishes come out clean. Flexible capacity allows you to fit the dishes your family piles up and the Quick Wash Cycle gets them clean in about an hour.","og_url":"https:\/\/supreme-appliances.com\/es\/shop\/dishwashers\/dishwasher-whirlpool-model-wdt750sakz\/","og_site_name":"Supreme Appliances","article_publisher":"https:\/\/www.facebook.com\/supremeappliancesllc\/","twitter_card":"summary_large_image","twitter_misc":{"Tiempo de lectura":"1 minuto"},"schema":{"@context":"https:\/\/schema.org","@graph":[{"@type":"WebPage","@id":"https:\/\/supreme-appliances.com\/shop\/dishwashers\/dishwasher-whirlpool-model-wdt750sakz\/","url":"https:\/\/supreme-appliances.com\/shop\/dishwashers\/dishwasher-whirlpool-model-wdt750sakz\/","name":"Dishwasher Whirlpool model WDT750SAKZ - Supreme Appliances","isPartOf":{"@id":"https:\/\/supreme-appliances.com\/#website"},"primaryImageOfPage":{"@id":"https:\/\/supreme-appliances.com\/shop\/dishwashers\/dishwasher-whirlpool-model-wdt750sakz\/#primaryimage"},"image":{"@id":"https:\/\/supreme-appliances.com\/shop\/dishwashers\/dishwasher-whirlpool-model-wdt750sakz\/#primaryimage"},"thumbnailUrl":"https:\/\/supreme-appliances.com\/wp-content\/uploads\/2026\/03\/hero-WDT750SAKZ.avif","datePublished":"2026-03-23T19:33:48+00:00","breadcrumb":{"@id":"https:\/\/supreme-appliances.com\/shop\/dishwashers\/dishwasher-whirlpool-model-wdt750sakz\/#breadcrumb"},"inLanguage":"es","potentialAction":[{"@type":"ReadAction","target":["https:\/\/supreme-appliances.com\/shop\/dishwashers\/dishwasher-whirlpool-model-wdt750sakz\/"]}]},{"@type":"ImageObject","inLanguage":"es","@id":"https:\/\/supreme-appliances.com\/shop\/dishwashers\/dishwasher-whirlpool-model-wdt750sakz\/#primaryimage","url":"https:\/\/supreme-appliances.com\/wp-content\/uploads\/2026\/03\/hero-WDT750SAKZ.avif","contentUrl":"https:\/\/supreme-appliances.com\/wp-content\/uploads\/2026\/03\/hero-WDT750SAKZ.avif","width":721,"height":952},{"@type":"BreadcrumbList","@id":"https:\/\/supreme-appliances.com\/shop\/dishwashers\/dishwasher-whirlpool-model-wdt750sakz\/#breadcrumb","itemListElement":[{"@type":"ListItem","position":1,"name":"Home","item":"https:\/\/supreme-appliances.com\/"},{"@type":"ListItem","position":2,"name":"Shop","item":"https:\/\/supreme-appliances.com\/shop\/"},{"@type":"ListItem","position":3,"name":"Dishwasher Whirlpool model WDT750SAKZ"}]},{"@type":"WebSite","@id":"https:\/\/supreme-appliances.com\/#website","url":"https:\/\/supreme-appliances.com\/","name":"supreme-appliances.es","description":"Electrodom\u00e9sticos Supreme","publisher":{"@id":"https:\/\/supreme-appliances.com\/#organization"},"potentialAction":[{"@type":"SearchAction","target":{"@type":"EntryPoint","urlTemplate":"https:\/\/supreme-appliances.com\/?s={search_term_string}"},"query-input":{"@type":"PropertyValueSpecification","valueRequired":true,"valueName":"search_term_string"}}],"inLanguage":"es"},{"@type":"Organization","@id":"https:\/\/supreme-appliances.com\/#organization","name":"Electrodom\u00e9sticos Supreme","url":"https:\/\/supreme-appliances.com\/","logo":{"@type":"ImageObject","inLanguage":"es","@id":"https:\/\/supreme-appliances.com\/#\/schema\/logo\/image\/","url":"https:\/\/supreme-appliances.com\/wp-content\/uploads\/2022\/08\/product.png","contentUrl":"https:\/\/supreme-appliances.com\/wp-content\/uploads\/2022\/08\/product.png","width":577,"height":433,"caption":"Supreme Appliances"},"image":{"@id":"https:\/\/supreme-appliances.com\/#\/schema\/logo\/image\/"},"sameAs":["https:\/\/www.facebook.com\/supremeappliancesllc\/"]}]}},"_links":{"self":[{"href":"https:\/\/supreme-appliances.com\/es\/wp-json\/wp\/v2\/product\/6936","targetHints":{"allow":["GET"]}}],"collection":[{"href":"https:\/\/supreme-appliances.com\/es\/wp-json\/wp\/v2\/product"}],"about":[{"href":"https:\/\/supreme-appliances.com\/es\/wp-json\/wp\/v2\/types\/product"}],"replies":[{"embeddable":true,"href":"https:\/\/supreme-appliances.com\/es\/wp-json\/wp\/v2\/comments?post=6936"}],"version-history":[{"count":1,"href":"https:\/\/supreme-appliances.com\/es\/wp-json\/wp\/v2\/product\/6936\/revisions"}],"predecessor-version":[{"id":6938,"href":"https:\/\/supreme-appliances.com\/es\/wp-json\/wp\/v2\/product\/6936\/revisions\/6938"}],"wp:featuredmedia":[{"embeddable":true,"href":"https:\/\/supreme-appliances.com\/es\/wp-json\/wp\/v2\/media\/6937"}],"wp:attachment":[{"href":"https:\/\/supreme-appliances.com\/es\/wp-json\/wp\/v2\/media?parent=6936"}],"wp:term":[{"taxonomy":"product_brand","embeddable":true,"href":"https:\/\/supreme-appliances.com\/es\/wp-json\/wp\/v2\/product_brand?post=6936"},{"taxonomy":"product_cat","embeddable":true,"href":"https:\/\/supreme-appliances.com\/es\/wp-json\/wp\/v2\/product_cat?post=6936"},{"taxonomy":"product_tag","embeddable":true,"href":"https:\/\/supreme-appliances.com\/es\/wp-json\/wp\/v2\/product_tag?post=6936"}],"curies":[{"name":"wp","href":"https:\/\/api.w.org\/{rel}","templated":true}]}}