{"id":6939,"date":"2026-03-23T14:35:31","date_gmt":"2026-03-23T19:35:31","guid":{"rendered":"https:\/\/supreme-appliances.com\/?post_type=product&#038;p=6939"},"modified":"2026-03-23T14:40:56","modified_gmt":"2026-03-23T19:40:56","slug":"dishwasher-kitchen-aid-model-kdfs424sbe","status":"publish","type":"product","link":"https:\/\/supreme-appliances.com\/es\/shop\/dishwashers\/dishwasher-kitchen-aid-model-kdfs424sbe\/","title":{"rendered":"Lavavajillas Kitchen aid modelo KDFS424SBE"},"content":{"rendered":"<h1 class=\"product-name\"><span class=\"product-title\">Lavavajillas KitchenAid\u00ae 360\u00b0 Max Jets\u2122 tercera rejilla con sistema ProDry, 44 dBA.<\/span><\/h1>","protected":false},"excerpt":{"rendered":"<p>Saluda a la \u00fanica forma de fregar. M\u00e1s de 50 chorros de lavado total en 4 brazos de lavado ofrecen una limpieza espec\u00edfica en toda la cuba de 7,25 pies c\u00fab. MaxTub la cuba m\u00e1s grande de lavavajillas*. La tercera rejilla 360\u00b0 Max Jets\u2122 utiliza chorros de lavado de 360\u00b0 para limpiar vasos, tazas y tazones. Sistema ProDry\u2122 seca desde todos los \u00e1ngulos con elementos calefactores, tecnolog\u00eda repelente al agua y ventilaci\u00f3n natural. True Self-Cleaning Filtration elimina la limpieza manual del filtro mediante la circulaci\u00f3n continua de agua limpia durante los ciclos de lavado y aclarado.<\/p>\n<p>*Basado en el volumen \u00fatil.<\/p>","protected":false},"featured_media":6940,"comment_status":"open","ping_status":"closed","template":"","meta":{"site-sidebar-layout":"default","site-content-layout":"","ast-site-content-layout":"default","site-content-style":"default","site-sidebar-style":"default","ast-global-header-display":"","ast-banner-title-visibility":"","ast-main-header-display":"","ast-hfb-above-header-display":"","ast-hfb-below-header-display":"","ast-hfb-mobile-header-display":"","site-post-title":"","ast-breadcrumbs-content":"","ast-featured-img":"","footer-sml-layout":"","ast-disable-related-posts":"","theme-transparent-header-meta":"default","adv-header-id-meta":"","stick-header-meta":"","header-above-stick-meta":"","header-main-stick-meta":"","header-below-stick-meta":"","astra-migrate-meta-layouts":"set","ast-page-background-enabled":"default","ast-page-background-meta":{"desktop":{"background-color":"var(--ast-global-color-4)","background-image":"","background-repeat":"repeat","background-position":"center center","background-size":"auto","background-attachment":"scroll","background-type":"","background-media":"","overlay-type":"","overlay-color":"","overlay-opacity":"","overlay-gradient":""},"tablet":{"background-color":"","background-image":"","background-repeat":"repeat","background-position":"center center","background-size":"auto","background-attachment":"scroll","background-type":"","background-media":"","overlay-type":"","overlay-color":"","overlay-opacity":"","overlay-gradient":""},"mobile":{"background-color":"","background-image":"","background-repeat":"repeat","background-position":"center center","background-size":"auto","background-attachment":"scroll","background-type":"","background-media":"","overlay-type":"","overlay-color":"","overlay-opacity":"","overlay-gradient":""}},"ast-content-background-meta":{"desktop":{"background-color":"var(--ast-global-color-5)","background-image":"","background-repeat":"repeat","background-position":"center center","background-size":"auto","background-attachment":"scroll","background-type":"","background-media":"","overlay-type":"","overlay-color":"","overlay-opacity":"","overlay-gradient":""},"tablet":{"background-color":"var(--ast-global-color-5)","background-image":"","background-repeat":"repeat","background-position":"center center","background-size":"auto","background-attachment":"scroll","background-type":"","background-media":"","overlay-type":"","overlay-color":"","overlay-opacity":"","overlay-gradient":""},"mobile":{"background-color":"var(--ast-global-color-5)","background-image":"","background-repeat":"repeat","background-position":"center center","background-size":"auto","background-attachment":"scroll","background-type":"","background-media":"","overlay-type":"","overlay-color":"","overlay-opacity":"","overlay-gradient":""}},"_joinchat":[]},"product_brand":[],"product_cat":[68],"product_tag":[],"class_list":{"0":"post-6939","1":"product","2":"type-product","3":"status-publish","4":"has-post-thumbnail","6":"product_cat-dishwashers","7":"desktop-align-left","8":"tablet-align-left","9":"mobile-align-left","11":"first","12":"instock","13":"shipping-taxable","14":"product-type-simple"},"yoast_head":"<!-- This site is optimized with the Yoast SEO plugin v27.2 - https:\/\/yoast.com\/product\/yoast-seo-wordpress\/ -->\n<title>Dishwasher Kitchen aid model KDFS424SBE - Supreme Appliances<\/title>\n<meta name=\"robots\" content=\"index, follow, max-snippet:-1, max-image-preview:large, max-video-preview:-1\" \/>\n<link rel=\"canonical\" href=\"https:\/\/supreme-appliances.com\/es\/shop\/dishwashers\/dishwasher-kitchen-aid-model-kdfs424sbe\/\" \/>\n<meta property=\"og:locale\" content=\"es_ES\" \/>\n<meta property=\"og:type\" content=\"article\" \/>\n<meta property=\"og:title\" content=\"Dishwasher Kitchen aid model KDFS424SBE - Supreme Appliances\" \/>\n<meta property=\"og:description\" content=\"Say hello to the only way to dish. 50+ Total Wash Jets across 4 wash arms offer targeted cleaning across the entire 7.25 cu.ft. MaxTub Largest Dishwasher Tub*. 360\u00b0 Max Jets&#x2122; Third Rack uses 360\u00b0 wash jets to clean glasses, mugs and bowls. ProDry&#x2122; System dries from every angle with heating elements, water repellent tech and natural ventilation. True Self-Cleaning Filtration eliminates manual filter cleaning by continuously circulating clean water during wash and rinse cycles.  *Based on usable volume.\" \/>\n<meta property=\"og:url\" content=\"https:\/\/supreme-appliances.com\/es\/shop\/dishwashers\/dishwasher-kitchen-aid-model-kdfs424sbe\/\" \/>\n<meta property=\"og:site_name\" content=\"Supreme Appliances\" \/>\n<meta property=\"article:publisher\" content=\"https:\/\/www.facebook.com\/supremeappliancesllc\/\" \/>\n<meta property=\"article:modified_time\" content=\"2026-03-23T19:40:56+00:00\" \/>\n<meta name=\"twitter:card\" content=\"summary_large_image\" \/>\n<meta name=\"twitter:label1\" content=\"Tiempo de lectura\" \/>\n\t<meta name=\"twitter:data1\" content=\"1 minuto\" \/>\n<script type=\"application\/ld+json\" class=\"yoast-schema-graph\">{\"@context\":\"https:\/\/schema.org\",\"@graph\":[{\"@type\":\"WebPage\",\"@id\":\"https:\/\/supreme-appliances.com\/shop\/dishwashers\/dishwasher-kitchen-aid-model-kdfs424sbe\/\",\"url\":\"https:\/\/supreme-appliances.com\/shop\/dishwashers\/dishwasher-kitchen-aid-model-kdfs424sbe\/\",\"name\":\"Dishwasher Kitchen aid model KDFS424SBE - Supreme Appliances\",\"isPartOf\":{\"@id\":\"https:\/\/supreme-appliances.com\/#website\"},\"primaryImageOfPage\":{\"@id\":\"https:\/\/supreme-appliances.com\/shop\/dishwashers\/dishwasher-kitchen-aid-model-kdfs424sbe\/#primaryimage\"},\"image\":{\"@id\":\"https:\/\/supreme-appliances.com\/shop\/dishwashers\/dishwasher-kitchen-aid-model-kdfs424sbe\/#primaryimage\"},\"thumbnailUrl\":\"https:\/\/supreme-appliances.com\/wp-content\/uploads\/2026\/03\/hero-KDFS424SBE.avif\",\"datePublished\":\"2026-03-23T19:35:31+00:00\",\"dateModified\":\"2026-03-23T19:40:56+00:00\",\"breadcrumb\":{\"@id\":\"https:\/\/supreme-appliances.com\/shop\/dishwashers\/dishwasher-kitchen-aid-model-kdfs424sbe\/#breadcrumb\"},\"inLanguage\":\"es\",\"potentialAction\":[{\"@type\":\"ReadAction\",\"target\":[\"https:\/\/supreme-appliances.com\/shop\/dishwashers\/dishwasher-kitchen-aid-model-kdfs424sbe\/\"]}]},{\"@type\":\"ImageObject\",\"inLanguage\":\"es\",\"@id\":\"https:\/\/supreme-appliances.com\/shop\/dishwashers\/dishwasher-kitchen-aid-model-kdfs424sbe\/#primaryimage\",\"url\":\"https:\/\/supreme-appliances.com\/wp-content\/uploads\/2026\/03\/hero-KDFS424SBE.avif\",\"contentUrl\":\"https:\/\/supreme-appliances.com\/wp-content\/uploads\/2026\/03\/hero-KDFS424SBE.avif\",\"width\":721,\"height\":981},{\"@type\":\"BreadcrumbList\",\"@id\":\"https:\/\/supreme-appliances.com\/shop\/dishwashers\/dishwasher-kitchen-aid-model-kdfs424sbe\/#breadcrumb\",\"itemListElement\":[{\"@type\":\"ListItem\",\"position\":1,\"name\":\"Home\",\"item\":\"https:\/\/supreme-appliances.com\/\"},{\"@type\":\"ListItem\",\"position\":2,\"name\":\"Shop\",\"item\":\"https:\/\/supreme-appliances.com\/shop\/\"},{\"@type\":\"ListItem\",\"position\":3,\"name\":\"Dishwasher Kitchen aid model KDFS424SBE\"}]},{\"@type\":\"WebSite\",\"@id\":\"https:\/\/supreme-appliances.com\/#website\",\"url\":\"https:\/\/supreme-appliances.com\/\",\"name\":\"supreme-appliances.com\",\"description\":\"Supreme Appliances\",\"publisher\":{\"@id\":\"https:\/\/supreme-appliances.com\/#organization\"},\"potentialAction\":[{\"@type\":\"SearchAction\",\"target\":{\"@type\":\"EntryPoint\",\"urlTemplate\":\"https:\/\/supreme-appliances.com\/?s={search_term_string}\"},\"query-input\":{\"@type\":\"PropertyValueSpecification\",\"valueRequired\":true,\"valueName\":\"search_term_string\"}}],\"inLanguage\":\"es\"},{\"@type\":\"Organization\",\"@id\":\"https:\/\/supreme-appliances.com\/#organization\",\"name\":\"Supreme Appliances\",\"url\":\"https:\/\/supreme-appliances.com\/\",\"logo\":{\"@type\":\"ImageObject\",\"inLanguage\":\"es\",\"@id\":\"https:\/\/supreme-appliances.com\/#\/schema\/logo\/image\/\",\"url\":\"https:\/\/supreme-appliances.com\/wp-content\/uploads\/2022\/08\/product.png\",\"contentUrl\":\"https:\/\/supreme-appliances.com\/wp-content\/uploads\/2022\/08\/product.png\",\"width\":577,\"height\":433,\"caption\":\"Supreme Appliances\"},\"image\":{\"@id\":\"https:\/\/supreme-appliances.com\/#\/schema\/logo\/image\/\"},\"sameAs\":[\"https:\/\/www.facebook.com\/supremeappliancesllc\/\"]}]}<\/script>\n<!-- \/ Yoast SEO plugin. -->","yoast_head_json":{"title":"Dishwasher Kitchen aid model KDFS424SBE - Supreme Appliances","robots":{"index":"index","follow":"follow","max-snippet":"max-snippet:-1","max-image-preview":"max-image-preview:large","max-video-preview":"max-video-preview:-1"},"canonical":"https:\/\/supreme-appliances.com\/es\/shop\/dishwashers\/dishwasher-kitchen-aid-model-kdfs424sbe\/","og_locale":"es_ES","og_type":"article","og_title":"Dishwasher Kitchen aid model KDFS424SBE - Supreme Appliances","og_description":"Say hello to the only way to dish. 50+ Total Wash Jets across 4 wash arms offer targeted cleaning across the entire 7.25 cu.ft. MaxTub Largest Dishwasher Tub*. 360\u00b0 Max Jets&#x2122; Third Rack uses 360\u00b0 wash jets to clean glasses, mugs and bowls. ProDry&#x2122; System dries from every angle with heating elements, water repellent tech and natural ventilation. True Self-Cleaning Filtration eliminates manual filter cleaning by continuously circulating clean water during wash and rinse cycles.  *Based on usable volume.","og_url":"https:\/\/supreme-appliances.com\/es\/shop\/dishwashers\/dishwasher-kitchen-aid-model-kdfs424sbe\/","og_site_name":"Supreme Appliances","article_publisher":"https:\/\/www.facebook.com\/supremeappliancesllc\/","article_modified_time":"2026-03-23T19:40:56+00:00","twitter_card":"summary_large_image","twitter_misc":{"Tiempo de lectura":"1 minuto"},"schema":{"@context":"https:\/\/schema.org","@graph":[{"@type":"WebPage","@id":"https:\/\/supreme-appliances.com\/shop\/dishwashers\/dishwasher-kitchen-aid-model-kdfs424sbe\/","url":"https:\/\/supreme-appliances.com\/shop\/dishwashers\/dishwasher-kitchen-aid-model-kdfs424sbe\/","name":"Dishwasher Kitchen aid model KDFS424SBE - Supreme Appliances","isPartOf":{"@id":"https:\/\/supreme-appliances.com\/#website"},"primaryImageOfPage":{"@id":"https:\/\/supreme-appliances.com\/shop\/dishwashers\/dishwasher-kitchen-aid-model-kdfs424sbe\/#primaryimage"},"image":{"@id":"https:\/\/supreme-appliances.com\/shop\/dishwashers\/dishwasher-kitchen-aid-model-kdfs424sbe\/#primaryimage"},"thumbnailUrl":"https:\/\/supreme-appliances.com\/wp-content\/uploads\/2026\/03\/hero-KDFS424SBE.avif","datePublished":"2026-03-23T19:35:31+00:00","dateModified":"2026-03-23T19:40:56+00:00","breadcrumb":{"@id":"https:\/\/supreme-appliances.com\/shop\/dishwashers\/dishwasher-kitchen-aid-model-kdfs424sbe\/#breadcrumb"},"inLanguage":"es","potentialAction":[{"@type":"ReadAction","target":["https:\/\/supreme-appliances.com\/shop\/dishwashers\/dishwasher-kitchen-aid-model-kdfs424sbe\/"]}]},{"@type":"ImageObject","inLanguage":"es","@id":"https:\/\/supreme-appliances.com\/shop\/dishwashers\/dishwasher-kitchen-aid-model-kdfs424sbe\/#primaryimage","url":"https:\/\/supreme-appliances.com\/wp-content\/uploads\/2026\/03\/hero-KDFS424SBE.avif","contentUrl":"https:\/\/supreme-appliances.com\/wp-content\/uploads\/2026\/03\/hero-KDFS424SBE.avif","width":721,"height":981},{"@type":"BreadcrumbList","@id":"https:\/\/supreme-appliances.com\/shop\/dishwashers\/dishwasher-kitchen-aid-model-kdfs424sbe\/#breadcrumb","itemListElement":[{"@type":"ListItem","position":1,"name":"Home","item":"https:\/\/supreme-appliances.com\/"},{"@type":"ListItem","position":2,"name":"Shop","item":"https:\/\/supreme-appliances.com\/shop\/"},{"@type":"ListItem","position":3,"name":"Dishwasher Kitchen aid model KDFS424SBE"}]},{"@type":"WebSite","@id":"https:\/\/supreme-appliances.com\/#website","url":"https:\/\/supreme-appliances.com\/","name":"supreme-appliances.es","description":"Electrodom\u00e9sticos Supreme","publisher":{"@id":"https:\/\/supreme-appliances.com\/#organization"},"potentialAction":[{"@type":"SearchAction","target":{"@type":"EntryPoint","urlTemplate":"https:\/\/supreme-appliances.com\/?s={search_term_string}"},"query-input":{"@type":"PropertyValueSpecification","valueRequired":true,"valueName":"search_term_string"}}],"inLanguage":"es"},{"@type":"Organization","@id":"https:\/\/supreme-appliances.com\/#organization","name":"Electrodom\u00e9sticos Supreme","url":"https:\/\/supreme-appliances.com\/","logo":{"@type":"ImageObject","inLanguage":"es","@id":"https:\/\/supreme-appliances.com\/#\/schema\/logo\/image\/","url":"https:\/\/supreme-appliances.com\/wp-content\/uploads\/2022\/08\/product.png","contentUrl":"https:\/\/supreme-appliances.com\/wp-content\/uploads\/2022\/08\/product.png","width":577,"height":433,"caption":"Supreme Appliances"},"image":{"@id":"https:\/\/supreme-appliances.com\/#\/schema\/logo\/image\/"},"sameAs":["https:\/\/www.facebook.com\/supremeappliancesllc\/"]}]}},"_links":{"self":[{"href":"https:\/\/supreme-appliances.com\/es\/wp-json\/wp\/v2\/product\/6939","targetHints":{"allow":["GET"]}}],"collection":[{"href":"https:\/\/supreme-appliances.com\/es\/wp-json\/wp\/v2\/product"}],"about":[{"href":"https:\/\/supreme-appliances.com\/es\/wp-json\/wp\/v2\/types\/product"}],"replies":[{"embeddable":true,"href":"https:\/\/supreme-appliances.com\/es\/wp-json\/wp\/v2\/comments?post=6939"}],"version-history":[{"count":1,"href":"https:\/\/supreme-appliances.com\/es\/wp-json\/wp\/v2\/product\/6939\/revisions"}],"predecessor-version":[{"id":6941,"href":"https:\/\/supreme-appliances.com\/es\/wp-json\/wp\/v2\/product\/6939\/revisions\/6941"}],"wp:featuredmedia":[{"embeddable":true,"href":"https:\/\/supreme-appliances.com\/es\/wp-json\/wp\/v2\/media\/6940"}],"wp:attachment":[{"href":"https:\/\/supreme-appliances.com\/es\/wp-json\/wp\/v2\/media?parent=6939"}],"wp:term":[{"taxonomy":"product_brand","embeddable":true,"href":"https:\/\/supreme-appliances.com\/es\/wp-json\/wp\/v2\/product_brand?post=6939"},{"taxonomy":"product_cat","embeddable":true,"href":"https:\/\/supreme-appliances.com\/es\/wp-json\/wp\/v2\/product_cat?post=6939"},{"taxonomy":"product_tag","embeddable":true,"href":"https:\/\/supreme-appliances.com\/es\/wp-json\/wp\/v2\/product_tag?post=6939"}],"curies":[{"name":"wp","href":"https:\/\/api.w.org\/{rel}","templated":true}]}}