{"id":6945,"date":"2026-03-23T14:38:08","date_gmt":"2026-03-23T19:38:08","guid":{"rendered":"https:\/\/supreme-appliances.com\/?post_type=product&#038;p=6945"},"modified":"2026-03-23T14:38:08","modified_gmt":"2026-03-23T19:38:08","slug":"dishwasher-kitchen-aid-kdte204kbs","status":"publish","type":"product","link":"https:\/\/supreme-appliances.com\/es\/shop\/dishwashers\/dishwasher-kitchen-aid-kdte204kbs\/","title":{"rendered":"Lavavajillas Kitchen Aid KDTE204KBS"},"content":{"rendered":"<p><span class=\"product-overview-component-v2__product-name\">KitchenAid\u00ae Lavavajillas con cestas para utensilios de tercer nivel con m\u00e1s de 30 chorros de lavado totales, 39 dBA<\/span><\/p>\n<div class=\"product-overview-component-v2__text\"><\/div>","protected":false},"excerpt":{"rendered":"<div class=\"g-col g-col-lg-12\">\n<div class=\"product-overview-component-v2__text-wrapper\">\n<div class=\"product-overview-component-v2__text\">\n<p class=\"product-overview-component-v2__inner-text\">Experimente la limpieza m\u00e1s silenciosa de la marca KitchenAid con este lavavajillas de control superior de 39 dBA. La rejilla para utensilios del tercer nivel tiene capacidad para cubiertos, utensilios para servir y esp\u00e1tulas, y la rejilla central ajustable permite colocar objetos altos. M\u00e1s de 30 chorros de lavado en total proporcionan una limpieza espec\u00edfica en cada nivel, y el sistema de triple filtraci\u00f3n limpia continuamente el agua de lavado y aclarado, para que los platos salgan relucientes incluso con utensilios de cocina sucios en la carga.<\/p>\n<\/div>\n<\/div>\n<\/div>\n<div class=\"g-col g-col-lg-12 product-overview-component-v2__right-side hide-on-mobile\"><\/div>","protected":false},"featured_media":6946,"comment_status":"open","ping_status":"closed","template":"","meta":{"site-sidebar-layout":"default","site-content-layout":"","ast-site-content-layout":"default","site-content-style":"default","site-sidebar-style":"default","ast-global-header-display":"","ast-banner-title-visibility":"","ast-main-header-display":"","ast-hfb-above-header-display":"","ast-hfb-below-header-display":"","ast-hfb-mobile-header-display":"","site-post-title":"","ast-breadcrumbs-content":"","ast-featured-img":"","footer-sml-layout":"","ast-disable-related-posts":"","theme-transparent-header-meta":"default","adv-header-id-meta":"","stick-header-meta":"","header-above-stick-meta":"","header-main-stick-meta":"","header-below-stick-meta":"","astra-migrate-meta-layouts":"set","ast-page-background-enabled":"default","ast-page-background-meta":{"desktop":{"background-color":"var(--ast-global-color-4)","background-image":"","background-repeat":"repeat","background-position":"center center","background-size":"auto","background-attachment":"scroll","background-type":"","background-media":"","overlay-type":"","overlay-color":"","overlay-opacity":"","overlay-gradient":""},"tablet":{"background-color":"","background-image":"","background-repeat":"repeat","background-position":"center center","background-size":"auto","background-attachment":"scroll","background-type":"","background-media":"","overlay-type":"","overlay-color":"","overlay-opacity":"","overlay-gradient":""},"mobile":{"background-color":"","background-image":"","background-repeat":"repeat","background-position":"center center","background-size":"auto","background-attachment":"scroll","background-type":"","background-media":"","overlay-type":"","overlay-color":"","overlay-opacity":"","overlay-gradient":""}},"ast-content-background-meta":{"desktop":{"background-color":"var(--ast-global-color-5)","background-image":"","background-repeat":"repeat","background-position":"center center","background-size":"auto","background-attachment":"scroll","background-type":"","background-media":"","overlay-type":"","overlay-color":"","overlay-opacity":"","overlay-gradient":""},"tablet":{"background-color":"var(--ast-global-color-5)","background-image":"","background-repeat":"repeat","background-position":"center center","background-size":"auto","background-attachment":"scroll","background-type":"","background-media":"","overlay-type":"","overlay-color":"","overlay-opacity":"","overlay-gradient":""},"mobile":{"background-color":"var(--ast-global-color-5)","background-image":"","background-repeat":"repeat","background-position":"center center","background-size":"auto","background-attachment":"scroll","background-type":"","background-media":"","overlay-type":"","overlay-color":"","overlay-opacity":"","overlay-gradient":""}},"_joinchat":[]},"product_brand":[],"product_cat":[68],"product_tag":[],"class_list":{"0":"post-6945","1":"product","2":"type-product","3":"status-publish","4":"has-post-thumbnail","6":"product_cat-dishwashers","7":"desktop-align-left","8":"tablet-align-left","9":"mobile-align-left","11":"first","12":"instock","13":"shipping-taxable","14":"product-type-simple"},"yoast_head":"<!-- This site is optimized with the Yoast SEO plugin v27.2 - https:\/\/yoast.com\/product\/yoast-seo-wordpress\/ -->\n<title>Dishwasher Kitchen Aid KDTE204KBS - Supreme Appliances<\/title>\n<meta name=\"robots\" content=\"index, follow, max-snippet:-1, max-image-preview:large, max-video-preview:-1\" \/>\n<link rel=\"canonical\" href=\"https:\/\/supreme-appliances.com\/es\/shop\/dishwashers\/dishwasher-kitchen-aid-kdte204kbs\/\" \/>\n<meta property=\"og:locale\" content=\"es_ES\" \/>\n<meta property=\"og:type\" content=\"article\" \/>\n<meta property=\"og:title\" content=\"Dishwasher Kitchen Aid KDTE204KBS - Supreme Appliances\" \/>\n<meta property=\"og:description\" content=\"Experience the quietest cleaning from KitchenAid brand with this 39 dBA top control dishwasher. The third level utensil rack holds silverware, serving utensils and spatulas, and the adjustable middle rack makes room to fit tall items. Over 30 total wash jets provide targeted cleaning on every level, and the triple filtration system continuously cleans wash and rinse water, so dishes come out sparkling even with dirty cookware in the load.\" \/>\n<meta property=\"og:url\" content=\"https:\/\/supreme-appliances.com\/es\/shop\/dishwashers\/dishwasher-kitchen-aid-kdte204kbs\/\" \/>\n<meta property=\"og:site_name\" content=\"Supreme Appliances\" \/>\n<meta property=\"article:publisher\" content=\"https:\/\/www.facebook.com\/supremeappliancesllc\/\" \/>\n<meta name=\"twitter:card\" content=\"summary_large_image\" \/>\n<meta name=\"twitter:label1\" content=\"Tiempo de lectura\" \/>\n\t<meta name=\"twitter:data1\" content=\"1 minuto\" \/>\n<script type=\"application\/ld+json\" class=\"yoast-schema-graph\">{\"@context\":\"https:\/\/schema.org\",\"@graph\":[{\"@type\":\"WebPage\",\"@id\":\"https:\/\/supreme-appliances.com\/shop\/dishwashers\/dishwasher-kitchen-aid-kdte204kbs\/\",\"url\":\"https:\/\/supreme-appliances.com\/shop\/dishwashers\/dishwasher-kitchen-aid-kdte204kbs\/\",\"name\":\"Dishwasher Kitchen Aid KDTE204KBS - Supreme Appliances\",\"isPartOf\":{\"@id\":\"https:\/\/supreme-appliances.com\/#website\"},\"primaryImageOfPage\":{\"@id\":\"https:\/\/supreme-appliances.com\/shop\/dishwashers\/dishwasher-kitchen-aid-kdte204kbs\/#primaryimage\"},\"image\":{\"@id\":\"https:\/\/supreme-appliances.com\/shop\/dishwashers\/dishwasher-kitchen-aid-kdte204kbs\/#primaryimage\"},\"thumbnailUrl\":\"https:\/\/supreme-appliances.com\/wp-content\/uploads\/2026\/03\/hero-KDTE204KBS.avif\",\"datePublished\":\"2026-03-23T19:38:08+00:00\",\"breadcrumb\":{\"@id\":\"https:\/\/supreme-appliances.com\/shop\/dishwashers\/dishwasher-kitchen-aid-kdte204kbs\/#breadcrumb\"},\"inLanguage\":\"es\",\"potentialAction\":[{\"@type\":\"ReadAction\",\"target\":[\"https:\/\/supreme-appliances.com\/shop\/dishwashers\/dishwasher-kitchen-aid-kdte204kbs\/\"]}]},{\"@type\":\"ImageObject\",\"inLanguage\":\"es\",\"@id\":\"https:\/\/supreme-appliances.com\/shop\/dishwashers\/dishwasher-kitchen-aid-kdte204kbs\/#primaryimage\",\"url\":\"https:\/\/supreme-appliances.com\/wp-content\/uploads\/2026\/03\/hero-KDTE204KBS.avif\",\"contentUrl\":\"https:\/\/supreme-appliances.com\/wp-content\/uploads\/2026\/03\/hero-KDTE204KBS.avif\",\"width\":721,\"height\":959},{\"@type\":\"BreadcrumbList\",\"@id\":\"https:\/\/supreme-appliances.com\/shop\/dishwashers\/dishwasher-kitchen-aid-kdte204kbs\/#breadcrumb\",\"itemListElement\":[{\"@type\":\"ListItem\",\"position\":1,\"name\":\"Home\",\"item\":\"https:\/\/supreme-appliances.com\/\"},{\"@type\":\"ListItem\",\"position\":2,\"name\":\"Shop\",\"item\":\"https:\/\/supreme-appliances.com\/shop\/\"},{\"@type\":\"ListItem\",\"position\":3,\"name\":\"Dishwasher Kitchen Aid KDTE204KBS\"}]},{\"@type\":\"WebSite\",\"@id\":\"https:\/\/supreme-appliances.com\/#website\",\"url\":\"https:\/\/supreme-appliances.com\/\",\"name\":\"supreme-appliances.com\",\"description\":\"Supreme Appliances\",\"publisher\":{\"@id\":\"https:\/\/supreme-appliances.com\/#organization\"},\"potentialAction\":[{\"@type\":\"SearchAction\",\"target\":{\"@type\":\"EntryPoint\",\"urlTemplate\":\"https:\/\/supreme-appliances.com\/?s={search_term_string}\"},\"query-input\":{\"@type\":\"PropertyValueSpecification\",\"valueRequired\":true,\"valueName\":\"search_term_string\"}}],\"inLanguage\":\"es\"},{\"@type\":\"Organization\",\"@id\":\"https:\/\/supreme-appliances.com\/#organization\",\"name\":\"Supreme Appliances\",\"url\":\"https:\/\/supreme-appliances.com\/\",\"logo\":{\"@type\":\"ImageObject\",\"inLanguage\":\"es\",\"@id\":\"https:\/\/supreme-appliances.com\/#\/schema\/logo\/image\/\",\"url\":\"https:\/\/supreme-appliances.com\/wp-content\/uploads\/2022\/08\/product.png\",\"contentUrl\":\"https:\/\/supreme-appliances.com\/wp-content\/uploads\/2022\/08\/product.png\",\"width\":577,\"height\":433,\"caption\":\"Supreme Appliances\"},\"image\":{\"@id\":\"https:\/\/supreme-appliances.com\/#\/schema\/logo\/image\/\"},\"sameAs\":[\"https:\/\/www.facebook.com\/supremeappliancesllc\/\"]}]}<\/script>\n<!-- \/ Yoast SEO plugin. -->","yoast_head_json":{"title":"Dishwasher Kitchen Aid KDTE204KBS - Supreme Appliances","robots":{"index":"index","follow":"follow","max-snippet":"max-snippet:-1","max-image-preview":"max-image-preview:large","max-video-preview":"max-video-preview:-1"},"canonical":"https:\/\/supreme-appliances.com\/es\/shop\/dishwashers\/dishwasher-kitchen-aid-kdte204kbs\/","og_locale":"es_ES","og_type":"article","og_title":"Dishwasher Kitchen Aid KDTE204KBS - Supreme Appliances","og_description":"Experience the quietest cleaning from KitchenAid brand with this 39 dBA top control dishwasher. The third level utensil rack holds silverware, serving utensils and spatulas, and the adjustable middle rack makes room to fit tall items. Over 30 total wash jets provide targeted cleaning on every level, and the triple filtration system continuously cleans wash and rinse water, so dishes come out sparkling even with dirty cookware in the load.","og_url":"https:\/\/supreme-appliances.com\/es\/shop\/dishwashers\/dishwasher-kitchen-aid-kdte204kbs\/","og_site_name":"Supreme Appliances","article_publisher":"https:\/\/www.facebook.com\/supremeappliancesllc\/","twitter_card":"summary_large_image","twitter_misc":{"Tiempo de lectura":"1 minuto"},"schema":{"@context":"https:\/\/schema.org","@graph":[{"@type":"WebPage","@id":"https:\/\/supreme-appliances.com\/shop\/dishwashers\/dishwasher-kitchen-aid-kdte204kbs\/","url":"https:\/\/supreme-appliances.com\/shop\/dishwashers\/dishwasher-kitchen-aid-kdte204kbs\/","name":"Dishwasher Kitchen Aid KDTE204KBS - Supreme Appliances","isPartOf":{"@id":"https:\/\/supreme-appliances.com\/#website"},"primaryImageOfPage":{"@id":"https:\/\/supreme-appliances.com\/shop\/dishwashers\/dishwasher-kitchen-aid-kdte204kbs\/#primaryimage"},"image":{"@id":"https:\/\/supreme-appliances.com\/shop\/dishwashers\/dishwasher-kitchen-aid-kdte204kbs\/#primaryimage"},"thumbnailUrl":"https:\/\/supreme-appliances.com\/wp-content\/uploads\/2026\/03\/hero-KDTE204KBS.avif","datePublished":"2026-03-23T19:38:08+00:00","breadcrumb":{"@id":"https:\/\/supreme-appliances.com\/shop\/dishwashers\/dishwasher-kitchen-aid-kdte204kbs\/#breadcrumb"},"inLanguage":"es","potentialAction":[{"@type":"ReadAction","target":["https:\/\/supreme-appliances.com\/shop\/dishwashers\/dishwasher-kitchen-aid-kdte204kbs\/"]}]},{"@type":"ImageObject","inLanguage":"es","@id":"https:\/\/supreme-appliances.com\/shop\/dishwashers\/dishwasher-kitchen-aid-kdte204kbs\/#primaryimage","url":"https:\/\/supreme-appliances.com\/wp-content\/uploads\/2026\/03\/hero-KDTE204KBS.avif","contentUrl":"https:\/\/supreme-appliances.com\/wp-content\/uploads\/2026\/03\/hero-KDTE204KBS.avif","width":721,"height":959},{"@type":"BreadcrumbList","@id":"https:\/\/supreme-appliances.com\/shop\/dishwashers\/dishwasher-kitchen-aid-kdte204kbs\/#breadcrumb","itemListElement":[{"@type":"ListItem","position":1,"name":"Home","item":"https:\/\/supreme-appliances.com\/"},{"@type":"ListItem","position":2,"name":"Shop","item":"https:\/\/supreme-appliances.com\/shop\/"},{"@type":"ListItem","position":3,"name":"Dishwasher Kitchen Aid KDTE204KBS"}]},{"@type":"WebSite","@id":"https:\/\/supreme-appliances.com\/#website","url":"https:\/\/supreme-appliances.com\/","name":"supreme-appliances.es","description":"Electrodom\u00e9sticos Supreme","publisher":{"@id":"https:\/\/supreme-appliances.com\/#organization"},"potentialAction":[{"@type":"SearchAction","target":{"@type":"EntryPoint","urlTemplate":"https:\/\/supreme-appliances.com\/?s={search_term_string}"},"query-input":{"@type":"PropertyValueSpecification","valueRequired":true,"valueName":"search_term_string"}}],"inLanguage":"es"},{"@type":"Organization","@id":"https:\/\/supreme-appliances.com\/#organization","name":"Electrodom\u00e9sticos Supreme","url":"https:\/\/supreme-appliances.com\/","logo":{"@type":"ImageObject","inLanguage":"es","@id":"https:\/\/supreme-appliances.com\/#\/schema\/logo\/image\/","url":"https:\/\/supreme-appliances.com\/wp-content\/uploads\/2022\/08\/product.png","contentUrl":"https:\/\/supreme-appliances.com\/wp-content\/uploads\/2022\/08\/product.png","width":577,"height":433,"caption":"Supreme Appliances"},"image":{"@id":"https:\/\/supreme-appliances.com\/#\/schema\/logo\/image\/"},"sameAs":["https:\/\/www.facebook.com\/supremeappliancesllc\/"]}]}},"_links":{"self":[{"href":"https:\/\/supreme-appliances.com\/es\/wp-json\/wp\/v2\/product\/6945","targetHints":{"allow":["GET"]}}],"collection":[{"href":"https:\/\/supreme-appliances.com\/es\/wp-json\/wp\/v2\/product"}],"about":[{"href":"https:\/\/supreme-appliances.com\/es\/wp-json\/wp\/v2\/types\/product"}],"replies":[{"embeddable":true,"href":"https:\/\/supreme-appliances.com\/es\/wp-json\/wp\/v2\/comments?post=6945"}],"version-history":[{"count":1,"href":"https:\/\/supreme-appliances.com\/es\/wp-json\/wp\/v2\/product\/6945\/revisions"}],"predecessor-version":[{"id":6947,"href":"https:\/\/supreme-appliances.com\/es\/wp-json\/wp\/v2\/product\/6945\/revisions\/6947"}],"wp:featuredmedia":[{"embeddable":true,"href":"https:\/\/supreme-appliances.com\/es\/wp-json\/wp\/v2\/media\/6946"}],"wp:attachment":[{"href":"https:\/\/supreme-appliances.com\/es\/wp-json\/wp\/v2\/media?parent=6945"}],"wp:term":[{"taxonomy":"product_brand","embeddable":true,"href":"https:\/\/supreme-appliances.com\/es\/wp-json\/wp\/v2\/product_brand?post=6945"},{"taxonomy":"product_cat","embeddable":true,"href":"https:\/\/supreme-appliances.com\/es\/wp-json\/wp\/v2\/product_cat?post=6945"},{"taxonomy":"product_tag","embeddable":true,"href":"https:\/\/supreme-appliances.com\/es\/wp-json\/wp\/v2\/product_tag?post=6945"}],"curies":[{"name":"wp","href":"https:\/\/api.w.org\/{rel}","templated":true}]}}